{"id":118,"date":"2025-12-02T06:31:03","date_gmt":"2025-12-02T06:31:03","guid":{"rendered":"https:\/\/colordiamonds.co.uk\/terms-and-conditions-2\/"},"modified":"2025-12-02T06:31:03","modified_gmt":"2025-12-02T06:31:03","slug":"terms-and-conditions-2","status":"publish","type":"page","link":"https:\/\/colordiamonds.co.uk\/de\/terms-and-conditions-2\/","title":{"rendered":"Bedingungen und Konditionen"},"content":{"rendered":"<h1>COLORDIAMONDS LED-Rotlicht-Therapie-Gesichtsmaske Partnerprogramm Servicebedingungen<\/h1>\n<h2>Vereinbarung<\/h2>\n<p>Durch die Anmeldung als Partner im COLORDIAMONDS LED-Rotlichttherapie-Gesichtsmasken-Partnerprogramm (\u201cProgramm\u201d) erkl\u00e4ren Sie sich mit den folgenden Bedingungen einverstanden (\u201cNutzungsbedingungen\u201d).<\/p>\n<p><strong>COLORDIAMONDS LED-Rotlicht-Therapie-Gesichtsmaske<\/strong> beh\u00e4lt sich das Recht vor, die Servicebedingungen von Zeit zu Zeit ohne Vorank\u00fcndigung zu aktualisieren und zu \u00e4ndern. Alle neuen Funktionen, die das aktuelle Programm erweitern oder verbessern, einschlie\u00dflich der Ver\u00f6ffentlichung neuer Tools und Ressourcen, unterliegen den Nutzungsbedingungen. Die fortgesetzte Nutzung des Programms nach solchen \u00c4nderungen gilt als Ihre Zustimmung zu diesen \u00c4nderungen.<\/p>\n<p>Ein Versto\u00df gegen eine der nachstehenden Bedingungen f\u00fchrt zur K\u00fcndigung Ihres Kontos und zum Verfall aller ausstehenden Affiliate-Provisionszahlungen, die Sie w\u00e4hrend des Versto\u00dfes verdient haben. Sie erkl\u00e4ren sich damit einverstanden, das Partnerprogramm auf eigenes Risiko zu nutzen.<\/p>\n<h2>Konto Bedingungen<\/h2>\n<ul>\n<li>Sie m\u00fcssen 18 Jahre oder \u00e4lter sein, um an diesem Programm teilnehmen zu k\u00f6nnen.<\/li>\n<li>Um Mitglied zu werden, m\u00fcssen Sie in den Vereinigten Staaten leben.<\/li>\n<li>Sie m\u00fcssen ein Mensch sein. Durch \u201cBots\u201d oder andere automatisierte Methoden registrierte Konten sind nicht zul\u00e4ssig.<\/li>\n<li>Sie m\u00fcssen Ihren vollst\u00e4ndigen Namen, eine g\u00fcltige E-Mail-Adresse und alle anderen angeforderten Informationen angeben, um den Anmeldevorgang abzuschlie\u00dfen.<\/li>\n<li>Ihr Login darf nur von einer Person verwendet werden - ein Login, das von mehreren Personen gemeinsam genutzt wird, ist nicht zul\u00e4ssig.<\/li>\n<li>Sie sind daf\u00fcr verantwortlich, die Sicherheit Ihres Kontos und Ihres Passworts zu gew\u00e4hrleisten. <strong>COLORDIAMONDS LED-Rotlicht-Therapie-Gesichtsmaske<\/strong> kann und wird nicht f\u00fcr Verluste oder Sch\u00e4den haftbar gemacht werden, die sich aus der Nichteinhaltung dieser Sicherheitsverpflichtung durch Sie ergeben.<\/li>\n<li>Sie sind f\u00fcr alle Inhalte und Aktivit\u00e4ten verantwortlich, die \u00fcber Ihr Konto ver\u00f6ffentlicht werden.<\/li>\n<li>Eine nat\u00fcrliche oder juristische Person darf nicht mehr als ein Konto unterhalten.<\/li>\n<li>Sie d\u00fcrfen das Partnerprogramm nicht f\u00fcr illegale oder unbefugte Zwecke nutzen. Sie d\u00fcrfen bei der Nutzung des Dienstes keine Gesetze in Ihrer Gerichtsbarkeit verletzen (einschlie\u00dflich, aber nicht beschr\u00e4nkt auf Urheberrechtsgesetze).<\/li>\n<li>Sie d\u00fcrfen das Partnerprogramm nicht nutzen, um selbst Geld zu verdienen. <strong>COLORDIAMONDS LED-Rotlicht-Therapie-Gesichtsmaske<\/strong> Produktkonten.<\/li>\n<\/ul>\n<h2>Links\/Grafiken auf Ihrer Website, in Ihren E-Mails oder anderen Mitteilungen<\/h2>\n<p>Sobald Sie sich f\u00fcr das Partnerprogramm angemeldet haben, wird Ihnen ein eindeutiger Partnercode zugewiesen. Es ist Ihnen gestattet, Links, Banner oder andere Grafiken, die wir Ihnen mit Ihrem Partnercode zur Verf\u00fcgung stellen, auf Ihrer Website, in Ihren E-Mails oder in anderen Mitteilungen zu platzieren. Wir werden Ihnen Richtlinien, Linkstile und grafische Vorlagen zur Verf\u00fcgung stellen, die Sie bei der Verlinkung mit <strong>COLORDIAMONDS LED-Rotlicht-Therapie-Gesichtsmaske<\/strong>. Wir k\u00f6nnen das Design des Bildes jederzeit ohne Vorank\u00fcndigung \u00e4ndern, aber wir werden die Abmessungen der Bilder nicht ohne Vorank\u00fcndigung \u00e4ndern.<\/p>\n<p>Um eine genaue Nachverfolgung, Berichterstattung und Anrechnung von Vermittlungsgeb\u00fchren zu erm\u00f6glichen, stellen wir Ihnen spezielle Linkformate zur Verf\u00fcgung, die Sie f\u00fcr alle Links zwischen Ihrer Website und der <strong>COLORDIAMONDS LED-Rotlicht-Therapie-Gesichtsmaske<\/strong>. Sie m\u00fcssen sicherstellen, dass jeder der Links zwischen Ihrer Website und der <strong>COLORDIAMONDS LED-Rotlicht-Therapie-Gesichtsmaske<\/strong> solche speziellen Linkformate ordnungsgem\u00e4\u00df verwendet. Links zu den <strong>COLORDIAMONDS LED-Rotlicht-Therapie-Gesichtsmaske<\/strong> die gem\u00e4\u00df dieser Vereinbarung auf Ihrer Website platziert werden und die solche speziellen Linkformate ordnungsgem\u00e4\u00df verwenden, werden als \u201cspezielle Links\u201d bezeichnet. Sie erhalten Empfehlungsgeb\u00fchren nur in Bezug auf Verk\u00e4ufe auf einer <strong>COLORDIAMONDS LED-Rotlicht-Therapie-Gesichtsmaske<\/strong> Wir sind Ihnen gegen\u00fcber nicht haftbar, wenn Sie oder jemand, den Sie an uns verweisen, es vers\u00e4umen, spezielle Links zu verwenden oder Ihren Partnercode falsch einzugeben, auch nicht in dem Ma\u00dfe, dass ein solches Vers\u00e4umnis zu einer Verringerung der Betr\u00e4ge f\u00fchren kann, die Ihnen ansonsten gem\u00e4\u00df dieser Vereinbarung gezahlt w\u00fcrden.<\/p>\n<p>Partnerlinks sollten auf die Seite des beworbenen Produkts verweisen.<\/p>\n<h2>Vermittlungsgeb\u00fchren\/Provisionen und Bezahlung<\/h2>\n<p>Damit f\u00fcr einen Produktverkauf eine Empfehlungsgeb\u00fchr gezahlt werden kann, muss der Kunde \u00fcber einen speziellen Link auf Ihrer Website, in einer E-Mail oder in einer anderen Mitteilung auf Folgendes klicken <strong>https:\/\/colordiamonds.co.uk<\/strong> und w\u00e4hrend dieser Sitzung eine Bestellung f\u00fcr ein Produkt abschlie\u00dfen.<\/p>\n<p>Wir zahlen nur Provisionen f\u00fcr Links, die von unseren Systemen automatisch verfolgt und gemeldet werden. Wir zahlen keine Provisionen, wenn jemand sagt, dass er gekauft hat, oder jemand sagt, dass er einen Empfehlungscode eingegeben hat, wenn dies nicht von unserem System verfolgt wurde. Wir k\u00f6nnen nur Provisionen f\u00fcr Gesch\u00e4fte zahlen, die \u00fcber ordnungsgem\u00e4\u00df formatierte spezielle Links generiert wurden, die von unseren Systemen automatisch verfolgt wurden.<\/p>\n<p>Wir behalten uns das Recht vor, Provisionen, die durch betr\u00fcgerische, illegale oder \u00fcberm\u00e4\u00dfig aggressive, fragw\u00fcrdige Verkaufs- oder Marketingmethoden verdient wurden, zu disqualifizieren.<\/p>\n<p>Die Zahlungen beginnen erst, wenn Sie mehr als <strong>$20<\/strong> an Affiliate-Einkommen. Wenn Ihr Partnerkonto niemals die <strong>$20<\/strong> Schwelle \u00fcberschreiten, werden Ihre Provisionen nicht realisiert oder ausgezahlt. Wir sind nur f\u00fcr die Auszahlung von Konten verantwortlich, die den Schwellenwert \u00fcberschritten haben. <strong>$20<\/strong> Schwelle.<\/p>\n<h2>Identifizieren Sie sich als COLORDIAMONDS LED Red Light Therapy Face Mask Affiliate<\/h2>\n<p>Sie d\u00fcrfen keine Pressemitteilungen in Bezug auf diese Vereinbarung oder Ihre Teilnahme an dem Programm herausgeben; eine solche Handlung kann zu Ihrem Ausschluss aus dem Programm f\u00fchren. Dar\u00fcber hinaus d\u00fcrfen Sie die Beziehung zwischen uns und Ihnen in keiner Weise falsch darstellen oder versch\u00f6nern, behaupten, dass Sie unsere Produkte entwickeln, dass Sie Teil von <strong>COLORDIAMONDS LED-Rotlicht-Therapie-Gesichtsmaske<\/strong> oder eine Beziehung oder Zugeh\u00f6rigkeit zwischen uns und Ihnen oder einer anderen nat\u00fcrlichen oder juristischen Person auszudr\u00fccken oder anzudeuten, es sei denn, dies ist in dieser Vereinbarung ausdr\u00fccklich erlaubt (einschlie\u00dflich durch den Ausdruck oder die Andeutung, dass wir eine Wohlt\u00e4tigkeitsorganisation oder einen anderen Zweck unterst\u00fctzen, sponsern, bef\u00fcrworten oder mit Geld unterst\u00fctzen).<\/p>\n<p>Sie d\u00fcrfen keine Produkte \u00fcber Ihre Partnerlinks f\u00fcr Ihren eigenen Gebrauch kaufen. Solche K\u00e4ufe k\u00f6nnen (nach unserem alleinigen Ermessen) zur Einbehaltung von Empfehlungsgeb\u00fchren und\/oder zur Beendigung dieser Vereinbarung f\u00fchren.<\/p>\n<h2>Zahlungsplan<\/h2>\n<p>Solange Ihr derzeitiges Affiliate-Einkommen \u00fcber <strong>$20<\/strong>, werden Sie jeden Monat ausgezahlt. Wenn Sie nicht verdient haben <strong>$20<\/strong> seit Ihrer letzten Zahlung, zahlen wir Ihnen den n\u00e4chsten Monat, nachdem Sie die Schwelle \u00fcberschritten haben.<\/p>\n<h2>Definition des Kunden<\/h2>\n<p>Kunden, die \u00fcber dieses Programm Produkte kaufen, werden als unsere Kunden betrachtet. Dementsprechend gelten alle unsere Regeln, Richtlinien und Betriebsverfahren in Bezug auf Kundenbestellungen, Kundendienst und Produktverk\u00e4ufe f\u00fcr diese Kunden. Wir k\u00f6nnen unsere Richtlinien und Betriebsabl\u00e4ufe jederzeit \u00e4ndern. Beispielsweise legen wir die Preise f\u00fcr Produkte, die im Rahmen dieses Programms verkauft werden, in \u00dcbereinstimmung mit unseren eigenen Preisrichtlinien fest. Die Produktpreise und die Verf\u00fcgbarkeit k\u00f6nnen von Zeit zu Zeit variieren. Da sich Preis\u00e4nderungen auf Produkte auswirken k\u00f6nnen, die Sie auf Ihrer Website aufgef\u00fchrt haben, sollten Sie keine Produktpreise auf Ihrer Website anzeigen. Wir bem\u00fchen uns in angemessener Weise, genaue Informationen zu pr\u00e4sentieren, k\u00f6nnen jedoch nicht f\u00fcr die Verf\u00fcgbarkeit oder den Preis eines bestimmten Produkts garantieren.<\/p>\n<h2>Ihre Verantwortlichkeiten<\/h2>\n<p>Sie sind allein verantwortlich f\u00fcr die Entwicklung, den Betrieb und die Wartung Ihrer Website und f\u00fcr alle Materialien, die auf Ihrer Website erscheinen. Zum Beispiel sind Sie allein verantwortlich f\u00fcr:<\/p>\n<p>- Der technische Betrieb Ihres Standorts und aller damit verbundenen Ger\u00e4te<br \/>\n- Sicherstellen, dass die Anzeige spezieller Links auf Ihrer Website nicht gegen eine Vereinbarung zwischen Ihnen und einem Dritten verst\u00f6\u00dft (einschlie\u00dflich, aber nicht beschr\u00e4nkt auf Einschr\u00e4nkungen oder Anforderungen, die Ihnen von einem Dritten auferlegt werden, der Ihre Website hostet)<br \/>\n- Die Richtigkeit, Wahrheit und Angemessenheit der auf Ihrer Website ver\u00f6ffentlichten Materialien (einschlie\u00dflich, unter anderem, aller produktbezogenen Materialien und aller Informationen, die Sie in spezielle Links einbinden oder mit diesen verkn\u00fcpfen)<br \/>\n- Sicherstellung, dass das auf Ihrer Website ver\u00f6ffentlichte Material nicht gegen die Rechte Dritter verst\u00f6\u00dft (z. B. Urheberrechte, Marken, Datenschutz oder andere pers\u00f6nliche oder Eigentumsrechte)<br \/>\n- Sicherstellung, dass das auf Ihrer Website ver\u00f6ffentlichte Material nicht verleumderisch oder anderweitig illegal ist<br \/>\n- Sicherstellen, dass Ihre Website entweder durch eine Datenschutzrichtlinie oder auf andere Weise genau und angemessen offenlegt, wie Sie die von den Besuchern gesammelten Daten sammeln, verwenden, speichern und weitergeben, einschlie\u00dflich, wo zutreffend, dass Dritte (einschlie\u00dflich Werbetreibende) Inhalte und\/oder Werbung bereitstellen und Informationen direkt von den Besuchern sammeln k\u00f6nnen und Cookies auf den Browsern der Besucher platzieren oder erkennen k\u00f6nnen.<\/p>\n<h2>Einhaltung von Gesetzen<\/h2>\n<p>Als Bedingung f\u00fcr Ihre Teilnahme am Programm erkl\u00e4ren Sie sich damit einverstanden, dass Sie w\u00e4hrend Ihrer Teilnahme am Programm alle Gesetze, Verordnungen, Regeln, Vorschriften, Anordnungen, Lizenzen, Genehmigungen, Urteile, Entscheidungen oder andere Anforderungen von Regierungsbeh\u00f6rden, die f\u00fcr Sie zust\u00e4ndig sind, einhalten werden, unabh\u00e4ngig davon, ob diese Gesetze usw. jetzt in Kraft sind oder sp\u00e4ter in Kraft treten, w\u00e4hrend Sie Teilnehmer des Programms sind. Ohne die vorstehende Verpflichtung einzuschr\u00e4nken, erkl\u00e4ren Sie sich damit einverstanden, dass Sie als Bedingung f\u00fcr Ihre Teilnahme am Programm alle geltenden Gesetze (auf Bundes-, Landes- oder sonstiger Ebene) einhalten, die f\u00fcr Marketing-E-Mails gelten, einschlie\u00dflich, aber nicht beschr\u00e4nkt auf das CAN-SPAM-Gesetz von 2003 und alle anderen Anti-Spam-Gesetze.<\/p>\n<h2>Laufzeit des Abkommens und des Programms<\/h2>\n<p>Die Laufzeit dieser Vereinbarung beginnt mit der Annahme Ihres Programmantrags durch uns und endet, wenn sie von einer der beiden Parteien beendet wird. Sowohl Sie als auch wir k\u00f6nnen diese Vereinbarung jederzeit mit oder ohne Grund k\u00fcndigen, indem wir der jeweils anderen Partei eine schriftliche K\u00fcndigung zukommen lassen. Bei Beendigung dieser Vereinbarung, gleich aus welchem Grund, stellen Sie unverz\u00fcglich die Nutzung ein und entfernen von Ihrer Website alle Links zu <strong>https:\/\/colordiamonds.co.uk<\/strong>, und alle unsere Warenzeichen, Handelsaufmachungen und Logos sowie alle anderen Materialien, die Ihnen von uns oder in unserem Namen gem\u00e4\u00df diesem Vertrag oder in Verbindung mit dem Programm zur Verf\u00fcgung gestellt werden. <strong>COLORDIAMONDS LED-Rotlicht-Therapie-Gesichtsmaske<\/strong> beh\u00e4lt sich das Recht vor, das Programm jederzeit zu beenden. Bei Beendigung des Programms, <strong>COLORDIAMONDS LED-Rotlicht-Therapie-Gesichtsmaske<\/strong> zahlt alle ausstehenden Gewinne, die \u00fcber <strong>$20<\/strong>.<\/p>\n<h2>Terminierung<\/h2>\n<p><strong>COLORDIAMONDS LED-Rotlicht-Therapie-Gesichtsmaske<\/strong>, hat nach eigenem Ermessen das Recht, Ihr Konto zu sperren oder zu k\u00fcndigen und jegliche derzeitige oder k\u00fcnftige Nutzung des Programms zu verweigern, oder jede andere <strong>COLORDIAMONDS LED-Rotlicht-Therapie-Gesichtsmaske<\/strong> Dienstes, aus welchem Grund auch immer, jederzeit k\u00fcndigen. Eine solche Beendigung des Dienstes hat die Deaktivierung oder L\u00f6schung Ihres Kontos oder Ihres Zugangs zu Ihrem Konto zur Folge sowie den Verfall und den Verzicht auf alle potenziellen oder zu zahlenden Provisionen auf Ihrem Konto, wenn diese durch betr\u00fcgerische, illegale oder \u00fcberm\u00e4\u00dfig aggressive, fragw\u00fcrdige Verkaufs- oder Marketingmethoden verdient wurden. <strong>COLORDIAMONDS LED-Rotlicht-Therapie-Gesichtsmaske<\/strong> beh\u00e4lt sich das Recht vor, jederzeit und aus jedem Grund den Dienst an einer Person zu verweigern.<\/p>\n<h2>Verh\u00e4ltnis der Parteien zueinander<\/h2>\n<p>Sie und wir sind unabh\u00e4ngige Vertragspartner, und nichts in dieser Vereinbarung begr\u00fcndet eine Partnerschaft, ein Joint Venture, eine Agentur, eine Franchise, einen Handelsvertreter oder ein Arbeitsverh\u00e4ltnis zwischen den Parteien. Sie sind nicht befugt, Angebote oder Zusicherungen in unserem Namen zu machen oder anzunehmen. Sie werden keine Erkl\u00e4rungen abgeben, weder auf Ihrer Website noch anderweitig, die im Widerspruch zu den Bestimmungen dieses Abschnitts stehen k\u00f6nnten.<\/p>\n<h2>Beschr\u00e4nkung der Haftung<\/h2>\n<p>Wir sind nicht haftbar f\u00fcr indirekte, besondere oder Folgesch\u00e4den (oder Einnahme-, Gewinn- oder Datenverluste), die in Verbindung mit dieser Vereinbarung oder dem Programm entstehen, selbst wenn wir auf die M\u00f6glichkeit solcher Sch\u00e4den hingewiesen wurden. Dar\u00fcber hinaus \u00fcbersteigt unsere Gesamthaftung, die sich aus dieser Vereinbarung und dem Programm ergibt, nicht den Gesamtbetrag der an Sie im Rahmen dieser Vereinbarung gezahlten oder zu zahlenden Vermittlungsgeb\u00fchren.<\/p>\n<h2>Haftungsausschl\u00fcsse<\/h2>\n<p>Wir geben keine ausdr\u00fccklichen oder stillschweigenden Garantien oder Zusicherungen in Bezug auf das Programm oder \u00fcber das Programm verkaufte Produkte (einschlie\u00dflich, aber nicht beschr\u00e4nkt auf Garantien f\u00fcr die Eignung, Marktg\u00e4ngigkeit, Nichtverletzung von Rechten oder stillschweigende Garantien, die sich aus dem Verlauf der Leistung, dem Handel oder dem Handelsbrauch ergeben). Dar\u00fcber hinaus \u00fcbernehmen wir keine Gew\u00e4hr daf\u00fcr, dass der Betrieb des <strong>COLORDIAMONDS LED-Rotlicht-Therapie-Gesichtsmaske<\/strong> ununterbrochen oder fehlerfrei sein wird, und wir haften nicht f\u00fcr die Folgen von Unterbrechungen oder Fehlern.<\/p>\n<h2>Unabh\u00e4ngige Untersuchung<\/h2>\n<p>SIE BEST\u00c4TIGEN, DASS SIE DIESE VEREINBARUNG GELESEN HABEN UND MIT ALLEN DARIN ENTHALTENEN BEDINGUNGEN EINVERSTANDEN SIND. SIE NEHMEN ZUR KENNTNIS, DASS WIR JEDERZEIT (DIREKT ODER INDIREKT) UM KUNDENEMPFEHLUNGEN ZU BEDINGUNGEN WERBEN K\u00d6NNEN, DIE VON DEN IN DIESER VEREINBARUNG ENTHALTENEN ABWEICHEN K\u00d6NNEN, ODER WEBSITES BETREIBEN K\u00d6NNEN, DIE IHRER WEBSITE \u00c4HNLICH SIND ODER MIT IHR KONKURRIEREN. SIE HABEN DIE ZWECKM\u00c4SSIGKEIT DER TEILNAHME AM PROGRAMM UNABH\u00c4NGIG BEWERTET UND VERLASSEN SICH AUF KEINE ANDEREN ZUSICHERUNGEN, GARANTIEN ODER ERKL\u00c4RUNGEN ALS DIE IN DIESER VEREINBARUNG DARGELEGTEN.<\/p>\n<h2>Schiedsgerichtsbarkeit<\/h2>\n<p>Alle Streitigkeiten, die sich in irgendeiner Weise auf diese Vereinbarung (einschlie\u00dflich tats\u00e4chlicher oder angeblicher Verst\u00f6\u00dfe gegen diese Vereinbarung), auf Transaktionen oder Aktivit\u00e4ten im Rahmen dieser Vereinbarung oder auf Ihre Beziehung zu uns oder einem unserer verbundenen Unternehmen beziehen, werden einem vertraulichen Schiedsverfahren unterworfen, mit der Ausnahme, dass wir in dem Ma\u00dfe, in dem Sie unsere geistigen Eigentumsrechte in irgendeiner Weise verletzt haben oder zu verletzen drohen, Unterlassungs- oder andere angemessene Rechtsmittel bei einem einzelstaatlichen oder bundesstaatlichen Gericht (und Sie stimmen der nicht ausschlie\u00dflichen Zust\u00e4ndigkeit und dem Gerichtsstand bei diesen Gerichten zu) oder einem anderen zust\u00e4ndigen Gericht beantragen k\u00f6nnen. Das Schiedsgerichtsverfahren im Rahmen dieser Vereinbarung wird nach den zu diesem Zeitpunkt geltenden Regeln der American Arbitration Association durchgef\u00fchrt. Der Schiedsspruch des Schiedsrichters ist bindend und kann als Urteil bei jedem zust\u00e4ndigen Gericht eingetragen werden. Soweit dies nach geltendem Recht zul\u00e4ssig ist, darf kein Schiedsverfahren im Rahmen dieser Vereinbarung mit einem Schiedsverfahren verbunden werden, an dem eine andere Partei beteiligt ist, die dieser Vereinbarung unterliegt, sei es durch ein Gruppenschiedsverfahren oder auf andere Weise.<\/p>\n<h2>Sonstiges<\/h2>\n<p>Diese Vereinbarung unterliegt den Gesetzen der Vereinigten Staaten von Amerika, ohne Bezugnahme auf Regeln zur Rechtswahl. Sie d\u00fcrfen diese Vereinbarung nicht ohne unsere vorherige schriftliche Zustimmung abtreten, weder kraft Gesetzes noch anderweitig. Vorbehaltlich dieser Einschr\u00e4nkung ist diese Vereinbarung f\u00fcr die Parteien und ihre jeweiligen Rechtsnachfolger und Abtretungsempf\u00e4nger verbindlich, kommt ihnen zugute und ist ihnen gegen\u00fcber durchsetzbar. Das Vers\u00e4umnis unsererseits, die strikte Einhaltung einer Bestimmung dieser Vereinbarung durch Sie durchzusetzen, stellt keinen Verzicht auf unser Recht dar, diese Bestimmung oder eine andere Bestimmung dieser Vereinbarung nachtr\u00e4glich durchzusetzen.<\/p>\n<p>Das Scheitern der <strong>COLORDIAMONDS LED-Rotlicht-Therapie-Gesichtsmaske<\/strong> auf die Aus\u00fcbung oder Durchsetzung eines Rechts oder einer Bestimmung der Servicebedingungen zu verzichten, stellt keinen Verzicht auf dieses Recht oder diese Bestimmung dar. Die Nutzungsbedingungen stellen die gesamte Vereinbarung zwischen Ihnen und <strong>COLORDIAMONDS LED-Rotlicht-Therapie-Gesichtsmaske<\/strong> und regeln Ihre Nutzung des Dienstes und ersetzen alle fr\u00fcheren Vereinbarungen zwischen Ihnen und <strong>COLORDIAMONDS LED-Rotlicht-Therapie-Gesichtsmaske<\/strong> (einschlie\u00dflich, aber nicht beschr\u00e4nkt auf fr\u00fchere Versionen der Servicebedingungen).<\/p>","protected":false},"excerpt":{"rendered":"<p>COLORDIAMONDS LED Red Light Therapy Face Mask Affiliate Program Terms of Service Agreement By signing up to be an Affiliate in the COLORDIAMONDS LED Red Light Therapy Face Mask Affiliate Program (&#8220;Program&#8221;) you are agreeing to be bound by the following terms and conditions (&#8220;Terms of Service&#8221;). COLORDIAMONDS LED Red Light Therapy Face Mask reserves [&hellip;]<\/p>","protected":false},"author":1,"featured_media":0,"parent":0,"menu_order":0,"comment_status":"closed","ping_status":"closed","template":"","meta":{"_et_pb_use_builder":"","_et_pb_old_content":"","_et_gb_content_width":"","footnotes":""},"class_list":["post-118","page","type-page","status-publish","hentry"],"yoast_head":"<!-- This site is optimized with the Yoast SEO plugin v27.0 - https:\/\/yoast.com\/product\/yoast-seo-wordpress\/ -->\n<title>Terms and Conditions - LED Red Light Therapy Face Mask \u2013 FDA Cleared Skincare Device<\/title>\n<meta name=\"robots\" content=\"index, follow, max-snippet:-1, max-image-preview:large, max-video-preview:-1\" \/>\n<link rel=\"canonical\" href=\"https:\/\/colordiamonds.co.uk\/de\/terms-and-conditions-2\/\" \/>\n<meta property=\"og:locale\" content=\"de_DE\" \/>\n<meta property=\"og:type\" content=\"article\" \/>\n<meta property=\"og:title\" content=\"Terms and Conditions - LED Red Light Therapy Face Mask \u2013 FDA Cleared Skincare Device\" \/>\n<meta property=\"og:description\" content=\"COLORDIAMONDS LED Red Light Therapy Face Mask Affiliate Program Terms of Service Agreement By signing up to be an Affiliate in the COLORDIAMONDS LED Red Light Therapy Face Mask Affiliate Program (&#8220;Program&#8221;) you are agreeing to be bound by the following terms and conditions (&#8220;Terms of Service&#8221;). COLORDIAMONDS LED Red Light Therapy Face Mask reserves [&hellip;]\" \/>\n<meta property=\"og:url\" content=\"https:\/\/colordiamonds.co.uk\/de\/terms-and-conditions-2\/\" \/>\n<meta property=\"og:site_name\" content=\"COLORDIAMONDS LED Red Light Therapy Face Mask\" \/>\n<meta name=\"twitter:card\" content=\"summary_large_image\" \/>\n<meta name=\"twitter:label1\" content=\"Gesch\u00e4tzte Lesezeit\" \/>\n\t<meta name=\"twitter:data1\" content=\"12\u00a0Minuten\" \/>\n<script type=\"application\/ld+json\" class=\"yoast-schema-graph\">{\"@context\":\"https:\/\/schema.org\",\"@graph\":[{\"@type\":\"WebPage\",\"@id\":\"https:\/\/colordiamonds.co.uk\/terms-and-conditions-2\/\",\"url\":\"https:\/\/colordiamonds.co.uk\/terms-and-conditions-2\/\",\"name\":\"Terms and Conditions - LED Red Light Therapy Face Mask \u2013 FDA Cleared Skincare Device\",\"isPartOf\":{\"@id\":\"https:\/\/colordiamonds.co.uk\/#website\"},\"datePublished\":\"2025-12-02T06:31:03+00:00\",\"breadcrumb\":{\"@id\":\"https:\/\/colordiamonds.co.uk\/terms-and-conditions-2\/#breadcrumb\"},\"inLanguage\":\"de\",\"potentialAction\":[{\"@type\":\"ReadAction\",\"target\":[\"https:\/\/colordiamonds.co.uk\/terms-and-conditions-2\/\"]}]},{\"@type\":\"BreadcrumbList\",\"@id\":\"https:\/\/colordiamonds.co.uk\/terms-and-conditions-2\/#breadcrumb\",\"itemListElement\":[{\"@type\":\"ListItem\",\"position\":1,\"name\":\"Home\",\"item\":\"https:\/\/colordiamonds.co.uk\/\"},{\"@type\":\"ListItem\",\"position\":2,\"name\":\"Terms and Conditions\"}]},{\"@type\":\"WebSite\",\"@id\":\"https:\/\/colordiamonds.co.uk\/#website\",\"url\":\"https:\/\/colordiamonds.co.uk\/\",\"name\":\"COLORDIAMONDS LED Red Light Therapy Face Mask\",\"description\":\"LED Red Light Therapy Face Mask \u2013 FDA Cleared Skincare Device\",\"alternateName\":\"COLORDIAMONDS LED Red Light Therapy Face Mask\",\"potentialAction\":[{\"@type\":\"SearchAction\",\"target\":{\"@type\":\"EntryPoint\",\"urlTemplate\":\"https:\/\/colordiamonds.co.uk\/?s={search_term_string}\"},\"query-input\":{\"@type\":\"PropertyValueSpecification\",\"valueRequired\":true,\"valueName\":\"search_term_string\"}}],\"inLanguage\":\"de\"}]}<\/script>\n<!-- \/ Yoast SEO plugin. -->","yoast_head_json":{"title":"Allgemeine Gesch\u00e4ftsbedingungen - LED-Rotlichttherapie-Gesichtsmaske - FDA-gepr\u00fcftes Hautpflegeger\u00e4t","robots":{"index":"index","follow":"follow","max-snippet":"max-snippet:-1","max-image-preview":"max-image-preview:large","max-video-preview":"max-video-preview:-1"},"canonical":"https:\/\/colordiamonds.co.uk\/de\/terms-and-conditions-2\/","og_locale":"de_DE","og_type":"article","og_title":"Terms and Conditions - LED Red Light Therapy Face Mask \u2013 FDA Cleared Skincare Device","og_description":"COLORDIAMONDS LED Red Light Therapy Face Mask Affiliate Program Terms of Service Agreement By signing up to be an Affiliate in the COLORDIAMONDS LED Red Light Therapy Face Mask Affiliate Program (&#8220;Program&#8221;) you are agreeing to be bound by the following terms and conditions (&#8220;Terms of Service&#8221;). COLORDIAMONDS LED Red Light Therapy Face Mask reserves [&hellip;]","og_url":"https:\/\/colordiamonds.co.uk\/de\/terms-and-conditions-2\/","og_site_name":"COLORDIAMONDS LED Red Light Therapy Face Mask","twitter_card":"summary_large_image","twitter_misc":{"Gesch\u00e4tzte Lesezeit":"12\u00a0Minuten"},"schema":{"@context":"https:\/\/schema.org","@graph":[{"@type":"WebPage","@id":"https:\/\/colordiamonds.co.uk\/terms-and-conditions-2\/","url":"https:\/\/colordiamonds.co.uk\/terms-and-conditions-2\/","name":"Allgemeine Gesch\u00e4ftsbedingungen - LED-Rotlichttherapie-Gesichtsmaske - FDA-gepr\u00fcftes Hautpflegeger\u00e4t","isPartOf":{"@id":"https:\/\/colordiamonds.co.uk\/#website"},"datePublished":"2025-12-02T06:31:03+00:00","breadcrumb":{"@id":"https:\/\/colordiamonds.co.uk\/terms-and-conditions-2\/#breadcrumb"},"inLanguage":"de","potentialAction":[{"@type":"ReadAction","target":["https:\/\/colordiamonds.co.uk\/terms-and-conditions-2\/"]}]},{"@type":"BreadcrumbList","@id":"https:\/\/colordiamonds.co.uk\/terms-and-conditions-2\/#breadcrumb","itemListElement":[{"@type":"ListItem","position":1,"name":"Home","item":"https:\/\/colordiamonds.co.uk\/"},{"@type":"ListItem","position":2,"name":"Terms and Conditions"}]},{"@type":"WebSite","@id":"https:\/\/colordiamonds.co.uk\/#website","url":"https:\/\/colordiamonds.co.uk\/","name":"COLORDIAMONDS LED-Rotlicht-Therapie-Gesichtsmaske","description":"LED-Rotlichttherapie-Gesichtsmaske - FDA-gepr\u00fcftes Hautpflegeger\u00e4t","alternateName":"COLORDIAMONDS LED Red Light Therapy Face Mask","potentialAction":[{"@type":"SearchAction","target":{"@type":"EntryPoint","urlTemplate":"https:\/\/colordiamonds.co.uk\/?s={search_term_string}"},"query-input":{"@type":"PropertyValueSpecification","valueRequired":true,"valueName":"search_term_string"}}],"inLanguage":"de"}]}},"_hostinger_reach_plugin_has_subscription_block":false,"_hostinger_reach_plugin_is_elementor":false,"_links":{"self":[{"href":"https:\/\/colordiamonds.co.uk\/de\/wp-json\/wp\/v2\/pages\/118","targetHints":{"allow":["GET"]}}],"collection":[{"href":"https:\/\/colordiamonds.co.uk\/de\/wp-json\/wp\/v2\/pages"}],"about":[{"href":"https:\/\/colordiamonds.co.uk\/de\/wp-json\/wp\/v2\/types\/page"}],"author":[{"embeddable":true,"href":"https:\/\/colordiamonds.co.uk\/de\/wp-json\/wp\/v2\/users\/1"}],"replies":[{"embeddable":true,"href":"https:\/\/colordiamonds.co.uk\/de\/wp-json\/wp\/v2\/comments?post=118"}],"version-history":[{"count":0,"href":"https:\/\/colordiamonds.co.uk\/de\/wp-json\/wp\/v2\/pages\/118\/revisions"}],"wp:attachment":[{"href":"https:\/\/colordiamonds.co.uk\/de\/wp-json\/wp\/v2\/media?parent=118"}],"curies":[{"name":"wp","href":"https:\/\/api.w.org\/{rel}","templated":true}]}}