{"id":3,"date":"2025-11-25T10:17:47","date_gmt":"2025-11-25T10:17:47","guid":{"rendered":"https:\/\/colordiamonds.co.uk\/?page_id=3"},"modified":"2026-01-21T01:47:41","modified_gmt":"2026-01-21T01:47:41","slug":"privacy-policy","status":"publish","type":"page","link":"https:\/\/colordiamonds.co.uk\/de\/privacy-policy\/","title":{"rendered":"Datenschutzbestimmungen"},"content":{"rendered":"<p>[et_pb_section fb_built=&#8221;1&#8243; fullwidth=&#8221;on&#8221; _builder_version=&#8221;4.23.1&#8243; _module_preset=&#8221;default&#8221; global_colors_info=&#8221;{}&#8221;][et_pb_fullwidth_code _builder_version=&#8221;4.23.1&#8243; _module_preset=&#8221;default&#8221; global_colors_info=&#8221;{}&#8221;]<!DOCTYPE html><!-- [et_pb_line_break_holder] --><html lang=\"en\"><!-- [et_pb_line_break_holder] --><head><!-- [et_pb_line_break_holder] -->    <meta charset=\"UTF-8\"><!-- [et_pb_line_break_holder] -->    <meta name=\"viewport\" content=\"width=device-width, initial-scale=1.0\"><!-- [et_pb_line_break_holder] -->    <title>Datenschutzrichtlinie | COLORDIAMONDS<\/title><!-- [et_pb_line_break_holder] -->    <script src=\"https:\/\/cdn.tailwindcss.com\"><\/script><!-- [et_pb_line_break_holder] -->    <link href=\"https:\/\/fonts.googleapis.com\/css2?family=Inter:wght@300;400;600;700;900&#038;display=swap\" rel=\"stylesheet\"><!-- [et_pb_line_break_holder] -->    <\/p>\n<style><!-- [et_pb_line_break_holder] -->        :root {<!-- [et_pb_line_break_holder] -->            --primary: #9a4848;<!-- [et_pb_line_break_holder] -->            --text-main: #1f2937;<!-- [et_pb_line_break_holder] -->        }<!-- [et_pb_line_break_holder] -->        body { font-family: 'Inter', sans-serif; }<!-- [et_pb_line_break_holder] -->    <\/style>\n<p><!-- [et_pb_line_break_holder] --><\/head><!-- [et_pb_line_break_holder] --><body class=\"bg-white text-gray-800 antialiased\"><!-- [et_pb_line_break_holder] --><!-- [et_pb_line_break_holder] -->    <!-- Simple Brand Header --><!-- [et_pb_line_break_holder] -->    <\/p>\n<header class=\"border-b border-gray-100 py-6\"><!-- [et_pb_line_break_holder] -->        <\/p>\n<div class=\"max-w-4xl mx-auto px-4 text-center\"><!-- [et_pb_line_break_holder] -->            <a href=\"index.html\" class=\"text-2xl font-black text-gray-900 tracking-tighter hover:opacity-80 transition\"><!-- [et_pb_line_break_holder] -->                FARBE<span style=\"color: var(--primary);\">DIAMONDS<\/span><!-- [et_pb_line_break_holder] -->            <\/a><!-- [et_pb_line_break_holder] -->        <\/div>\n<p><!-- [et_pb_line_break_holder] -->    <\/header>\n<p><!-- [et_pb_line_break_holder] --><!-- [et_pb_line_break_holder] -->    <!-- Privacy Policy Content --><!-- [et_pb_line_break_holder] -->    <main class=\"max-w-3xl mx-auto px-4 py-16\"><!-- [et_pb_line_break_holder] -->        <!-- [et_pb_line_break_holder] -->        <\/p>\n<h1 class=\"text-3xl font-bold text-gray-900 mb-8 text-center\">Datenschutzbestimmungen<\/h1>\n<p><!-- [et_pb_line_break_holder] --><!-- [et_pb_line_break_holder] -->        <\/p>\n<div class=\"prose prose-slate max-w-none text-gray-600 leading-relaxed space-y-8\"><!-- [et_pb_line_break_holder] -->            <!-- [et_pb_line_break_holder] -->            <pee class=\"text-sm text-gray-400\">Zuletzt aktualisiert: November 2025<\/pee><!-- [et_pb_line_break_holder] --><!-- [et_pb_line_break_holder] -->            <!-- Section 1 --><!-- [et_pb_line_break_holder] -->            <\/p>\n<div><!-- [et_pb_line_break_holder] -->                <pee class=\"font-medium text-lg text-gray-900\">1. Einleitung<\/pee><!-- [et_pb_line_break_holder] -->                <pee class=\"mt-2\"><!-- [et_pb_line_break_holder] -->                    Wir bei COLORDIAMONDS verpflichten uns, Ihre Privatsph\u00e4re zu sch\u00fctzen. In dieser Datenschutzrichtlinie wird erl\u00e4utert, wie wir Ihre Daten erfassen, verwenden, weitergeben und sch\u00fctzen, wenn Sie unsere Website (colordiamonds.com) besuchen oder einen Kauf t\u00e4tigen. Indem Sie unseren Service nutzen, erkl\u00e4ren Sie sich mit der Erfassung und Nutzung von Informationen in \u00dcbereinstimmung mit dieser Richtlinie einverstanden.<!-- [et_pb_line_break_holder] -->                <\/pee><!-- [et_pb_line_break_holder] -->            <\/div>\n<p><!-- [et_pb_line_break_holder] --><!-- [et_pb_line_break_holder] -->            <!-- Section 2 --><!-- [et_pb_line_break_holder] -->            <\/p>\n<div><!-- [et_pb_line_break_holder] -->                <pee class=\"font-medium text-lg text-gray-900\">2. Informationen, die wir sammeln<\/pee><!-- [et_pb_line_break_holder] -->                <pee class=\"mt-2\"><!-- [et_pb_line_break_holder] -->                    Wir sammeln Informationen, die Sie uns freiwillig zur Verf\u00fcgung stellen, wenn Sie sich auf der Website registrieren, eine Bestellung aufgeben, unseren Newsletter abonnieren oder den Kundendienst kontaktieren. Diese Informationen k\u00f6nnen umfassen:<!-- [et_pb_line_break_holder] -->                <\/pee><!-- [et_pb_line_break_holder] -->                <\/p>\n<ul class=\"list-disc pl-5 mt-2 space-y-1\"><!-- [et_pb_line_break_holder] -->                    <\/p>\n<li>Pers\u00f6nliche Angaben (Name, E-Mail-Adresse, Telefonnummer).<\/li>\n<p><!-- [et_pb_line_break_holder] -->                    <\/p>\n<li>Liefer- und Rechnungsadresse.<\/li>\n<p><!-- [et_pb_line_break_holder] -->                    <\/p>\n<li>Zahlungsinformationen (die sicher von externen Zahlungsdienstleistern verarbeitet werden).<\/li>\n<p><!-- [et_pb_line_break_holder] -->                <\/ul>\n<p><!-- [et_pb_line_break_holder] -->            <\/div>\n<p><!-- [et_pb_line_break_holder] --><!-- [et_pb_line_break_holder] -->            <!-- Section 3 --><!-- [et_pb_line_break_holder] -->            <\/p>\n<div><!-- [et_pb_line_break_holder] -->                <pee class=\"font-medium text-lg text-gray-900\">3. Wie wir Ihre Informationen verwenden<\/pee><!-- [et_pb_line_break_holder] -->                <pee class=\"mt-2\"><!-- [et_pb_line_break_holder] -->                    Wir verwenden die von uns gesammelten Informationen, um:<!-- [et_pb_line_break_holder] -->                <\/pee><!-- [et_pb_line_break_holder] -->                <\/p>\n<ul class=\"list-disc pl-5 mt-2 space-y-1\"><!-- [et_pb_line_break_holder] -->                    <\/p>\n<li>Bearbeitung und Ausf\u00fchrung Ihrer Bestellungen, einschlie\u00dflich des Versands von E-Mails \u00fcber den Status Ihrer Bestellung.<\/li>\n<p><!-- [et_pb_line_break_holder] -->                    <\/p>\n<li>Mit Ihnen \u00fcber Aktualisierungen, Angebote und Werbeaktionen zu kommunizieren (wenn Sie sich daf\u00fcr entschieden haben).<\/li>\n<p><!-- [et_pb_line_break_holder] -->                    <\/p>\n<li>Verbesserung unserer Website, unserer Produkte und unseres Kundendienstes.<\/li>\n<p><!-- [et_pb_line_break_holder] -->                    <\/p>\n<li>Betrug aufdecken und verhindern.<\/li>\n<p><!-- [et_pb_line_break_holder] -->                <\/ul>\n<p><!-- [et_pb_line_break_holder] -->            <\/div>\n<p><!-- [et_pb_line_break_holder] --><!-- [et_pb_line_break_holder] -->            <!-- Section 4 --><!-- [et_pb_line_break_holder] -->            <\/p>\n<div><!-- [et_pb_line_break_holder] -->                <pee class=\"font-medium text-lg text-gray-900\">4. Cookies und Tracking-Technologien<\/pee><!-- [et_pb_line_break_holder] -->                <pee class=\"mt-2\"><!-- [et_pb_line_break_holder] -->                    Wir verwenden Cookies und \u00e4hnliche Tracking-Technologien, um die Aktivit\u00e4ten in unserem Dienst zu verfolgen und bestimmte Informationen zu speichern. Cookies sind Dateien mit einer kleinen Menge an Daten, die eine anonyme eindeutige Kennung enthalten k\u00f6nnen. Sie k\u00f6nnen Ihren Browser so einstellen, dass er alle Cookies ablehnt oder anzeigt, wenn ein Cookie gesendet wird. Wenn Sie jedoch keine Cookies akzeptieren, k\u00f6nnen Sie m\u00f6glicherweise einige Teile unseres Dienstes nicht nutzen (z. B. den Einkaufswagen).<!-- [et_pb_line_break_holder] -->                <\/pee><!-- [et_pb_line_break_holder] -->            <\/div>\n<p><!-- [et_pb_line_break_holder] --><!-- [et_pb_line_break_holder] -->            <!-- Section 5 --><!-- [et_pb_line_break_holder] -->            <\/p>\n<div><!-- [et_pb_line_break_holder] -->                <pee class=\"font-medium text-lg text-gray-900\">5. Offenlegung gegen\u00fcber Dritten<\/pee><!-- [et_pb_line_break_holder] -->                <pee class=\"mt-2\"><!-- [et_pb_line_break_holder] -->                    Wir verkaufen, tauschen oder \u00fcbertragen Ihre personenbezogenen Daten nicht an Dritte, es sei denn, wir informieren die Nutzer im Voraus dar\u00fcber. Dies gilt nicht f\u00fcr Website-Hosting-Partner und andere Parteien, die uns beim Betrieb unserer Website, bei der Durchf\u00fchrung unserer Gesch\u00e4fte oder bei der Betreuung unserer Nutzer unterst\u00fctzen, solange diese Parteien sich verpflichten, diese Informationen vertraulich zu behandeln.<!-- [et_pb_line_break_holder] -->                <\/pee><!-- [et_pb_line_break_holder] -->            <\/div>\n<p><!-- [et_pb_line_break_holder] --><!-- [et_pb_line_break_holder] -->            <!-- Section 6 --><!-- [et_pb_line_break_holder] -->            <\/p>\n<div><!-- [et_pb_line_break_holder] -->                <pee class=\"font-medium text-lg text-gray-900\">6. Datensicherheit<\/pee><!-- [et_pb_line_break_holder] -->                <pee class=\"mt-2\"><!-- [et_pb_line_break_holder] -->                    Wir setzen eine Reihe von Sicherheitsma\u00dfnahmen ein, um die Sicherheit Ihrer pers\u00f6nlichen Daten zu gew\u00e4hrleisten, wenn Sie eine Bestellung aufgeben oder Ihre pers\u00f6nlichen Daten eingeben, \u00fcbermitteln oder abrufen. Alle sensiblen Informationen\/Kreditinformationen, die Sie uns zur Verf\u00fcgung stellen, werden \u00fcber die Secure Socket Layer (SSL)-Technologie \u00fcbertragen und dann in der Datenbank unseres Zahlungsgateway-Anbieters verschl\u00fcsselt, so dass nur diejenigen darauf zugreifen k\u00f6nnen, die \u00fcber besondere Zugangsrechte zu diesen Systemen verf\u00fcgen.<!-- [et_pb_line_break_holder] -->                <\/pee><!-- [et_pb_line_break_holder] -->            <\/div>\n<p><!-- [et_pb_line_break_holder] --><!-- [et_pb_line_break_holder] -->            <!-- Section 7 --><!-- [et_pb_line_break_holder] -->            <\/p>\n<div><!-- [et_pb_line_break_holder] -->                <pee class=\"font-medium text-lg text-gray-900\">7. Deine Rechte<\/pee><!-- [et_pb_line_break_holder] -->                <pee class=\"mt-2\"><!-- [et_pb_line_break_holder] -->                    Je nach Ihrem Wohnort haben Sie das Recht auf Zugang, Berichtigung oder L\u00f6schung der personenbezogenen Daten, die wir \u00fcber Sie gespeichert haben. Wenn Sie diese Rechte aus\u00fcben m\u00f6chten, kontaktieren Sie uns bitte unter der unten angegebenen E-Mail-Adresse.<!-- [et_pb_line_break_holder] -->                <\/pee><!-- [et_pb_line_break_holder] -->            <\/div>\n<p><!-- [et_pb_line_break_holder] --><!-- [et_pb_line_break_holder] -->            <!-- Section 8 --><!-- [et_pb_line_break_holder] -->            <\/p>\n<div><!-- [et_pb_line_break_holder] -->                <pee class=\"font-medium text-lg text-gray-900\">8. \u00c4nderungen an dieser Datenschutzrichtlinie<\/pee><!-- [et_pb_line_break_holder] -->                <pee class=\"mt-2\"><!-- [et_pb_line_break_holder] -->                    Wir k\u00f6nnen unsere Datenschutzrichtlinie von Zeit zu Zeit aktualisieren. Wir werden Sie \u00fcber alle \u00c4nderungen informieren, indem wir die neue Datenschutzrichtlinie auf dieser Seite ver\u00f6ffentlichen. Wir empfehlen Ihnen, diese Datenschutzrichtlinie regelm\u00e4\u00dfig auf \u00c4nderungen zu \u00fcberpr\u00fcfen.<!-- [et_pb_line_break_holder] -->                <\/pee><!-- [et_pb_line_break_holder] -->            <\/div>\n<p><!-- [et_pb_line_break_holder] --><!-- [et_pb_line_break_holder] -->            <!-- Section 9 --><!-- [et_pb_line_break_holder] -->            <\/p>\n<div><!-- [et_pb_line_break_holder] -->                <pee class=\"font-medium text-lg text-gray-900\">9. Kontakt<\/pee><!-- [et_pb_line_break_holder] -->                <pee class=\"mt-2\"><!-- [et_pb_line_break_holder] -->                    Wenn Sie Fragen zu dieser Datenschutzrichtlinie haben, wenden Sie sich bitte per E-Mail an uns: <strong>info@colordiamonds.co.uk<\/strong>.<!-- [et_pb_line_break_holder] -->                <\/pee><!-- [et_pb_line_break_holder] -->            <\/div>\n<p><!-- [et_pb_line_break_holder] --><!-- [et_pb_line_break_holder] -->        <\/div>\n<p><!-- [et_pb_line_break_holder] -->    <\/main><!-- [et_pb_line_break_holder] --><!-- [et_pb_line_break_holder] -->    <!-- Simple Footer --><!-- [et_pb_line_break_holder] -->    <\/p>\n<footer class=\"border-t border-gray-100 py-8 mt-8\"><!-- [et_pb_line_break_holder] -->        <\/p>\n<div class=\"max-w-4xl mx-auto px-4 text-center text-sm text-gray-400\"><!-- [et_pb_line_break_holder] -->            \u00a9 2025 COLORDIAMONDS.<!-- [et_pb_line_break_holder] -->        <\/div>\n<p><!-- [et_pb_line_break_holder] -->    <\/footer>\n<p><!-- [et_pb_line_break_holder] --><!-- [et_pb_line_break_holder] --><\/body><!-- [et_pb_line_break_holder] --><\/html>[\/et_pb_fullwidth_code][\/et_pb_section]<\/p>","protected":false},"excerpt":{"rendered":"","protected":false},"author":1,"featured_media":0,"parent":0,"menu_order":0,"comment_status":"closed","ping_status":"open","template":"","meta":{"_et_pb_use_builder":"on","_et_pb_old_content":"<!-- wp:heading -->\n<h2 class=\"wp-block-heading\">Who we are<\/h2>\n<!-- \/wp:heading -->\n<!-- wp:paragraph -->\n<p><strong class=\"privacy-policy-tutorial\">Suggested text: <\/strong>Our website address is: https:\/\/colordiamonds.co.uk.<\/p>\n<!-- \/wp:paragraph -->\n<!-- wp:heading -->\n<h2 class=\"wp-block-heading\">Comments<\/h2>\n<!-- \/wp:heading -->\n<!-- wp:paragraph -->\n<p><strong class=\"privacy-policy-tutorial\">Suggested text: <\/strong>When visitors leave comments on the site we collect the data shown in the comments form, and also the visitor&#8217;s IP address and browser user agent string to help spam detection.<\/p>\n<!-- \/wp:paragraph -->\n<!-- wp:paragraph -->\n<p>An anonymized string created from your email address (also called a hash) may be provided to the Gravatar service to see if you are using it. The Gravatar service privacy policy is available here: https:\/\/automattic.com\/privacy\/. After approval of your comment, your profile picture is visible to the public in the context of your comment.<\/p>\n<!-- \/wp:paragraph -->\n<!-- wp:heading -->\n<h2 class=\"wp-block-heading\">Media<\/h2>\n<!-- \/wp:heading -->\n<!-- wp:paragraph -->\n<p><strong class=\"privacy-policy-tutorial\">Suggested text: <\/strong>If you upload images to the website, you should avoid uploading images with embedded location data (EXIF GPS) included. Visitors to the website can download and extract any location data from images on the website.<\/p>\n<!-- \/wp:paragraph -->\n<!-- wp:heading -->\n<h2 class=\"wp-block-heading\">Cookies<\/h2>\n<!-- \/wp:heading -->\n<!-- wp:paragraph -->\n<p><strong class=\"privacy-policy-tutorial\">Suggested text: <\/strong>If you leave a comment on our site you may opt-in to saving your name, email address and website in cookies. These are for your convenience so that you do not have to fill in your details again when you leave another comment. These cookies will last for one year.<\/p>\n<!-- \/wp:paragraph -->\n<!-- wp:paragraph -->\n<p>If you visit our login page, we will set a temporary cookie to determine if your browser accepts cookies. This cookie contains no personal data and is discarded when you close your browser.<\/p>\n<!-- \/wp:paragraph -->\n<!-- wp:paragraph -->\n<p>When you log in, we will also set up several cookies to save your login information and your screen display choices. Login cookies last for two days, and screen options cookies last for a year. If you select &quot;Remember Me&quot;, your login will persist for two weeks. If you log out of your account, the login cookies will be removed.<\/p>\n<!-- \/wp:paragraph -->\n<!-- wp:paragraph -->\n<p>If you edit or publish an article, an additional cookie will be saved in your browser. This cookie includes no personal data and simply indicates the post ID of the article you just edited. It expires after 1 day.<\/p>\n<!-- \/wp:paragraph -->\n<!-- wp:heading -->\n<h2 class=\"wp-block-heading\">Embedded content from other websites<\/h2>\n<!-- \/wp:heading -->\n<!-- wp:paragraph -->\n<p><strong class=\"privacy-policy-tutorial\">Suggested text: <\/strong>Articles on this site may include embedded content (e.g. videos, images, articles, etc.). Embedded content from other websites behaves in the exact same way as if the visitor has visited the other website.<\/p>\n<!-- \/wp:paragraph -->\n<!-- wp:paragraph -->\n<p>These websites may collect data about you, use cookies, embed additional third-party tracking, and monitor your interaction with that embedded content, including tracking your interaction with the embedded content if you have an account and are logged in to that website.<\/p>\n<!-- \/wp:paragraph -->\n<!-- wp:heading -->\n<h2 class=\"wp-block-heading\">Who we share your data with<\/h2>\n<!-- \/wp:heading -->\n<!-- wp:paragraph -->\n<p><strong class=\"privacy-policy-tutorial\">Suggested text: <\/strong>If you request a password reset, your IP address will be included in the reset email.<\/p>\n<!-- \/wp:paragraph -->\n<!-- wp:heading -->\n<h2 class=\"wp-block-heading\">How long we retain your data<\/h2>\n<!-- \/wp:heading -->\n<!-- wp:paragraph -->\n<p><strong class=\"privacy-policy-tutorial\">Suggested text: <\/strong>If you leave a comment, the comment and its metadata are retained indefinitely. This is so we can recognize and approve any follow-up comments automatically instead of holding them in a moderation queue.<\/p>\n<!-- \/wp:paragraph -->\n<!-- wp:paragraph -->\n<p>For users that register on our website (if any), we also store the personal information they provide in their user profile. All users can see, edit, or delete their personal information at any time (except they cannot change their username). Website administrators can also see and edit that information.<\/p>\n<!-- \/wp:paragraph -->\n<!-- wp:heading -->\n<h2 class=\"wp-block-heading\">What rights you have over your data<\/h2>\n<!-- \/wp:heading -->\n<!-- wp:paragraph -->\n<p><strong class=\"privacy-policy-tutorial\">Suggested text: <\/strong>If you have an account on this site, or have left comments, you can request to receive an exported file of the personal data we hold about you, including any data you have provided to us. You can also request that we erase any personal data we hold about you. This does not include any data we are obliged to keep for administrative, legal, or security purposes.<\/p>\n<!-- \/wp:paragraph -->\n<!-- wp:heading -->\n<h2 class=\"wp-block-heading\">Where your data is sent<\/h2>\n<!-- \/wp:heading -->\n<!-- wp:paragraph -->\n<p><strong class=\"privacy-policy-tutorial\">Suggested text: <\/strong>Visitor comments may be checked through an automated spam detection service.<\/p>\n<!-- \/wp:paragraph -->\n","_et_gb_content_width":"","footnotes":""},"class_list":["post-3","page","type-page","status-publish","hentry"],"yoast_head":"<!-- This site is optimized with the Yoast SEO plugin v27.0 - https:\/\/yoast.com\/product\/yoast-seo-wordpress\/ -->\n<title>Privacy Policy - LED Red Light Therapy Face Mask \u2013 FDA Cleared Skincare Device<\/title>\n<meta name=\"robots\" content=\"index, follow, max-snippet:-1, max-image-preview:large, max-video-preview:-1\" \/>\n<link rel=\"canonical\" href=\"https:\/\/colordiamonds.co.uk\/de\/privacy-policy\/\" \/>\n<meta property=\"og:locale\" content=\"de_DE\" \/>\n<meta property=\"og:type\" content=\"article\" \/>\n<meta property=\"og:title\" content=\"Privacy Policy - LED Red Light Therapy Face Mask \u2013 FDA Cleared Skincare Device\" \/>\n<meta property=\"og:url\" content=\"https:\/\/colordiamonds.co.uk\/de\/privacy-policy\/\" \/>\n<meta property=\"og:site_name\" content=\"COLORDIAMONDS LED Red Light Therapy Face Mask\" \/>\n<meta property=\"article:modified_time\" content=\"2026-01-21T01:47:41+00:00\" \/>\n<meta name=\"twitter:card\" content=\"summary_large_image\" \/>\n<meta name=\"twitter:label1\" content=\"Gesch\u00e4tzte Lesezeit\" \/>\n\t<meta name=\"twitter:data1\" content=\"3\u00a0Minuten\" \/>\n<script type=\"application\/ld+json\" class=\"yoast-schema-graph\">{\"@context\":\"https:\/\/schema.org\",\"@graph\":[{\"@type\":\"WebPage\",\"@id\":\"https:\/\/colordiamonds.co.uk\/privacy-policy\/\",\"url\":\"https:\/\/colordiamonds.co.uk\/privacy-policy\/\",\"name\":\"Privacy Policy - LED Red Light Therapy Face Mask \u2013 FDA Cleared Skincare Device\",\"isPartOf\":{\"@id\":\"https:\/\/colordiamonds.co.uk\/#website\"},\"datePublished\":\"2025-11-25T10:17:47+00:00\",\"dateModified\":\"2026-01-21T01:47:41+00:00\",\"breadcrumb\":{\"@id\":\"https:\/\/colordiamonds.co.uk\/privacy-policy\/#breadcrumb\"},\"inLanguage\":\"de\",\"potentialAction\":[{\"@type\":\"ReadAction\",\"target\":[\"https:\/\/colordiamonds.co.uk\/privacy-policy\/\"]}]},{\"@type\":\"BreadcrumbList\",\"@id\":\"https:\/\/colordiamonds.co.uk\/privacy-policy\/#breadcrumb\",\"itemListElement\":[{\"@type\":\"ListItem\",\"position\":1,\"name\":\"Home\",\"item\":\"https:\/\/colordiamonds.co.uk\/\"},{\"@type\":\"ListItem\",\"position\":2,\"name\":\"Privacy Policy\"}]},{\"@type\":\"WebSite\",\"@id\":\"https:\/\/colordiamonds.co.uk\/#website\",\"url\":\"https:\/\/colordiamonds.co.uk\/\",\"name\":\"COLORDIAMONDS LED Red Light Therapy Face Mask\",\"description\":\"LED Red Light Therapy Face Mask \u2013 FDA Cleared Skincare Device\",\"alternateName\":\"COLORDIAMONDS LED Red Light Therapy Face Mask\",\"potentialAction\":[{\"@type\":\"SearchAction\",\"target\":{\"@type\":\"EntryPoint\",\"urlTemplate\":\"https:\/\/colordiamonds.co.uk\/?s={search_term_string}\"},\"query-input\":{\"@type\":\"PropertyValueSpecification\",\"valueRequired\":true,\"valueName\":\"search_term_string\"}}],\"inLanguage\":\"de\"}]}<\/script>\n<!-- \/ Yoast SEO plugin. -->","yoast_head_json":{"title":"Datenschutzerkl\u00e4rung - LED-Rotlichttherapie-Gesichtsmaske - FDA-gepr\u00fcftes Hautpflegeger\u00e4t","robots":{"index":"index","follow":"follow","max-snippet":"max-snippet:-1","max-image-preview":"max-image-preview:large","max-video-preview":"max-video-preview:-1"},"canonical":"https:\/\/colordiamonds.co.uk\/de\/privacy-policy\/","og_locale":"de_DE","og_type":"article","og_title":"Privacy Policy - LED Red Light Therapy Face Mask \u2013 FDA Cleared Skincare Device","og_url":"https:\/\/colordiamonds.co.uk\/de\/privacy-policy\/","og_site_name":"COLORDIAMONDS LED Red Light Therapy Face Mask","article_modified_time":"2026-01-21T01:47:41+00:00","twitter_card":"summary_large_image","twitter_misc":{"Gesch\u00e4tzte Lesezeit":"3\u00a0Minuten"},"schema":{"@context":"https:\/\/schema.org","@graph":[{"@type":"WebPage","@id":"https:\/\/colordiamonds.co.uk\/privacy-policy\/","url":"https:\/\/colordiamonds.co.uk\/privacy-policy\/","name":"Datenschutzerkl\u00e4rung - LED-Rotlichttherapie-Gesichtsmaske - FDA-gepr\u00fcftes Hautpflegeger\u00e4t","isPartOf":{"@id":"https:\/\/colordiamonds.co.uk\/#website"},"datePublished":"2025-11-25T10:17:47+00:00","dateModified":"2026-01-21T01:47:41+00:00","breadcrumb":{"@id":"https:\/\/colordiamonds.co.uk\/privacy-policy\/#breadcrumb"},"inLanguage":"de","potentialAction":[{"@type":"ReadAction","target":["https:\/\/colordiamonds.co.uk\/privacy-policy\/"]}]},{"@type":"BreadcrumbList","@id":"https:\/\/colordiamonds.co.uk\/privacy-policy\/#breadcrumb","itemListElement":[{"@type":"ListItem","position":1,"name":"Home","item":"https:\/\/colordiamonds.co.uk\/"},{"@type":"ListItem","position":2,"name":"Privacy Policy"}]},{"@type":"WebSite","@id":"https:\/\/colordiamonds.co.uk\/#website","url":"https:\/\/colordiamonds.co.uk\/","name":"COLORDIAMONDS LED-Rotlicht-Therapie-Gesichtsmaske","description":"LED-Rotlichttherapie-Gesichtsmaske - FDA-gepr\u00fcftes Hautpflegeger\u00e4t","alternateName":"COLORDIAMONDS LED Red Light Therapy Face Mask","potentialAction":[{"@type":"SearchAction","target":{"@type":"EntryPoint","urlTemplate":"https:\/\/colordiamonds.co.uk\/?s={search_term_string}"},"query-input":{"@type":"PropertyValueSpecification","valueRequired":true,"valueName":"search_term_string"}}],"inLanguage":"de"}]}},"_hostinger_reach_plugin_has_subscription_block":false,"_hostinger_reach_plugin_is_elementor":false,"_links":{"self":[{"href":"https:\/\/colordiamonds.co.uk\/de\/wp-json\/wp\/v2\/pages\/3","targetHints":{"allow":["GET"]}}],"collection":[{"href":"https:\/\/colordiamonds.co.uk\/de\/wp-json\/wp\/v2\/pages"}],"about":[{"href":"https:\/\/colordiamonds.co.uk\/de\/wp-json\/wp\/v2\/types\/page"}],"author":[{"embeddable":true,"href":"https:\/\/colordiamonds.co.uk\/de\/wp-json\/wp\/v2\/users\/1"}],"replies":[{"embeddable":true,"href":"https:\/\/colordiamonds.co.uk\/de\/wp-json\/wp\/v2\/comments?post=3"}],"version-history":[{"count":4,"href":"https:\/\/colordiamonds.co.uk\/de\/wp-json\/wp\/v2\/pages\/3\/revisions"}],"predecessor-version":[{"id":5930,"href":"https:\/\/colordiamonds.co.uk\/de\/wp-json\/wp\/v2\/pages\/3\/revisions\/5930"}],"wp:attachment":[{"href":"https:\/\/colordiamonds.co.uk\/de\/wp-json\/wp\/v2\/media?parent=3"}],"curies":[{"name":"wp","href":"https:\/\/api.w.org\/{rel}","templated":true}]}}