{"id":5569,"date":"2025-12-19T10:13:41","date_gmt":"2025-12-19T10:13:41","guid":{"rendered":"https:\/\/colordiamonds.co.uk\/?page_id=5569"},"modified":"2025-12-19T10:15:29","modified_gmt":"2025-12-19T10:15:29","slug":"de-blauwdruk-voor-webmasters-voor-wereldwijde-monetisatie-50-top-affiliate-platforms-vs-europa-japan-korea","status":"publish","type":"page","link":"https:\/\/colordiamonds.co.uk\/de\/de-blauwdruk-voor-webmasters-voor-wereldwijde-monetisatie-50-top-affiliate-platforms-vs-europa-japan-korea\/","title":{"rendered":"De Blauwdruk voor Webmasters voor Wereldwijde Monetisatie: 50+ Top Affiliate Plattformen (VS, Europa, Japan, Korea)"},"content":{"rendered":"<p>[et_pb_section fb_built=\u201d1\u2033 theme_builder_area=\u201dpost_content\u201d _builder_version=\u201d4.23.1\u2033 _module_preset=\u201ddefault\u201d][et_pb_row _builder_version=\u201d4.23.1\u2033 _module_preset=\u201ddefault\u201d theme_builder_area=\u201dpost_content\u201d][et_pb_column _builder_version=\u201d4.23.1\u2033 _module_preset=\u201ddefault\u201d type=\u201d4_4\u2033 theme_builder_area=\u201dpost_content\u201d][et_pb_text _builder_version=\u201d4.23.1\u2033 _module_preset=\u201ddefault\u201d theme_builder_area=\u201dpost_content\u201d hover_enabled=\u201d0\u2033 sticky_enabled=\u201d0\u2033]<\/p>\n<h1 data-path-to-node=\"2\">De Blauwdruk voor Webmasters voor Wereldwijde Monetisatie: 50+ Top Affiliate Plattformen (VS, Europa, Japan, Korea)<\/h1>\n<p data-path-to-node=\"3\">\n<p data-path-to-node=\"4\">F\u00fcr Webmaster, Blogger und digitale Unternehmen ist die vollst\u00e4ndige Umstellung auf Display-Werbung (z.B. AdSense) eine Strategie, die sich lohnt. Die echte omzet ligt in high-performance <b data-path-to-node=\"4\" data-index-in-node=\"187\">Affiliate-Marketing<\/b>. Die digitale Wirtschaft ist in der Tat nicht monolithisch. Um Ihre RPM (Inkomsten per duizend vertoningen) zu maximieren, m\u00fcssen Sie Ihre Partnerschaften \u00fcber die lukrativsten M\u00e4rkte der Welt diversifizieren: Nord-Amerika, Europa und die technologischen Giganten von Oost-Azi\u00eb (Japan und S\u00fcd-Korea).<\/p>\n<p data-path-to-node=\"5\">Wenn du einen Tech-Blog, ein Lifestyle-Magazin oder eine Nischen-Reviewsite betreibst, ist der Anschluss an das richtige Netzwerk entscheidend. Hier finden Sie die ultimative Plattform mit mehr als 50 verschiedenen Affiliate-Plattformen, die nach Regionen kategorisiert sind und von denen Sie mit einer spezifischen Strategie profitieren k\u00f6nnen. <b data-path-to-node=\"5\" data-index-in-node=\"294\">Direkte \u201cHigh-Ticket\u201d-Anbiedingen<\/b> f\u00fcr eine maximale Gewinnspanne.<\/p>\n<hr data-path-to-node=\"6\" \/>\n<h3 data-path-to-node=\"7\">I. De Noord-Amerikaanse Titanen (VS &amp; Kanada)<\/h3>\n<p data-path-to-node=\"8\">Der amerikanische Markt ist das gr\u00f6\u00dfte und volumenst\u00e4rkste Affiliate-\u00d6kosystem. Diese Plattformen bieten Stabilit\u00e4t, enorme Merkinventarissen und ein zuverl\u00e4ssiges Tracking.<\/p>\n<ol start=\"1\" data-path-to-node=\"9\">\n<li>\n<p data-path-to-node=\"9,0,0\"><b data-path-to-node=\"9,0,0\" data-index-in-node=\"0\">ShareASale<\/b> - Das go-to netwerk voor fysieke goederen, mode, en huis &amp; tuin.<\/p>\n<\/li>\n<li>\n<p data-path-to-node=\"9,1,0\"><b data-path-to-node=\"9,1,0\" data-index-in-node=\"0\">CJ Affiliate (Commission Junction)<\/b> - Das Schl\u00fcsselwort f\u00fcr Fortune 500-Unternehmen und gro\u00dfe Unternehmen.<\/p>\n<\/li>\n<li>\n<p data-path-to-node=\"9,2,0\"><b data-path-to-node=\"9,2,0\" data-index-in-node=\"0\">Auswirkungen.com<\/b> - Eine moderne Partnerschafts-Automatisierungsplattform, die von Tech- und DTC-Unternehmen bevorzugt wird.<\/p>\n<\/li>\n<li>\n<p data-path-to-node=\"9,3,0\"><b data-path-to-node=\"9,3,0\" data-index-in-node=\"0\">Rakuten Werbung<\/b> - Premium-Modus und Einzelhandel; weitere Kunden verkozen zum #1-Netzwerk.<\/p>\n<\/li>\n<li>\n<p data-path-to-node=\"9,4,0\"><b data-path-to-node=\"9,4,0\" data-index-in-node=\"0\">Amazon-Mitglieder<\/b> - \u2018s Werelds grootste programma (lage commissies, maar onge\u00ebvenaarde conversieratio's).<\/p>\n<\/li>\n<li>\n<p data-path-to-node=\"9,5,0\"><b data-path-to-node=\"9,5,0\" data-index-in-node=\"0\">ClickBank<\/b> - De koning van digital producten en hoog-converterende VSL-aanbiedingen.<\/p>\n<\/li>\n<li>\n<p data-path-to-node=\"9,6,0\"><b data-path-to-node=\"9,6,0\" data-index-in-node=\"0\">FlexOffers<\/b> - Ein enormes Sub-Affiliate-Netzwerk mit mehr als 12.000 Werbeprogrammen.<\/p>\n<\/li>\n<li>\n<p data-path-to-node=\"9,7,0\"><b data-path-to-node=\"9,7,0\" data-index-in-node=\"0\">PartnerStack<\/b> - Die #1-Plattform f\u00fcr B2B SaaS-Programme (Software as a Service).<\/p>\n<\/li>\n<li>\n<p data-path-to-node=\"9,8,0\"><b data-path-to-node=\"9,8,0\" data-index-in-node=\"0\">Avangate Affiliate Netzwerk (2Checkout)<\/b> - Gespezialisiert auf Software und digitale Medien.<\/p>\n<\/li>\n<li>\n<p data-path-to-node=\"9,9,0\"><b data-path-to-node=\"9,9,0\" data-index-in-node=\"0\">MaxBounty<\/b> - Ein gut funktionierendes CPA-Netz (Cost Per Action).<\/p>\n<\/li>\n<li>\n<p data-path-to-node=\"9,10,0\"><b data-path-to-node=\"9,10,0\" data-index-in-node=\"0\">Perform[cb]<\/b> - Leistungsstarkes CPA-Netzwerk f\u00fcr Mobile und Web.<\/p>\n<\/li>\n<li>\n<p data-path-to-node=\"9,11,0\"><b data-path-to-node=\"9,11,0\" data-index-in-node=\"0\">Everflow<\/b> - Geavanceerd trackingplatform voor performance marketeers.<\/p>\n<\/li>\n<li>\n<p data-path-to-node=\"9,12,0\"><b data-path-to-node=\"9,12,0\" data-index-in-node=\"0\">Verweis<\/b> - Zeer populair bij Shopify-handelaren en e-commerce merken.<\/p>\n<\/li>\n<li>\n<p data-path-to-node=\"9,13,0\"><b data-path-to-node=\"9,13,0\" data-index-in-node=\"0\">Pepperjam (Ascend)<\/b> - Ein Full-Service-Netz mit umfangreichen Analysetools.<\/p>\n<\/li>\n<li>\n<p data-path-to-node=\"9,14,0\"><b data-path-to-node=\"9,14,0\" data-index-in-node=\"0\">AvantLink<\/b> - Richt zich op kwaliteitspartnerships, ideaal voor outdoor- en sportniches.<\/p>\n<\/li>\n<li>\n<p data-path-to-node=\"9,15,0\"><b data-path-to-node=\"9,15,0\" data-index-in-node=\"0\">Skimlinks<\/b> - Monetisatietool die tekstlinks automatisch omzet in affiliate-links.<\/p>\n<\/li>\n<li>\n<p data-path-to-node=\"9,16,0\"><b data-path-to-node=\"9,16,0\" data-index-in-node=\"0\">Sovrn (Handel)<\/b> - Vergelijkbaar met Skimlinks, uitstekend voor content-uitgevers.<\/p>\n<\/li>\n<li>\n<p data-path-to-node=\"9,17,0\"><b data-path-to-node=\"9,17,0\" data-index-in-node=\"0\">LTK (RewardStyle)<\/b> - Das wichtigste \u201cinvite-only\u201d-Netzwerk f\u00fcr Mode- und Lifestyle-Influencer.<\/p>\n<\/li>\n<li>\n<p data-path-to-node=\"9,18,0\"><b data-path-to-node=\"9,18,0\" data-index-in-node=\"0\">ShopStyle Kollektiv<\/b> - Monetarisierungsplattform f\u00fcr Content Creators im Bereich Mode und Sch\u00f6nheit.<\/p>\n<\/li>\n<li>\n<p data-path-to-node=\"9,19,0\"><b data-path-to-node=\"9,19,0\" data-index-in-node=\"0\">Digistore24<\/b> - Gleichzeitig mit ClickBank, sehr erfolgreich in den USA und Europa.<\/p>\n<\/li>\n<\/ol>\n<h3 data-path-to-node=\"10\">II. Die europ\u00e4ischen Gro\u00dfm\u00e4chte<\/h3>\n<p data-path-to-node=\"11\">Europa ist durch den Tourismus gepr\u00e4gt, aber diese Netze vereinen den Markt im Vereinigten K\u00f6nigreich, in Deutschland (DACH), Frankreich und den Benelux-L\u00e4ndern.<\/p>\n<ol start=\"21\" data-path-to-node=\"12\">\n<li>\n<p data-path-to-node=\"12,0,0\"><b data-path-to-node=\"12,0,0\" data-index-in-node=\"0\">Awin<\/b> - De dominante kracht in Europa (en eigenaar van ShareASale). Essentieel voor VK\/EU-verkeer.<\/p>\n<\/li>\n<li>\n<p data-path-to-node=\"12,1,0\"><b data-path-to-node=\"12,1,0\" data-index-in-node=\"0\">Tradedoubler<\/b> - Ein Pionier des europ\u00e4ischen Affiliate-Marketings, der auch in Skandinavien und im VK aktiv ist.<\/p>\n<\/li>\n<li>\n<p data-path-to-node=\"12,2,0\"><b data-path-to-node=\"12,2,0\" data-index-in-node=\"0\">Webgains<\/b> - Uitstekend netwerk voor het middensegment, sterk aanwezig in het VK, Duitsland en Frankrijk.<\/p>\n<\/li>\n<li>\n<p data-path-to-node=\"12,3,0\"><b data-path-to-node=\"12,3,0\" data-index-in-node=\"0\">Adcell<\/b> - Het leidende netwerk specifiek voor de Duitstalige markt (DACH).<\/p>\n<\/li>\n<li>\n<p data-path-to-node=\"12,4,0\"><b data-path-to-node=\"12,4,0\" data-index-in-node=\"0\">Belboon<\/b> - Ein anderer grober Duitse Speler mit Fokus auf Mobile und E-Commerce.<\/p>\n<\/li>\n<li>\n<p data-path-to-node=\"12,5,0\"><b data-path-to-node=\"12,5,0\" data-index-in-node=\"0\">TradeTracker<\/b> - Bekend om zijn \u201cReal Attribution\u201d-Technologie, dekt 19+ landen.<\/p>\n<\/li>\n<li>\n<p data-path-to-node=\"12,6,0\"><b data-path-to-node=\"12,6,0\" data-index-in-node=\"0\">Daisycon<\/b> - Zeer sterke prestaties in Nederland, Belgi\u00eb en Frankrijk (sterk in vergelijkingssites).<\/p>\n<\/li>\n<li>\n<p data-path-to-node=\"12,7,0\"><b data-path-to-node=\"12,7,0\" data-index-in-node=\"0\">Effiliation<\/b> - Ein wichtiger Impulsgeber auf dem franz\u00f6sischen Markt.<\/p>\n<\/li>\n<li>\n<p data-path-to-node=\"12,8,0\"><b data-path-to-node=\"12,8,0\" data-index-in-node=\"0\">TimeOne<\/b> - Franse performance marketing groep.<\/p>\n<\/li>\n<li>\n<p data-path-to-node=\"12,9,0\"><b data-path-to-node=\"12,9,0\" data-index-in-node=\"0\">Admitad<\/b> - Ein weltumspannendes Netzwerk mit sehr guter Arbeit in Oost-Europa und Duitsland.<\/p>\n<\/li>\n<li>\n<p data-path-to-node=\"12,10,0\"><b data-path-to-node=\"12,10,0\" data-index-in-node=\"0\">MehrNische<\/b> - Hoogbetaalde gezondheids- en beauty-aanbiedingen (VK\/Wereldwijd).<\/p>\n<\/li>\n<li>\n<p data-path-to-node=\"12,11,0\"><b data-path-to-node=\"12,11,0\" data-index-in-node=\"0\">FinanceAds<\/b> - Het leidende netwerk voor Europese financi\u00eble en verzekeringsaanbiedingen.<\/p>\n<\/li>\n<\/ol>\n<h3 data-path-to-node=\"13\">III. Die Aziatischen Reuzen: Japan &amp; S\u00fcd-Korea<\/h3>\n<p data-path-to-node=\"14\">Westliche Webmaster haben diese M\u00e4rkte zwar nicht im Griff, aber sie haben einen der h\u00f6chsten ARPU-Werte (Average Revenue Per User) der Welt.<\/p>\n<p data-path-to-node=\"15\"><b data-path-to-node=\"15\" data-index-in-node=\"0\">Japan (Het ASP-Ecosysteem)<\/b> 33. <b data-path-to-node=\"15\" data-index-in-node=\"31\">A8.net<\/b> - Japans gr\u00f6\u00dfter Affiliate Service Provider (ASP). Ein Muss f\u00fcr die japanische Wirtschaft. 34. <b data-path-to-node=\"15\" data-index-in-node=\"124\">WertCommerce<\/b> - Japans wichtigster ASP, der dem \u00d6kosystem von Z Holdings (Yahoo! Japan\/Line) angeh\u00f6rt. 35. <b data-path-to-node=\"15\" data-index-in-node=\"224\">AccessTrade<\/b> - Sterk in Japan und breidt snel uit in Zuidoost-Azi\u00eb (Vietnam, Thailand, Indonesi\u00eb). 36. <b data-path-to-node=\"15\" data-index-in-node=\"325\">afb (Mitglied B)<\/b> - Hoog gewaardeerd door affiliates, vooral sterk in de sector <b data-path-to-node=\"15\" data-index-in-node=\"405\">Gesundheit &amp; Sch\u00f6nheit<\/b>. 37. <b data-path-to-node=\"15\" data-index-in-node=\"426\">Rentracks<\/b> - Gespezialisiert auf dienstleistungsorientierte Dienstleistungen (Verhuizen, Vastgoed, Finanzen). 38. <b data-path-to-node=\"15\" data-index-in-node=\"525\">Janet<\/b> - Ein gro\u00dfes Netzwerk, das auf Finanzen und Spiele ausgerichtet ist. 39. <b data-path-to-node=\"15\" data-index-in-node=\"587\">Rakuten LinkShare Japan<\/b> - De Japanse tak van het wereldwijde Rakuten-netwerk. 40. <b data-path-to-node=\"15\" data-index-in-node=\"669\">TG-Filiale<\/b> - Ein umfassendes Netz f\u00fcr Finanzdienstleistungen und E-Commerce.<\/p>\n<p data-path-to-node=\"16\"><b data-path-to-node=\"16\" data-index-in-node=\"0\">S\u00fcdkorea<\/b> 41. <b data-path-to-node=\"16\" data-index-in-node=\"15\">Coupang Partner<\/b> - Die \u201cAmazon Associates\u201d aus Korea. Domineert de markt volledig. 42. <b data-path-to-node=\"16\" data-index-in-node=\"101\">LinkPreis<\/b> - Het meest gevestigde traditionele affiliate-netwerk in Zuid-Korea. 43. <b data-path-to-node=\"16\" data-index-in-node=\"184\">Tenping<\/b> - Eine Mobile-First-Viral-Marketing-Plattform, die in Korea sehr beliebt ist. 44. <b data-path-to-node=\"16\" data-index-in-node=\"259\">Adpick<\/b> - Plattform auf Basis von CPA und Influencern, geschikt f\u00fcr Social Verkeer. 45. <b data-path-to-node=\"16\" data-index-in-node=\"344\">DeepLink<\/b> - Richt zich op e-commerce deep-linking in de Koreaanse markt.<\/p>\n<h3 data-path-to-node=\"17\">IV. Nischen, SaaS &amp; Directe Tech Plattformen<\/h3>\n<p data-path-to-node=\"18\">F\u00fcr Webmaster, die Software-Reviews von Nischen-Inhaltsseiten erstellen.<\/p>\n<ol start=\"46\" data-path-to-node=\"19\">\n<li>\n<p data-path-to-node=\"19,0,0\"><b data-path-to-node=\"19,0,0\" data-index-in-node=\"0\">FirstPromoter<\/b> - De standard voor SaaS-affiliateprogramma's (ge\u00efntegreerd met Stripe).<\/p>\n<\/li>\n<li>\n<p data-path-to-node=\"19,1,0\"><b data-path-to-node=\"19,1,0\" data-index-in-node=\"0\">Nachdenklich<\/b> - Eenvoudige SaaS-affiliate tracking.<\/p>\n<\/li>\n<li>\n<p data-path-to-node=\"19,2,0\"><b data-path-to-node=\"19,2,0\" data-index-in-node=\"0\">Tolt<\/b> - Eine moderne Krypto\/SaaS-Affiliate-Plattform.<\/p>\n<\/li>\n<li>\n<p data-path-to-node=\"19,3,0\"><b data-path-to-node=\"19,3,0\" data-index-in-node=\"0\">WarriorPlus<\/b> - Internetmarketing und \u201cGeld verdienen online\u201d aanbiedingen.<\/p>\n<\/li>\n<li>\n<p data-path-to-node=\"19,4,0\"><b data-path-to-node=\"19,4,0\" data-index-in-node=\"0\">JVZoo<\/b> - Lanceringen van digital marketing software en cursussen.<\/p>\n<\/li>\n<li>\n<p data-path-to-node=\"19,5,0\"><b data-path-to-node=\"19,5,0\" data-index-in-node=\"0\">SellHealth<\/b> - Topklasse gezondheidssupplemente.<\/p>\n<\/li>\n<li>\n<p data-path-to-node=\"19,6,0\"><b data-path-to-node=\"19,6,0\" data-index-in-node=\"0\">MarktGesundheit<\/b> - Direkte Anbindungen f\u00fcr Sch\u00f6nheits- und Gesundheitsprodukte.<\/p>\n<\/li>\n<\/ol>\n<hr data-path-to-node=\"20\" \/>\n<h3 data-path-to-node=\"21\">Die \u201cHigh-Ticket\u201d-Strategie: Waarom Direct Gaan Loont<\/h3>\n<p data-path-to-node=\"22\">Auch wenn die anderen Netze f\u00fcr die Nutzung von Werbung geeignet sind, sollten die schlanken Webmaster wissen, dass <b data-path-to-node=\"22\" data-index-in-node=\"113\">Directe Affiliate-Programme<\/b> vaak hogere marges, langere cookie-duur en minder concurrentie bieden.<\/p>\n<p data-path-to-node=\"23\">Im Jahr 2025 explodiert der Sektor <b data-path-to-node=\"23\" data-index-in-node=\"29\">Technik f\u00fcr die Sch\u00f6nheit zu Hause<\/b>. Consumenten verschuiven hun budgetten van salons naar hoogwaardige apparaten voor thuisgebruik.<\/p>\n<p data-path-to-node=\"24\"><b data-path-to-node=\"24\" data-index-in-node=\"0\">De Kans voor Uw Site:<\/b> Wenn Sie sich f\u00fcr eine der folgenden M\u00f6glichkeiten entschieden haben <i data-path-to-node=\"24\" data-index-in-node=\"58\">lifestyle, sch\u00f6nheit, technologie, wellness von luxe goederen<\/i>, zit u op een goudmijn. Wenn Sie 3% f\u00fcr eine gute Creme \u00fcber Amazon verdienen m\u00f6chten, m\u00fcssen Sie auch hochwertige, FDA-zugelassene medizinische Ger\u00e4te kaufen.<\/p>\n<p data-path-to-node=\"25\"><b data-path-to-node=\"25\" data-index-in-node=\"0\">Abschr\u00e4gung: Het ColorDiamonds IGI LED Masker<\/b><\/p>\n<p data-path-to-node=\"26\">Wir bieten professionellen Webmastern und Affiliate Marketeers die M\u00f6glichkeit, sich an der Entwicklung zu beteiligen. <b data-path-to-node=\"26\" data-index-in-node=\"90\">FarbeDiamanten<\/b> Partnerprogramm.<\/p>\n<ul data-path-to-node=\"27\">\n<li>\n<p data-path-to-node=\"27,0,0\"><b data-path-to-node=\"27,0,0\" data-index-in-node=\"0\">Het Produkt:<\/b> ColorDiamonds IGI LED Masker (FDA-gepr\u00fcft \/ FDA-goedgekeurd).<\/p>\n<\/li>\n<li>\n<p data-path-to-node=\"27,1,0\"><b data-path-to-node=\"27,1,0\" data-index-in-node=\"0\">Waarom het converteert:<\/b> Es verbindet die enorme Bedeutung der \u201cRotlichttherapie\u201d mit der medizinischen Wirksamkeit einer FDA-zugelassenen Behandlung. Es handelt sich um ein Produkt mit einem hohen Anspruch, das eine wirksame Gruppe von Patienten unterst\u00fctzt.<\/p>\n<\/li>\n<li>\n<p data-path-to-node=\"27,2,0\"><b data-path-to-node=\"27,2,0\" data-index-in-node=\"0\">Voordelen voor de Webmaster:<\/b> Eine hohe gemiddelte Bestelwaarde (AOV) bedeutet erhebliche Mehrkosten pro Gespr\u00e4ch.<\/p>\n<\/li>\n<\/ul>\n<p data-path-to-node=\"28\"><b data-path-to-node=\"28\" data-index-in-node=\"0\">Laat geen geld liggen met generieke advertenties die weinig opleveren.<\/b><\/p>\n<p data-path-to-node=\"29\">\ud83d\udc49 <b data-path-to-node=\"29\" data-index-in-node=\"3\"><response-element class=\"\" ng-version=\"0.0.0-PLACEHOLDER\"><link-block _nghost-ng-c3214560500=\"\" class=\"ng-star-inserted\"><a _ngcontent-ng-c3214560500=\"\" target=\"_blank\" rel=\"noopener\" externallink=\"\" _nghost-ng-c493755618=\"\" jslog=\"197247;track:generic_click,impression,attention;BardVeMetadataKey:[[&quot;r_f88397c5fd2347bd&quot;,&quot;c_4c88065b9526e8bf&quot;,null,&quot;rc_eaafe0991d23e629&quot;,null,null,&quot;nl&quot;,null,1,null,null,1,0]]\" href=\"https:\/\/cliw8d817.refersion.com\/affiliate\/registration\" class=\"ng-star-inserted\" data-hveid=\"0\" decode-data-ved=\"1\" data-ved=\"0CAAQ_4QMahgKEwjZzr_DscmRAxUAAAAAHQAAAAAQvQI\">Klicken Sie hier, um direkt auf das Partnerprogramm zuzugreifen und es zu starten.<\/a><\/link-block><\/response-element><\/b><\/p>\n<p>[\/et_pb_text][\/et_pb_column][\/et_pb_row][\/et_pb_section]<\/p>","protected":false},"excerpt":{"rendered":"<p>De Blauwdruk voor Webmasters voor Wereldwijde Monetisatie: 50+ Top Affiliate Platforms (VS, Europa, Japan, Korea) Voor webmasters, bloggers en digitale uitgevers is het volledig vertrouwen op display-advertenties (zoals AdSense) een strategie uit het verleden. De echte omzet ligt in high-performance Affiliate Marketing. De digitale economie is echter niet monolithisch. Om uw RPM (Inkomsten per duizend [&hellip;]<\/p>","protected":false},"author":1,"featured_media":0,"parent":0,"menu_order":0,"comment_status":"closed","ping_status":"closed","template":"","meta":{"_et_pb_use_builder":"on","_et_pb_old_content":"","_et_gb_content_width":"","footnotes":""},"class_list":["post-5569","page","type-page","status-publish","hentry"],"yoast_head":"<!-- This site is optimized with the Yoast SEO plugin v27.0 - https:\/\/yoast.com\/product\/yoast-seo-wordpress\/ -->\n<title>De Blauwdruk voor Webmasters voor Wereldwijde Monetisatie: 50+ Top Affiliate Platforms (VS, Europa, Japan, Korea) - LED Red Light Therapy Face Mask \u2013 FDA Cleared Skincare Device<\/title>\n<meta name=\"robots\" content=\"index, follow, max-snippet:-1, max-image-preview:large, max-video-preview:-1\" \/>\n<link rel=\"canonical\" href=\"https:\/\/colordiamonds.co.uk\/de\/de-blauwdruk-voor-webmasters-voor-wereldwijde-monetisatie-50-top-affiliate-platforms-vs-europa-japan-korea\/\" \/>\n<meta property=\"og:locale\" content=\"de_DE\" \/>\n<meta property=\"og:type\" content=\"article\" \/>\n<meta property=\"og:title\" content=\"De Blauwdruk voor Webmasters voor Wereldwijde Monetisatie: 50+ Top Affiliate Platforms (VS, Europa, Japan, Korea) - LED Red Light Therapy Face Mask \u2013 FDA Cleared Skincare Device\" \/>\n<meta property=\"og:description\" content=\"De Blauwdruk voor Webmasters voor Wereldwijde Monetisatie: 50+ Top Affiliate Platforms (VS, Europa, Japan, Korea) Voor webmasters, bloggers en digitale uitgevers is het volledig vertrouwen op display-advertenties (zoals AdSense) een strategie uit het verleden. De echte omzet ligt in high-performance Affiliate Marketing. De digitale economie is echter niet monolithisch. Om uw RPM (Inkomsten per duizend [&hellip;]\" \/>\n<meta property=\"og:url\" content=\"https:\/\/colordiamonds.co.uk\/de\/de-blauwdruk-voor-webmasters-voor-wereldwijde-monetisatie-50-top-affiliate-platforms-vs-europa-japan-korea\/\" \/>\n<meta property=\"og:site_name\" content=\"COLORDIAMONDS LED Red Light Therapy Face Mask\" \/>\n<meta property=\"article:modified_time\" content=\"2025-12-19T10:15:29+00:00\" \/>\n<meta name=\"twitter:card\" content=\"summary_large_image\" \/>\n<meta name=\"twitter:label1\" content=\"Gesch\u00e4tzte Lesezeit\" \/>\n\t<meta name=\"twitter:data1\" content=\"5\u00a0Minuten\" \/>\n<script type=\"application\/ld+json\" class=\"yoast-schema-graph\">{\"@context\":\"https:\/\/schema.org\",\"@graph\":[{\"@type\":\"WebPage\",\"@id\":\"https:\/\/colordiamonds.co.uk\/de-blauwdruk-voor-webmasters-voor-wereldwijde-monetisatie-50-top-affiliate-platforms-vs-europa-japan-korea\/\",\"url\":\"https:\/\/colordiamonds.co.uk\/de-blauwdruk-voor-webmasters-voor-wereldwijde-monetisatie-50-top-affiliate-platforms-vs-europa-japan-korea\/\",\"name\":\"De Blauwdruk voor Webmasters voor Wereldwijde Monetisatie: 50+ Top Affiliate Platforms (VS, Europa, Japan, Korea) - LED Red Light Therapy Face Mask \u2013 FDA Cleared Skincare Device\",\"isPartOf\":{\"@id\":\"https:\/\/colordiamonds.co.uk\/#website\"},\"datePublished\":\"2025-12-19T10:13:41+00:00\",\"dateModified\":\"2025-12-19T10:15:29+00:00\",\"breadcrumb\":{\"@id\":\"https:\/\/colordiamonds.co.uk\/de-blauwdruk-voor-webmasters-voor-wereldwijde-monetisatie-50-top-affiliate-platforms-vs-europa-japan-korea\/#breadcrumb\"},\"inLanguage\":\"de\",\"potentialAction\":[{\"@type\":\"ReadAction\",\"target\":[\"https:\/\/colordiamonds.co.uk\/de-blauwdruk-voor-webmasters-voor-wereldwijde-monetisatie-50-top-affiliate-platforms-vs-europa-japan-korea\/\"]}]},{\"@type\":\"BreadcrumbList\",\"@id\":\"https:\/\/colordiamonds.co.uk\/de-blauwdruk-voor-webmasters-voor-wereldwijde-monetisatie-50-top-affiliate-platforms-vs-europa-japan-korea\/#breadcrumb\",\"itemListElement\":[{\"@type\":\"ListItem\",\"position\":1,\"name\":\"Home\",\"item\":\"https:\/\/colordiamonds.co.uk\/\"},{\"@type\":\"ListItem\",\"position\":2,\"name\":\"De Blauwdruk voor Webmasters voor Wereldwijde Monetisatie: 50+ Top Affiliate Platforms (VS, Europa, Japan, Korea)\"}]},{\"@type\":\"WebSite\",\"@id\":\"https:\/\/colordiamonds.co.uk\/#website\",\"url\":\"https:\/\/colordiamonds.co.uk\/\",\"name\":\"COLORDIAMONDS LED Red Light Therapy Face Mask\",\"description\":\"LED Red Light Therapy Face Mask \u2013 FDA Cleared Skincare Device\",\"alternateName\":\"COLORDIAMONDS LED Red Light Therapy Face Mask\",\"potentialAction\":[{\"@type\":\"SearchAction\",\"target\":{\"@type\":\"EntryPoint\",\"urlTemplate\":\"https:\/\/colordiamonds.co.uk\/?s={search_term_string}\"},\"query-input\":{\"@type\":\"PropertyValueSpecification\",\"valueRequired\":true,\"valueName\":\"search_term_string\"}}],\"inLanguage\":\"de\"}]}<\/script>\n<!-- \/ Yoast SEO plugin. -->","yoast_head_json":{"title":"De Blauwdruk voor Webmasters voor Wereldwijde Monetisatie: 50+ Top Affiliate Plattformen (VS, Europa, Japan, Korea) - LED Red Light Therapy Face Mask - FDA Cleared Skincare Device","robots":{"index":"index","follow":"follow","max-snippet":"max-snippet:-1","max-image-preview":"max-image-preview:large","max-video-preview":"max-video-preview:-1"},"canonical":"https:\/\/colordiamonds.co.uk\/de\/de-blauwdruk-voor-webmasters-voor-wereldwijde-monetisatie-50-top-affiliate-platforms-vs-europa-japan-korea\/","og_locale":"de_DE","og_type":"article","og_title":"De Blauwdruk voor Webmasters voor Wereldwijde Monetisatie: 50+ Top Affiliate Platforms (VS, Europa, Japan, Korea) - LED Red Light Therapy Face Mask \u2013 FDA Cleared Skincare Device","og_description":"De Blauwdruk voor Webmasters voor Wereldwijde Monetisatie: 50+ Top Affiliate Platforms (VS, Europa, Japan, Korea) Voor webmasters, bloggers en digitale uitgevers is het volledig vertrouwen op display-advertenties (zoals AdSense) een strategie uit het verleden. De echte omzet ligt in high-performance Affiliate Marketing. De digitale economie is echter niet monolithisch. Om uw RPM (Inkomsten per duizend [&hellip;]","og_url":"https:\/\/colordiamonds.co.uk\/de\/de-blauwdruk-voor-webmasters-voor-wereldwijde-monetisatie-50-top-affiliate-platforms-vs-europa-japan-korea\/","og_site_name":"COLORDIAMONDS LED Red Light Therapy Face Mask","article_modified_time":"2025-12-19T10:15:29+00:00","twitter_card":"summary_large_image","twitter_misc":{"Gesch\u00e4tzte Lesezeit":"5\u00a0Minuten"},"schema":{"@context":"https:\/\/schema.org","@graph":[{"@type":"WebPage","@id":"https:\/\/colordiamonds.co.uk\/de-blauwdruk-voor-webmasters-voor-wereldwijde-monetisatie-50-top-affiliate-platforms-vs-europa-japan-korea\/","url":"https:\/\/colordiamonds.co.uk\/de-blauwdruk-voor-webmasters-voor-wereldwijde-monetisatie-50-top-affiliate-platforms-vs-europa-japan-korea\/","name":"De Blauwdruk voor Webmasters voor Wereldwijde Monetisatie: 50+ Top Affiliate Plattformen (VS, Europa, Japan, Korea) - LED Red Light Therapy Face Mask - FDA Cleared Skincare Device","isPartOf":{"@id":"https:\/\/colordiamonds.co.uk\/#website"},"datePublished":"2025-12-19T10:13:41+00:00","dateModified":"2025-12-19T10:15:29+00:00","breadcrumb":{"@id":"https:\/\/colordiamonds.co.uk\/de-blauwdruk-voor-webmasters-voor-wereldwijde-monetisatie-50-top-affiliate-platforms-vs-europa-japan-korea\/#breadcrumb"},"inLanguage":"de","potentialAction":[{"@type":"ReadAction","target":["https:\/\/colordiamonds.co.uk\/de-blauwdruk-voor-webmasters-voor-wereldwijde-monetisatie-50-top-affiliate-platforms-vs-europa-japan-korea\/"]}]},{"@type":"BreadcrumbList","@id":"https:\/\/colordiamonds.co.uk\/de-blauwdruk-voor-webmasters-voor-wereldwijde-monetisatie-50-top-affiliate-platforms-vs-europa-japan-korea\/#breadcrumb","itemListElement":[{"@type":"ListItem","position":1,"name":"Home","item":"https:\/\/colordiamonds.co.uk\/"},{"@type":"ListItem","position":2,"name":"De Blauwdruk voor Webmasters voor Wereldwijde Monetisatie: 50+ Top Affiliate Platforms (VS, Europa, Japan, Korea)"}]},{"@type":"WebSite","@id":"https:\/\/colordiamonds.co.uk\/#website","url":"https:\/\/colordiamonds.co.uk\/","name":"COLORDIAMONDS LED-Rotlicht-Therapie-Gesichtsmaske","description":"LED-Rotlichttherapie-Gesichtsmaske - FDA-gepr\u00fcftes Hautpflegeger\u00e4t","alternateName":"COLORDIAMONDS LED Red Light Therapy Face Mask","potentialAction":[{"@type":"SearchAction","target":{"@type":"EntryPoint","urlTemplate":"https:\/\/colordiamonds.co.uk\/?s={search_term_string}"},"query-input":{"@type":"PropertyValueSpecification","valueRequired":true,"valueName":"search_term_string"}}],"inLanguage":"de"}]}},"_hostinger_reach_plugin_has_subscription_block":false,"_hostinger_reach_plugin_is_elementor":false,"_links":{"self":[{"href":"https:\/\/colordiamonds.co.uk\/de\/wp-json\/wp\/v2\/pages\/5569","targetHints":{"allow":["GET"]}}],"collection":[{"href":"https:\/\/colordiamonds.co.uk\/de\/wp-json\/wp\/v2\/pages"}],"about":[{"href":"https:\/\/colordiamonds.co.uk\/de\/wp-json\/wp\/v2\/types\/page"}],"author":[{"embeddable":true,"href":"https:\/\/colordiamonds.co.uk\/de\/wp-json\/wp\/v2\/users\/1"}],"replies":[{"embeddable":true,"href":"https:\/\/colordiamonds.co.uk\/de\/wp-json\/wp\/v2\/comments?post=5569"}],"version-history":[{"count":3,"href":"https:\/\/colordiamonds.co.uk\/de\/wp-json\/wp\/v2\/pages\/5569\/revisions"}],"predecessor-version":[{"id":5572,"href":"https:\/\/colordiamonds.co.uk\/de\/wp-json\/wp\/v2\/pages\/5569\/revisions\/5572"}],"wp:attachment":[{"href":"https:\/\/colordiamonds.co.uk\/de\/wp-json\/wp\/v2\/media?parent=5569"}],"curies":[{"name":"wp","href":"https:\/\/api.w.org\/{rel}","templated":true}]}}