{"id":79,"date":"2025-12-01T15:17:02","date_gmt":"2025-12-01T15:17:02","guid":{"rendered":"https:\/\/colordiamonds.co.uk\/?page_id=79"},"modified":"2026-01-21T01:46:24","modified_gmt":"2026-01-21T01:46:24","slug":"payment-policy","status":"publish","type":"page","link":"https:\/\/colordiamonds.co.uk\/de\/payment-policy\/","title":{"rendered":"Zahlungspolitik"},"content":{"rendered":"<p>[et_pb_section fb_built=&#8221;1&#8243; fullwidth=&#8221;on&#8221; _builder_version=&#8221;4.23.1&#8243; _module_preset=&#8221;default&#8221; global_colors_info=&#8221;{}&#8221;][et_pb_fullwidth_code _builder_version=&#8221;4.23.1&#8243; _module_preset=&#8221;default&#8221; global_colors_info=&#8221;{}&#8221;]<!DOCTYPE html><!-- [et_pb_line_break_holder] --><html lang=\"en\"><!-- [et_pb_line_break_holder] --><head><!-- [et_pb_line_break_holder] -->    <meta charset=\"UTF-8\"><!-- [et_pb_line_break_holder] -->    <meta name=\"viewport\" content=\"width=device-width, initial-scale=1.0\"><!-- [et_pb_line_break_holder] -->    <title>Zahlungsbedingungen | COLORDIAMONDS<\/title><!-- [et_pb_line_break_holder] -->    <script src=\"https:\/\/cdn.tailwindcss.com\"><\/script><!-- [et_pb_line_break_holder] -->    <link href=\"https:\/\/fonts.googleapis.com\/css2?family=Inter:wght@300;400;600;700;900&#038;display=swap\" rel=\"stylesheet\"><!-- [et_pb_line_break_holder] -->    <\/p>\n<style><!-- [et_pb_line_break_holder] -->        :root {<!-- [et_pb_line_break_holder] -->            --primary: #9a4848;<!-- [et_pb_line_break_holder] -->            --text-main: #1f2937;<!-- [et_pb_line_break_holder] -->        }<!-- [et_pb_line_break_holder] -->        body { font-family: 'Inter', sans-serif; }<!-- [et_pb_line_break_holder] -->    <\/style>\n<p><!-- [et_pb_line_break_holder] --><\/head><!-- [et_pb_line_break_holder] --><body class=\"bg-white text-gray-800 antialiased\"><!-- [et_pb_line_break_holder] --><!-- [et_pb_line_break_holder] -->    <!-- Simple Brand Header --><!-- [et_pb_line_break_holder] -->    <\/p>\n<header class=\"border-b border-gray-100 py-6\"><!-- [et_pb_line_break_holder] -->        <\/p>\n<div class=\"max-w-4xl mx-auto px-4 text-center\"><!-- [et_pb_line_break_holder] -->            <a href=\"index.html\" class=\"text-2xl font-black text-gray-900 tracking-tighter hover:opacity-80 transition\"><!-- [et_pb_line_break_holder] -->                FARBE<span style=\"color: var(--primary);\">DIAMONDS<\/span><!-- [et_pb_line_break_holder] -->            <\/a><!-- [et_pb_line_break_holder] -->        <\/div>\n<p><!-- [et_pb_line_break_holder] -->    <\/header>\n<p><!-- [et_pb_line_break_holder] --><!-- [et_pb_line_break_holder] -->    <!-- Payment Policy Content --><!-- [et_pb_line_break_holder] -->    <main class=\"max-w-3xl mx-auto px-4 py-16\"><!-- [et_pb_line_break_holder] -->        <!-- [et_pb_line_break_holder] -->        <\/p>\n<h1 class=\"text-3xl font-bold text-gray-900 mb-8 text-center\">Zahlungspolitik<\/h1>\n<p><!-- [et_pb_line_break_holder] --><!-- [et_pb_line_break_holder] -->        <\/p>\n<div class=\"prose prose-slate max-w-none text-gray-600 leading-relaxed space-y-8\"><!-- [et_pb_line_break_holder] -->            <!-- [et_pb_line_break_holder] -->            <pee class=\"text-sm text-gray-400\">Zuletzt aktualisiert: November 2025<\/pee><!-- [et_pb_line_break_holder] --><!-- [et_pb_line_break_holder] -->            <!-- Section 1 --><!-- [et_pb_line_break_holder] -->            <\/p>\n<div><!-- [et_pb_line_break_holder] -->                <pee class=\"font-medium text-lg text-gray-900\">1. Akzeptierte Zahlungsarten<\/pee><!-- [et_pb_line_break_holder] -->                <pee class=\"mt-2\"><!-- [et_pb_line_break_holder] -->                    Wir von COLORDIAMONDS sind bestrebt, Ihnen einen reibungslosen und sicheren Einkauf zu erm\u00f6glichen. Wir akzeptieren die folgenden Zahlungsarten:<!-- [et_pb_line_break_holder] -->                <\/pee><!-- [et_pb_line_break_holder] -->                <\/p>\n<ul class=\"list-disc pl-5 mt-2 space-y-1\"><!-- [et_pb_line_break_holder] -->                    <\/p>\n<li><strong>Kredit-\/Debitkarten:<\/strong> Visa, MasterCard, American Express, Discover, JCB, und Diners Club.<\/li>\n<p><!-- [et_pb_line_break_holder] -->                    <\/p>\n<li><strong>Digitale Geldb\u00f6rsen:<\/strong> Apple Pay, Google Pay und PayPal.<\/li>\n<p><!-- [et_pb_line_break_holder] -->                    <\/p>\n<li><strong>Jetzt kaufen, sp\u00e4ter bezahlen:<\/strong> Klarna und Afterpay (zinslose Ratenzahlungspl\u00e4ne verf\u00fcgbar).<\/li>\n<p><!-- [et_pb_line_break_holder] -->                <\/ul>\n<p><!-- [et_pb_line_break_holder] -->            <\/div>\n<p><!-- [et_pb_line_break_holder] --><!-- [et_pb_line_break_holder] -->            <!-- Section 2 --><!-- [et_pb_line_break_holder] -->            <\/p>\n<div><!-- [et_pb_line_break_holder] -->                <pee class=\"font-medium text-lg text-gray-900\">2. Zahlungssicherheit<\/pee><!-- [et_pb_line_break_holder] -->                <pee class=\"mt-2\"><!-- [et_pb_line_break_holder] -->                    Ihre Sicherheit hat f\u00fcr uns oberste Priorit\u00e4t. Alle Transaktionen werden \u00fcber sichere, verschl\u00fcsselte Gateways (SSL-Technologie) abgewickelt. Wir speichern Ihre Kreditkarteninformationen nicht auf unseren Servern. Unsere Zahlungsabwickler sind PCI-DSS-konform und gew\u00e4hrleisten die h\u00f6chsten Sicherheitsstandards f\u00fcr Ihre Daten.<!-- [et_pb_line_break_holder] -->                <\/pee><!-- [et_pb_line_break_holder] -->            <\/div>\n<p><!-- [et_pb_line_break_holder] --><!-- [et_pb_line_break_holder] -->            <!-- Section 3 --><!-- [et_pb_line_break_holder] -->            <\/p>\n<div><!-- [et_pb_line_break_holder] -->                <pee class=\"font-medium text-lg text-gray-900\">3. W\u00e4hrung<\/pee><!-- [et_pb_line_break_holder] -->                <pee class=\"mt-2\"><!-- [et_pb_line_break_holder] -->                    Alle auf unserer Website aufgef\u00fchrten Preise sind in <strong>US-Dollars (USD)<\/strong> sofern in der W\u00e4hrungsauswahl nicht anders angegeben. Wenn Sie au\u00dferhalb der Vereinigten Staaten einkaufen, wird Ihre Bank oder Ihr Kreditkartenunternehmen die Transaktion in Ihre Landesw\u00e4hrung zum aktuellen Wechselkurs umrechnen.<!-- [et_pb_line_break_holder] -->                <\/pee><!-- [et_pb_line_break_holder] -->            <\/div>\n<p><!-- [et_pb_line_break_holder] --><!-- [et_pb_line_break_holder] -->            <!-- Section 4 --><!-- [et_pb_line_break_holder] -->            <\/p>\n<div><!-- [et_pb_line_break_holder] -->                <pee class=\"font-medium text-lg text-gray-900\">4. Financing &#038; Installments<\/pee><!-- [et_pb_line_break_holder] -->                <pee class=\"mt-2\"><!-- [et_pb_line_break_holder] -->                    Wir bieten flexible Zahlungsm\u00f6glichkeiten durch <strong>Klarna<\/strong> und <strong>Afterpay<\/strong>. Mit diesen Diensten k\u00f6nnen Sie Ihren Kauf in 4 zinsfreie Zahlungen aufteilen, die alle zwei Wochen f\u00e4llig werden.<!-- [et_pb_line_break_holder] -->                    <!\u2013- [et_pb_br_holder] -\u2013><!\u2013- [et_pb_br_holder] -\u2013><!-- [et_pb_line_break_holder] -->                    Um diesen Dienst zu nutzen:<!-- [et_pb_line_break_holder] -->                <\/pee><!-- [et_pb_line_break_holder] -->                <\/p>\n<ul class=\"list-disc pl-5 mt-2 space-y-1\"><!-- [et_pb_line_break_holder] -->                    <\/p>\n<li>Select &#8220;Klarna&#8221; or &#8220;Afterpay&#8221; at checkout.<\/li>\n<p><!-- [et_pb_line_break_holder] -->                    <\/p>\n<li>Sie werden zum sicheren Portal des Anbieters weitergeleitet, um den Kauf abzuschlie\u00dfen.<\/li>\n<p><!-- [et_pb_line_break_holder] -->                    <\/p>\n<li>Approval is instant and subject to the provider&#8217;s terms and conditions.<\/li>\n<p><!-- [et_pb_line_break_holder] -->                <\/ul>\n<p><!-- [et_pb_line_break_holder] -->            <\/div>\n<p><!-- [et_pb_line_break_holder] --><!-- [et_pb_line_break_holder] -->            <!-- Section 5 --><!-- [et_pb_line_break_holder] -->            <\/p>\n<div><!-- [et_pb_line_break_holder] -->                <pee class=\"font-medium text-lg text-gray-900\">5. Umsatzsteuer<\/pee><!-- [et_pb_line_break_holder] -->                <pee class=\"mt-2\"><!-- [et_pb_line_break_holder] -->                    Die Umsatzsteuer wird an der Kasse auf der Grundlage Ihrer Lieferadresse und der geltenden Steuergesetze Ihres Staates oder Landes berechnet. Der an der Kasse angezeigte Gesamtpreis enth\u00e4lt alle anfallenden Steuern.<!-- [et_pb_line_break_holder] -->                <\/pee><!-- [et_pb_line_break_holder] -->            <\/div>\n<p><!-- [et_pb_line_break_holder] --><!-- [et_pb_line_break_holder] -->            <!-- Section 6 --><!-- [et_pb_line_break_holder] -->            <\/p>\n<div><!-- [et_pb_line_break_holder] -->                <pee class=\"font-medium text-lg text-gray-900\">6. Fragen der Bezahlung<\/pee><!-- [et_pb_line_break_holder] -->                <pee class=\"mt-2\"><!-- [et_pb_line_break_holder] -->                    Wenn Ihre Zahlung abgelehnt wird, \u00fcberpr\u00fcfen Sie bitte, ob Ihre Rechnungsadresse mit der bei Ihrer Bank hinterlegten Adresse \u00fcbereinstimmt und ob Ihre Karte \u00fcber ausreichend Guthaben verf\u00fcgt. Sollten die Probleme weiterhin bestehen, versuchen Sie bitte eine andere Zahlungsmethode oder kontaktieren Sie Ihre Bank.<!-- [et_pb_line_break_holder] -->                <\/pee><!-- [et_pb_line_break_holder] -->            <\/div>\n<p><!-- [et_pb_line_break_holder] --><!-- [et_pb_line_break_holder] -->            <!-- Section 7 --><!-- [et_pb_line_break_holder] -->            <\/p>\n<div><!-- [et_pb_line_break_holder] -->                <pee class=\"font-medium text-lg text-gray-900\">7. Kontakt<\/pee><!-- [et_pb_line_break_holder] -->                <pee class=\"mt-2\"><!-- [et_pb_line_break_holder] -->                    Wenn Sie Fragen oder Bedenken bez\u00fcglich Zahlungen haben, wenden Sie sich bitte an unser Support-Team: <strong>info@colordiamonds.co.uk<\/strong>.<!-- [et_pb_line_break_holder] -->                <\/pee><!-- [et_pb_line_break_holder] -->            <\/div>\n<p><!-- [et_pb_line_break_holder] --><!-- [et_pb_line_break_holder] -->        <\/div>\n<p><!-- [et_pb_line_break_holder] -->    <\/main><!-- [et_pb_line_break_holder] --><!-- [et_pb_line_break_holder] -->    <!-- Simple Footer --><!-- [et_pb_line_break_holder] -->    <\/p>\n<footer class=\"border-t border-gray-100 py-8 mt-8\"><!-- [et_pb_line_break_holder] -->        <\/p>\n<div class=\"max-w-4xl mx-auto px-4 text-center text-sm text-gray-400\"><!-- [et_pb_line_break_holder] -->            \u00a9 2025 COLORDIAMONDS.<!-- [et_pb_line_break_holder] -->        <\/div>\n<p><!-- [et_pb_line_break_holder] -->    <\/footer>\n<p><!-- [et_pb_line_break_holder] --><!-- [et_pb_line_break_holder] --><\/body><!-- [et_pb_line_break_holder] --><\/html>[\/et_pb_fullwidth_code][\/et_pb_section]<\/p>","protected":false},"excerpt":{"rendered":"","protected":false},"author":1,"featured_media":0,"parent":0,"menu_order":0,"comment_status":"closed","ping_status":"closed","template":"","meta":{"_et_pb_use_builder":"on","_et_pb_old_content":"<!-- wp:divi\/placeholder \/-->","_et_gb_content_width":"","footnotes":""},"class_list":["post-79","page","type-page","status-publish","hentry"],"yoast_head":"<!-- This site is optimized with the Yoast SEO plugin v27.0 - https:\/\/yoast.com\/product\/yoast-seo-wordpress\/ -->\n<title>Payment Policy - LED Red Light Therapy Face Mask \u2013 FDA Cleared Skincare Device<\/title>\n<meta name=\"robots\" content=\"index, follow, max-snippet:-1, max-image-preview:large, max-video-preview:-1\" \/>\n<link rel=\"canonical\" href=\"https:\/\/colordiamonds.co.uk\/de\/payment-policy\/\" \/>\n<meta property=\"og:locale\" content=\"de_DE\" \/>\n<meta property=\"og:type\" content=\"article\" \/>\n<meta property=\"og:title\" content=\"Payment Policy - LED Red Light Therapy Face Mask \u2013 FDA Cleared Skincare Device\" \/>\n<meta property=\"og:url\" content=\"https:\/\/colordiamonds.co.uk\/de\/payment-policy\/\" \/>\n<meta property=\"og:site_name\" content=\"COLORDIAMONDS LED Red Light Therapy Face Mask\" \/>\n<meta property=\"article:modified_time\" content=\"2026-01-21T01:46:24+00:00\" \/>\n<meta name=\"twitter:card\" content=\"summary_large_image\" \/>\n<meta name=\"twitter:label1\" content=\"Gesch\u00e4tzte Lesezeit\" \/>\n\t<meta name=\"twitter:data1\" content=\"2\u00a0Minuten\" \/>\n<script type=\"application\/ld+json\" class=\"yoast-schema-graph\">{\"@context\":\"https:\/\/schema.org\",\"@graph\":[{\"@type\":\"WebPage\",\"@id\":\"https:\/\/colordiamonds.co.uk\/payment-policy\/\",\"url\":\"https:\/\/colordiamonds.co.uk\/payment-policy\/\",\"name\":\"Payment Policy - LED Red Light Therapy Face Mask \u2013 FDA Cleared Skincare Device\",\"isPartOf\":{\"@id\":\"https:\/\/colordiamonds.co.uk\/#website\"},\"datePublished\":\"2025-12-01T15:17:02+00:00\",\"dateModified\":\"2026-01-21T01:46:24+00:00\",\"breadcrumb\":{\"@id\":\"https:\/\/colordiamonds.co.uk\/payment-policy\/#breadcrumb\"},\"inLanguage\":\"de\",\"potentialAction\":[{\"@type\":\"ReadAction\",\"target\":[\"https:\/\/colordiamonds.co.uk\/payment-policy\/\"]}]},{\"@type\":\"BreadcrumbList\",\"@id\":\"https:\/\/colordiamonds.co.uk\/payment-policy\/#breadcrumb\",\"itemListElement\":[{\"@type\":\"ListItem\",\"position\":1,\"name\":\"Home\",\"item\":\"https:\/\/colordiamonds.co.uk\/\"},{\"@type\":\"ListItem\",\"position\":2,\"name\":\"Payment Policy\"}]},{\"@type\":\"WebSite\",\"@id\":\"https:\/\/colordiamonds.co.uk\/#website\",\"url\":\"https:\/\/colordiamonds.co.uk\/\",\"name\":\"COLORDIAMONDS LED Red Light Therapy Face Mask\",\"description\":\"LED Red Light Therapy Face Mask \u2013 FDA Cleared Skincare Device\",\"alternateName\":\"COLORDIAMONDS LED Red Light Therapy Face Mask\",\"potentialAction\":[{\"@type\":\"SearchAction\",\"target\":{\"@type\":\"EntryPoint\",\"urlTemplate\":\"https:\/\/colordiamonds.co.uk\/?s={search_term_string}\"},\"query-input\":{\"@type\":\"PropertyValueSpecification\",\"valueRequired\":true,\"valueName\":\"search_term_string\"}}],\"inLanguage\":\"de\"}]}<\/script>\n<!-- \/ Yoast SEO plugin. -->","yoast_head_json":{"title":"Zahlungsbedingungen - LED-Rotlichttherapie-Gesichtsmaske - FDA-gepr\u00fcftes Hautpflegeger\u00e4t","robots":{"index":"index","follow":"follow","max-snippet":"max-snippet:-1","max-image-preview":"max-image-preview:large","max-video-preview":"max-video-preview:-1"},"canonical":"https:\/\/colordiamonds.co.uk\/de\/payment-policy\/","og_locale":"de_DE","og_type":"article","og_title":"Payment Policy - LED Red Light Therapy Face Mask \u2013 FDA Cleared Skincare Device","og_url":"https:\/\/colordiamonds.co.uk\/de\/payment-policy\/","og_site_name":"COLORDIAMONDS LED Red Light Therapy Face Mask","article_modified_time":"2026-01-21T01:46:24+00:00","twitter_card":"summary_large_image","twitter_misc":{"Gesch\u00e4tzte Lesezeit":"2\u00a0Minuten"},"schema":{"@context":"https:\/\/schema.org","@graph":[{"@type":"WebPage","@id":"https:\/\/colordiamonds.co.uk\/payment-policy\/","url":"https:\/\/colordiamonds.co.uk\/payment-policy\/","name":"Zahlungsbedingungen - LED-Rotlichttherapie-Gesichtsmaske - FDA-gepr\u00fcftes Hautpflegeger\u00e4t","isPartOf":{"@id":"https:\/\/colordiamonds.co.uk\/#website"},"datePublished":"2025-12-01T15:17:02+00:00","dateModified":"2026-01-21T01:46:24+00:00","breadcrumb":{"@id":"https:\/\/colordiamonds.co.uk\/payment-policy\/#breadcrumb"},"inLanguage":"de","potentialAction":[{"@type":"ReadAction","target":["https:\/\/colordiamonds.co.uk\/payment-policy\/"]}]},{"@type":"BreadcrumbList","@id":"https:\/\/colordiamonds.co.uk\/payment-policy\/#breadcrumb","itemListElement":[{"@type":"ListItem","position":1,"name":"Home","item":"https:\/\/colordiamonds.co.uk\/"},{"@type":"ListItem","position":2,"name":"Payment Policy"}]},{"@type":"WebSite","@id":"https:\/\/colordiamonds.co.uk\/#website","url":"https:\/\/colordiamonds.co.uk\/","name":"COLORDIAMONDS LED-Rotlicht-Therapie-Gesichtsmaske","description":"LED-Rotlichttherapie-Gesichtsmaske - FDA-gepr\u00fcftes Hautpflegeger\u00e4t","alternateName":"COLORDIAMONDS LED Red Light Therapy Face Mask","potentialAction":[{"@type":"SearchAction","target":{"@type":"EntryPoint","urlTemplate":"https:\/\/colordiamonds.co.uk\/?s={search_term_string}"},"query-input":{"@type":"PropertyValueSpecification","valueRequired":true,"valueName":"search_term_string"}}],"inLanguage":"de"}]}},"_hostinger_reach_plugin_has_subscription_block":false,"_hostinger_reach_plugin_is_elementor":false,"_links":{"self":[{"href":"https:\/\/colordiamonds.co.uk\/de\/wp-json\/wp\/v2\/pages\/79","targetHints":{"allow":["GET"]}}],"collection":[{"href":"https:\/\/colordiamonds.co.uk\/de\/wp-json\/wp\/v2\/pages"}],"about":[{"href":"https:\/\/colordiamonds.co.uk\/de\/wp-json\/wp\/v2\/types\/page"}],"author":[{"embeddable":true,"href":"https:\/\/colordiamonds.co.uk\/de\/wp-json\/wp\/v2\/users\/1"}],"replies":[{"embeddable":true,"href":"https:\/\/colordiamonds.co.uk\/de\/wp-json\/wp\/v2\/comments?post=79"}],"version-history":[{"count":4,"href":"https:\/\/colordiamonds.co.uk\/de\/wp-json\/wp\/v2\/pages\/79\/revisions"}],"predecessor-version":[{"id":5929,"href":"https:\/\/colordiamonds.co.uk\/de\/wp-json\/wp\/v2\/pages\/79\/revisions\/5929"}],"wp:attachment":[{"href":"https:\/\/colordiamonds.co.uk\/de\/wp-json\/wp\/v2\/media?parent=79"}],"curies":[{"name":"wp","href":"https:\/\/api.w.org\/{rel}","templated":true}]}}