{"id":118,"date":"2025-12-02T06:31:03","date_gmt":"2025-12-02T06:31:03","guid":{"rendered":"https:\/\/colordiamonds.co.uk\/terms-and-conditions-2\/"},"modified":"2025-12-02T06:31:03","modified_gmt":"2025-12-02T06:31:03","slug":"terms-and-conditions-2","status":"publish","type":"page","link":"https:\/\/colordiamonds.co.uk\/es\/terms-and-conditions-2\/","title":{"rendered":"Condiciones generales"},"content":{"rendered":"<h1>COLORDIAMONDS LED Red Light Therapy Face Mask Programa de Afiliados T\u00e9rminos de Servicio<\/h1>\n<h2>Acuerdo<\/h2>\n<p>Al inscribirse como Afiliado en el Programa de Afiliaci\u00f3n de M\u00e1scaras Faciales de Terapia de Luz Roja LED COLORDIAMONDS (\u201cPrograma\u201d), usted acepta los siguientes t\u00e9rminos y condiciones (\u201cCondiciones de Servicio\u201d).<\/p>\n<p><strong>COLORDIAMONDS M\u00e1scara facial de terapia de luz roja LED<\/strong> se reserva el derecho de actualizar y modificar las Condiciones del servicio de vez en cuando sin previo aviso. Cualquier nueva funci\u00f3n que aumente o mejore el Programa actual, incluido el lanzamiento de nuevas herramientas y recursos, estar\u00e1 sujeta a las Condiciones del servicio. El uso continuado del Programa despu\u00e9s de dichos cambios constituir\u00e1 su consentimiento a los mismos.<\/p>\n<p>La infracci\u00f3n de cualquiera de los t\u00e9rminos que figuran a continuaci\u00f3n dar\u00e1 lugar a la cancelaci\u00f3n de su cuenta y a la p\u00e9rdida de cualquier pago de comisiones de afiliaci\u00f3n pendiente obtenido durante la infracci\u00f3n. Usted acepta utilizar el Programa de Afiliados bajo su propia responsabilidad.<\/p>\n<h2>Condiciones de la cuenta<\/h2>\n<ul>\n<li>Debe tener 18 a\u00f1os o m\u00e1s para participar en este Programa.<\/li>\n<li>Para ser afiliado, debe residir en Estados Unidos.<\/li>\n<li>Debes ser humano. Las cuentas registradas por \u201cbots\u201d u otros m\u00e9todos automatizados no est\u00e1n permitidas.<\/li>\n<li>Debe proporcionar su nombre completo legal, una direcci\u00f3n de correo electr\u00f3nico v\u00e1lida y cualquier otra informaci\u00f3n solicitada para completar el proceso de registro.<\/li>\n<li>Su nombre de usuario s\u00f3lo puede ser utilizado por una persona: no se permite un \u00fanico nombre de usuario compartido por varias personas.<\/li>\n<li>Usted es responsable de mantener la seguridad de su cuenta y contrase\u00f1a. <strong>COLORDIAMONDS M\u00e1scara facial de terapia de luz roja LED<\/strong> no puede y no ser\u00e1 responsable de ninguna p\u00e9rdida o da\u00f1o derivado del incumplimiento por su parte de esta obligaci\u00f3n de seguridad.<\/li>\n<li>Usted es responsable de todo el Contenido publicado y de la actividad que se produzca en su cuenta.<\/li>\n<li>Una persona f\u00edsica o jur\u00eddica no puede mantener m\u00e1s de una cuenta.<\/li>\n<li>No podr\u00e1 utilizar el Programa de Afiliaci\u00f3n para ning\u00fan fin ilegal o no autorizado. Usted no debe, en el uso del Servicio, violar ninguna ley en su jurisdicci\u00f3n (incluyendo pero no limitado a las leyes de derechos de autor).<\/li>\n<li>No podr\u00e1 utilizar el Programa de Afiliaci\u00f3n para ganar dinero por su cuenta <strong>COLORDIAMONDS M\u00e1scara facial de terapia de luz roja LED<\/strong> cuentas de productos.<\/li>\n<\/ul>\n<h2>Enlaces\/gr\u00e1ficos en su sitio web, en sus correos electr\u00f3nicos u otras comunicaciones<\/h2>\n<p>Una vez que se haya inscrito en el Programa de Afiliados, se le asignar\u00e1 un C\u00f3digo de Afiliado \u00fanico. Podr\u00e1 colocar enlaces, banners u otros gr\u00e1ficos que le proporcionemos con su c\u00f3digo de afiliado en su sitio web, en sus correos electr\u00f3nicos o en otras comunicaciones. Le proporcionaremos directrices, estilos de enlace e ilustraciones gr\u00e1ficas que podr\u00e1 utilizar para enlazar con <strong>COLORDIAMONDS M\u00e1scara facial de terapia de luz roja LED<\/strong>. Podemos cambiar el dise\u00f1o de las ilustraciones en cualquier momento sin previo aviso, pero no cambiaremos las dimensiones de las im\u00e1genes sin avisar debidamente.<\/p>\n<p>Con el fin de permitir un seguimiento preciso, la elaboraci\u00f3n de informes y el devengo de la comisi\u00f3n por remisi\u00f3n, le proporcionaremos formatos de enlace especiales que deber\u00e1 utilizar en todos los enlaces entre su sitio y el sitio web de <strong>COLORDIAMONDS M\u00e1scara facial de terapia de luz roja LED<\/strong>. Debe asegurarse de que cada uno de los enlaces entre su sitio y el <strong>COLORDIAMONDS M\u00e1scara facial de terapia de luz roja LED<\/strong> utiliza adecuadamente estos formatos especiales de enlace. Enlaces a la <strong>COLORDIAMONDS M\u00e1scara facial de terapia de luz roja LED<\/strong> colocados en su sitio web de conformidad con el presente Acuerdo y que utilicen adecuadamente dichos formatos de enlace especiales se denominan \u201cEnlaces especiales\u201d. Usted ganar\u00e1 honorarios de remisi\u00f3n s\u00f3lo con respecto a las ventas en un <strong>COLORDIAMONDS M\u00e1scara facial de terapia de luz roja LED<\/strong> producto que se produzca directamente a trav\u00e9s de los Enlaces Especiales; no seremos responsables ante usted con respecto a cualquier fallo por su parte o por parte de alguien que usted recomiende en el uso de los Enlaces Especiales o en la introducci\u00f3n incorrecta de su C\u00f3digo de Afiliado, incluso en la medida en que dicho fallo pueda dar lugar a cualquier reducci\u00f3n de los importes que de otro modo se le pagar\u00edan en virtud del presente Contrato.<\/p>\n<p>Los enlaces de afiliaci\u00f3n deben apuntar a la p\u00e1gina del producto que se promociona.<\/p>\n<h2>Comisiones y pagos<\/h2>\n<p>Para que la venta de un producto pueda dar lugar a una comisi\u00f3n por recomendaci\u00f3n, el cliente debe hacer clic en un enlace especial de su sitio web, correo electr\u00f3nico u otras comunicaciones a <strong>https:\/\/colordiamonds.co.uk<\/strong> y completar un pedido de un producto durante esa sesi\u00f3n.<\/p>\n<p>S\u00f3lo pagaremos comisiones por enlaces que sean rastreados y reportados autom\u00e1ticamente por nuestros sistemas. No pagaremos comisiones si alguien dice que compr\u00f3 o alguien dice que introdujo un c\u00f3digo de referencia si no fue rastreado por nuestro sistema. S\u00f3lo podemos pagar comisiones sobre los negocios generados a trav\u00e9s de enlaces especiales con el formato adecuado que fueron rastreados autom\u00e1ticamente por nuestros sistemas.<\/p>\n<p>Nos reservamos el derecho a descalificar las comisiones obtenidas mediante m\u00e9todos de venta o marketing fraudulentos, ilegales o demasiado agresivos o cuestionables.<\/p>\n<p>Los pagos s\u00f3lo comienzan una vez que ha ganado m\u00e1s de 1.000 euros. <strong>$20<\/strong> en ingresos de afiliaci\u00f3n. Si su cuenta de afiliado nunca cruza el <strong>$20<\/strong> umbral, sus comisiones no se realizar\u00e1n ni se pagar\u00e1n. S\u00f3lo somos responsables de pagar las cuentas que hayan superado el <strong>$20<\/strong> umbral.<\/p>\n<h2>Identificarse como Afiliado a la M\u00e1scara facial de terapia con luz roja LED COLORDIAMONDS<\/h2>\n<p>Usted no puede emitir ning\u00fan comunicado de prensa con respecto a este Acuerdo o a su participaci\u00f3n en el Programa; tal acci\u00f3n puede resultar en su terminaci\u00f3n del Programa. Adem\u00e1s, no podr\u00e1 tergiversar ni embellecer en modo alguno la relaci\u00f3n entre nosotros y usted, decir que desarrolla nuestros productos, decir que forma parte de <strong>COLORDIAMONDS M\u00e1scara facial de terapia de luz roja LED<\/strong> o expresar o dar a entender cualquier relaci\u00f3n o afiliaci\u00f3n entre nosotros y usted o cualquier otra persona o entidad, salvo lo expresamente permitido por el presente Acuerdo (incluyendo expresar o dar a entender que apoyamos, patrocinamos, respaldamos o aportamos dinero a cualquier organizaci\u00f3n ben\u00e9fica u otra causa).<\/p>\n<p>Usted no puede comprar productos a trav\u00e9s de sus enlaces de afiliado para su propio uso. Dichas compras pueden dar lugar (a nuestra entera discreci\u00f3n) a la retenci\u00f3n de las comisiones de referencia y\/o a la rescisi\u00f3n del presente Acuerdo.<\/p>\n<h2>Calendario de pagos<\/h2>\n<p>Siempre y cuando tus ganancias actuales de afiliaci\u00f3n sean superiores a <strong>$20<\/strong>, que cobrar\u00e1 cada mes. Si no ha ganado <strong>$20<\/strong> desde su \u00faltimo pago, le pagaremos al mes siguiente de haber superado el umbral.<\/p>\n<h2>Definici\u00f3n de cliente<\/h2>\n<p>Los clientes que compren productos a trav\u00e9s de este Programa ser\u00e1n considerados clientes nuestros. En consecuencia, todas nuestras normas, pol\u00edticas y procedimientos operativos relativos a los pedidos de los clientes, el servicio de atenci\u00f3n al cliente y la venta de productos se aplicar\u00e1n a dichos clientes. Podemos cambiar nuestras pol\u00edticas y procedimientos operativos en cualquier momento. Por ejemplo, determinaremos los precios que se cobrar\u00e1n por los productos vendidos bajo este Programa de acuerdo con nuestras propias pol\u00edticas de precios. Los precios y la disponibilidad de los productos pueden variar de vez en cuando. Dado que los cambios de precios pueden afectar a los Productos que usted haya incluido en su sitio Web, no debe mostrar los precios de los productos en su sitio Web. Haremos todos los esfuerzos comercialmente razonables para presentar informaci\u00f3n precisa, pero no podemos garantizar la disponibilidad o el precio de ning\u00fan producto en particular.<\/p>\n<h2>Sus responsabilidades<\/h2>\n<p>Usted ser\u00e1 el \u00fanico responsable del desarrollo, funcionamiento y mantenimiento de su sitio y de todos los materiales que aparezcan en \u00e9l. Por ejemplo, usted ser\u00e1 el \u00fanico responsable de:<\/p>\n<p>- El funcionamiento t\u00e9cnico de su centro y de todos los equipos relacionados<br \/>\n- Garantizar que la exhibici\u00f3n de Enlaces Especiales en su sitio no viola ning\u00fan acuerdo entre usted y terceros (incluyendo, sin limitaci\u00f3n, cualquier restricci\u00f3n o requisito que le imponga un tercero que aloje su sitio).<br \/>\n- La exactitud, veracidad e idoneidad de los materiales publicados en su sitio (incluidos, entre otros, todos los materiales relacionados con el Producto y cualquier informaci\u00f3n que incluya o asocie con Enlaces Especiales)<br \/>\n- Garantizar que los materiales publicados en su sitio no violan ni infringen los derechos de terceros (incluidos, por ejemplo, los derechos de autor, marcas comerciales, privacidad u otros derechos personales o de propiedad).<br \/>\n- Garantizar que el material publicado en su sitio web no sea difamatorio ni ilegal por otros motivos.<br \/>\n- Garantizar que su sitio web revela de forma precisa y adecuada, ya sea a trav\u00e9s de una pol\u00edtica de privacidad o de otro modo, c\u00f3mo recopila, utiliza, almacena y divulga los datos recogidos de los visitantes, incluyendo, en su caso, que terceros (incluidos los anunciantes) pueden servir contenidos y\/o anuncios y recopilar informaci\u00f3n directamente de los visitantes y pueden colocar o reconocer cookies en los navegadores de los visitantes.<\/p>\n<h2>Cumplimiento de la legislaci\u00f3n<\/h2>\n<p>Como condici\u00f3n para su participaci\u00f3n en el Programa, usted acepta que mientras sea participante en el Programa cumplir\u00e1 todas las leyes, ordenanzas, normas, reglamentos, \u00f3rdenes, licencias, permisos, sentencias, decisiones u otros requisitos de cualquier autoridad gubernamental que tenga jurisdicci\u00f3n sobre usted, tanto si dichas leyes, etc. est\u00e1n vigentes en la actualidad como si entran en vigor posteriormente durante el tiempo en que usted sea participante en el Programa. Sin limitar la obligaci\u00f3n anterior, usted acepta que, como condici\u00f3n de su participaci\u00f3n en el Programa, cumplir\u00e1 con todas las leyes aplicables (federales, estatales o de otro tipo) que rigen el correo electr\u00f3nico de marketing, incluyendo, sin limitaci\u00f3n, la Ley CAN-SPAM de 2003 y todas las dem\u00e1s leyes anti-spam.<\/p>\n<h2>Duraci\u00f3n del Acuerdo y del Programa<\/h2>\n<p>La vigencia de este Acuerdo comenzar\u00e1 en el momento en que aceptemos su solicitud para el Programa y finalizar\u00e1 cuando cualquiera de las partes lo rescinda. Tanto usted como nosotros podremos rescindir el presente Acuerdo en cualquier momento, con o sin causa, mediante notificaci\u00f3n por escrito a la otra parte. Tras la rescisi\u00f3n del presente Acuerdo por cualquier motivo, usted dejar\u00e1 de utilizar inmediatamente y eliminar\u00e1 de su sitio todos los enlaces a <strong>https:\/\/colordiamonds.co.uk<\/strong>, y todas nuestras marcas registradas, imagen comercial y logotipos, as\u00ed como todos los dem\u00e1s materiales que le proporcionemos o que se le proporcionen en nuestro nombre en virtud del presente o en relaci\u00f3n con el Programa. <strong>COLORDIAMONDS M\u00e1scara facial de terapia de luz roja LED<\/strong> se reserva el derecho de poner fin al Programa en cualquier momento. Tras la finalizaci\u00f3n del programa, <strong>COLORDIAMONDS M\u00e1scara facial de terapia de luz roja LED<\/strong> pagar\u00e1 las ganancias pendientes acumuladas por encima de <strong>$20<\/strong>.<\/p>\n<h2>Terminaci\u00f3n<\/h2>\n<p><strong>COLORDIAMONDS M\u00e1scara facial de terapia de luz roja LED<\/strong>, tiene derecho, a su entera discreci\u00f3n, a suspender o cancelar su cuenta y a rechazar cualquier uso actual o futuro del Programa, o cualquier otro uso del mismo. <strong>COLORDIAMONDS M\u00e1scara facial de terapia de luz roja LED<\/strong> del Servicio, por cualquier motivo y en cualquier momento. Dicha rescisi\u00f3n del Servicio conllevar\u00e1 la desactivaci\u00f3n o eliminaci\u00f3n de su Cuenta o de su acceso a la misma, as\u00ed como el decomiso y la renuncia a todas las comisiones potenciales o pendientes de pago de su Cuenta si se han obtenido a trav\u00e9s de m\u00e9todos de venta o marketing fraudulentos, ilegales o excesivamente agresivos o cuestionables. <strong>COLORDIAMONDS M\u00e1scara facial de terapia de luz roja LED<\/strong> se reserva el derecho a denegar el servicio a cualquier persona por cualquier motivo y en cualquier momento.<\/p>\n<h2>Relaci\u00f3n entre las partes<\/h2>\n<p>Usted y nosotros somos contratistas independientes, y nada en este Acuerdo crear\u00e1 ninguna asociaci\u00f3n, empresa conjunta, agencia, franquicia, representante de ventas o relaci\u00f3n laboral entre las partes. Usted no tendr\u00e1 autoridad para hacer o aceptar ofertas o representaciones en nuestro nombre. Usted no har\u00e1 ninguna declaraci\u00f3n, ya sea en su sitio o de otra manera, que razonablemente contradiga cualquier cosa en esta Secci\u00f3n.<\/p>\n<h2>Limitaciones de responsabilidad<\/h2>\n<p>No seremos responsables de da\u00f1os indirectos, especiales o consecuentes (o cualquier p\u00e9rdida de ingresos, beneficios o datos) que surjan en relaci\u00f3n con este Acuerdo o el Programa, incluso si hemos sido advertidos de la posibilidad de tales da\u00f1os. Adem\u00e1s, nuestra responsabilidad total derivada del presente Contrato y del Programa no superar\u00e1 el total de las comisiones de recomendaci\u00f3n pagadas o pagaderas a usted en virtud del presente Contrato.<\/p>\n<h2>Descargo de responsabilidad<\/h2>\n<p>No ofrecemos ninguna garant\u00eda expresa o impl\u00edcita con respecto al Programa o cualquier producto vendido a trav\u00e9s del Programa (incluyendo, sin limitaci\u00f3n, garant\u00edas de idoneidad, comerciabilidad, no infracci\u00f3n o cualquier garant\u00eda impl\u00edcita derivada de un curso de rendimiento, trato o uso comercial). Adem\u00e1s, no garantizamos que el funcionamiento del <strong>COLORDIAMONDS M\u00e1scara facial de terapia de luz roja LED<\/strong> ser\u00e1 ininterrumpido o libre de errores, y no seremos responsables de las consecuencias de cualquier interrupci\u00f3n o error.<\/p>\n<h2>Investigaci\u00f3n independiente<\/h2>\n<p>USTED RECONOCE QUE HA LE\u00cdDO ESTE ACUERDO Y ACEPTA TODOS SUS T\u00c9RMINOS Y CONDICIONES. USTED ENTIENDE QUE NOSOTROS PODEMOS EN CUALQUIER MOMENTO (DIRECTA O INDIRECTAMENTE) SOLICITAR REFERENCIAS DE CLIENTES EN T\u00c9RMINOS QUE PUEDEN DIFERIR DE LOS CONTENIDOS EN ESTE ACUERDO U OPERAR SITIOS WEB QUE SON SIMILARES O COMPITEN CON SU SITIO WEB. USTED HA EVALUADO DE FORMA INDEPENDIENTE LA CONVENIENCIA DE PARTICIPAR EN EL PROGRAMA Y NO SE BASA EN NINGUNA REPRESENTACI\u00d3N, GARANT\u00cdA O DECLARACI\u00d3N DISTINTA DE LAS ESTABLECIDAS EN EL PRESENTE ACUERDO.<\/p>\n<h2>Arbitraje<\/h2>\n<p>Cualquier disputa relacionada de alguna manera con este Acuerdo (incluyendo cualquier incumplimiento real o supuesto del mismo), cualquier transacci\u00f3n o actividad bajo este Acuerdo o su relaci\u00f3n con nosotros o cualquiera de nuestras filiales se someter\u00e1 a arbitraje confidencial, excepto que, en la medida en que usted haya violado o amenazado con violar de alguna manera nuestros derechos de propiedad intelectual, podemos solicitar medidas cautelares u otra reparaci\u00f3n adecuada en cualquier tribunal estatal o federal (y usted acepta la jurisdicci\u00f3n no exclusiva y el lugar en dichos tribunales) o cualquier otro tribunal de jurisdicci\u00f3n competente. El arbitraje en virtud del presente acuerdo se llevar\u00e1 a cabo de conformidad con las normas vigentes en ese momento de la Asociaci\u00f3n Americana de Arbitraje. El laudo arbitral ser\u00e1 vinculante y podr\u00e1 presentarse como sentencia en cualquier tribunal de jurisdicci\u00f3n competente. En la medida en que lo permita la legislaci\u00f3n aplicable, ning\u00fan arbitraje en virtud del presente Acuerdo se unir\u00e1 a un arbitraje que implique a cualquier otra parte sujeta al presente Acuerdo, ya sea a trav\u00e9s de procedimientos de arbitraje colectivo o de otro tipo.<\/p>\n<h2>Varios<\/h2>\n<p>Este Acuerdo se regir\u00e1 por las leyes de Estados Unidos, sin referencia a las normas que rigen la elecci\u00f3n de las leyes. Usted no podr\u00e1 ceder el presente Acuerdo, por imperativo legal o de otro tipo, sin nuestro consentimiento previo por escrito. Sujeto a dicha restricci\u00f3n, este Acuerdo ser\u00e1 vinculante, redundar\u00e1 en beneficio de las partes y ser\u00e1 exigible frente a las partes y sus respectivos sucesores y cesionarios. El hecho de que no le exijamos el estricto cumplimiento de alguna de las disposiciones del presente Contrato no constituir\u00e1 una renuncia a nuestro derecho a exigir posteriormente el cumplimiento de dicha disposici\u00f3n o de cualquier otra disposici\u00f3n del presente Contrato.<\/p>\n<p>El fracaso de <strong>COLORDIAMONDS M\u00e1scara facial de terapia de luz roja LED<\/strong> de ejercer o hacer valer cualquier derecho o disposici\u00f3n de las Condiciones del servicio no constituir\u00e1 una renuncia a dicho derecho o disposici\u00f3n. Las Condiciones del servicio constituyen el acuerdo completo entre usted y <strong>COLORDIAMONDS M\u00e1scara facial de terapia de luz roja LED<\/strong> y regir\u00e1n su uso del Servicio, sustituyendo a cualquier acuerdo anterior entre usted y <strong>COLORDIAMONDS M\u00e1scara facial de terapia de luz roja LED<\/strong> (incluidas, entre otras, las versiones anteriores de las Condiciones del servicio).<\/p>","protected":false},"excerpt":{"rendered":"<p>COLORDIAMONDS LED Red Light Therapy Face Mask Affiliate Program Terms of Service Agreement By signing up to be an Affiliate in the COLORDIAMONDS LED Red Light Therapy Face Mask Affiliate Program (&#8220;Program&#8221;) you are agreeing to be bound by the following terms and conditions (&#8220;Terms of Service&#8221;). COLORDIAMONDS LED Red Light Therapy Face Mask reserves [&hellip;]<\/p>","protected":false},"author":1,"featured_media":0,"parent":0,"menu_order":0,"comment_status":"closed","ping_status":"closed","template":"","meta":{"_et_pb_use_builder":"","_et_pb_old_content":"","_et_gb_content_width":"","footnotes":""},"class_list":["post-118","page","type-page","status-publish","hentry"],"yoast_head":"<!-- This site is optimized with the Yoast SEO plugin v27.0 - https:\/\/yoast.com\/product\/yoast-seo-wordpress\/ -->\n<title>Terms and Conditions - LED Red Light Therapy Face Mask \u2013 FDA Cleared Skincare Device<\/title>\n<meta name=\"robots\" content=\"index, follow, max-snippet:-1, max-image-preview:large, max-video-preview:-1\" \/>\n<link rel=\"canonical\" href=\"https:\/\/colordiamonds.co.uk\/es\/terms-and-conditions-2\/\" \/>\n<meta property=\"og:locale\" content=\"es_ES\" \/>\n<meta property=\"og:type\" content=\"article\" \/>\n<meta property=\"og:title\" content=\"Terms and Conditions - LED Red Light Therapy Face Mask \u2013 FDA Cleared Skincare Device\" \/>\n<meta property=\"og:description\" content=\"COLORDIAMONDS LED Red Light Therapy Face Mask Affiliate Program Terms of Service Agreement By signing up to be an Affiliate in the COLORDIAMONDS LED Red Light Therapy Face Mask Affiliate Program (&#8220;Program&#8221;) you are agreeing to be bound by the following terms and conditions (&#8220;Terms of Service&#8221;). COLORDIAMONDS LED Red Light Therapy Face Mask reserves [&hellip;]\" \/>\n<meta property=\"og:url\" content=\"https:\/\/colordiamonds.co.uk\/es\/terms-and-conditions-2\/\" \/>\n<meta property=\"og:site_name\" content=\"COLORDIAMONDS LED Red Light Therapy Face Mask\" \/>\n<meta name=\"twitter:card\" content=\"summary_large_image\" \/>\n<meta name=\"twitter:label1\" content=\"Tiempo de lectura\" \/>\n\t<meta name=\"twitter:data1\" content=\"12 minutos\" \/>\n<script type=\"application\/ld+json\" class=\"yoast-schema-graph\">{\"@context\":\"https:\/\/schema.org\",\"@graph\":[{\"@type\":\"WebPage\",\"@id\":\"https:\/\/colordiamonds.co.uk\/terms-and-conditions-2\/\",\"url\":\"https:\/\/colordiamonds.co.uk\/terms-and-conditions-2\/\",\"name\":\"Terms and Conditions - LED Red Light Therapy Face Mask \u2013 FDA Cleared Skincare Device\",\"isPartOf\":{\"@id\":\"https:\/\/colordiamonds.co.uk\/#website\"},\"datePublished\":\"2025-12-02T06:31:03+00:00\",\"breadcrumb\":{\"@id\":\"https:\/\/colordiamonds.co.uk\/terms-and-conditions-2\/#breadcrumb\"},\"inLanguage\":\"es\",\"potentialAction\":[{\"@type\":\"ReadAction\",\"target\":[\"https:\/\/colordiamonds.co.uk\/terms-and-conditions-2\/\"]}]},{\"@type\":\"BreadcrumbList\",\"@id\":\"https:\/\/colordiamonds.co.uk\/terms-and-conditions-2\/#breadcrumb\",\"itemListElement\":[{\"@type\":\"ListItem\",\"position\":1,\"name\":\"Home\",\"item\":\"https:\/\/colordiamonds.co.uk\/\"},{\"@type\":\"ListItem\",\"position\":2,\"name\":\"Terms and Conditions\"}]},{\"@type\":\"WebSite\",\"@id\":\"https:\/\/colordiamonds.co.uk\/#website\",\"url\":\"https:\/\/colordiamonds.co.uk\/\",\"name\":\"COLORDIAMONDS LED Red Light Therapy Face Mask\",\"description\":\"LED Red Light Therapy Face Mask \u2013 FDA Cleared Skincare Device\",\"alternateName\":\"COLORDIAMONDS LED Red Light Therapy Face Mask\",\"potentialAction\":[{\"@type\":\"SearchAction\",\"target\":{\"@type\":\"EntryPoint\",\"urlTemplate\":\"https:\/\/colordiamonds.co.uk\/?s={search_term_string}\"},\"query-input\":{\"@type\":\"PropertyValueSpecification\",\"valueRequired\":true,\"valueName\":\"search_term_string\"}}],\"inLanguage\":\"es\"}]}<\/script>\n<!-- \/ Yoast SEO plugin. -->","yoast_head_json":{"title":"T\u00e9rminos y Condiciones - LED Red Light Therapy Face Mask - FDA Cleared Skincare Device","robots":{"index":"index","follow":"follow","max-snippet":"max-snippet:-1","max-image-preview":"max-image-preview:large","max-video-preview":"max-video-preview:-1"},"canonical":"https:\/\/colordiamonds.co.uk\/es\/terms-and-conditions-2\/","og_locale":"es_ES","og_type":"article","og_title":"Terms and Conditions - LED Red Light Therapy Face Mask \u2013 FDA Cleared Skincare Device","og_description":"COLORDIAMONDS LED Red Light Therapy Face Mask Affiliate Program Terms of Service Agreement By signing up to be an Affiliate in the COLORDIAMONDS LED Red Light Therapy Face Mask Affiliate Program (&#8220;Program&#8221;) you are agreeing to be bound by the following terms and conditions (&#8220;Terms of Service&#8221;). COLORDIAMONDS LED Red Light Therapy Face Mask reserves [&hellip;]","og_url":"https:\/\/colordiamonds.co.uk\/es\/terms-and-conditions-2\/","og_site_name":"COLORDIAMONDS LED Red Light Therapy Face Mask","twitter_card":"summary_large_image","twitter_misc":{"Tiempo de lectura":"12 minutos"},"schema":{"@context":"https:\/\/schema.org","@graph":[{"@type":"WebPage","@id":"https:\/\/colordiamonds.co.uk\/terms-and-conditions-2\/","url":"https:\/\/colordiamonds.co.uk\/terms-and-conditions-2\/","name":"T\u00e9rminos y Condiciones - LED Red Light Therapy Face Mask - FDA Cleared Skincare Device","isPartOf":{"@id":"https:\/\/colordiamonds.co.uk\/#website"},"datePublished":"2025-12-02T06:31:03+00:00","breadcrumb":{"@id":"https:\/\/colordiamonds.co.uk\/terms-and-conditions-2\/#breadcrumb"},"inLanguage":"es","potentialAction":[{"@type":"ReadAction","target":["https:\/\/colordiamonds.co.uk\/terms-and-conditions-2\/"]}]},{"@type":"BreadcrumbList","@id":"https:\/\/colordiamonds.co.uk\/terms-and-conditions-2\/#breadcrumb","itemListElement":[{"@type":"ListItem","position":1,"name":"Home","item":"https:\/\/colordiamonds.co.uk\/"},{"@type":"ListItem","position":2,"name":"Terms and Conditions"}]},{"@type":"WebSite","@id":"https:\/\/colordiamonds.co.uk\/#website","url":"https:\/\/colordiamonds.co.uk\/","name":"COLORDIAMONDS M\u00e1scara facial de terapia de luz roja LED","description":"LED Red Light Therapy Face Mask - Dispositivo de cuidado de la piel aprobado por la FDA","alternateName":"COLORDIAMONDS LED Red Light Therapy Face Mask","potentialAction":[{"@type":"SearchAction","target":{"@type":"EntryPoint","urlTemplate":"https:\/\/colordiamonds.co.uk\/?s={search_term_string}"},"query-input":{"@type":"PropertyValueSpecification","valueRequired":true,"valueName":"search_term_string"}}],"inLanguage":"es"}]}},"_hostinger_reach_plugin_has_subscription_block":false,"_hostinger_reach_plugin_is_elementor":false,"_links":{"self":[{"href":"https:\/\/colordiamonds.co.uk\/es\/wp-json\/wp\/v2\/pages\/118","targetHints":{"allow":["GET"]}}],"collection":[{"href":"https:\/\/colordiamonds.co.uk\/es\/wp-json\/wp\/v2\/pages"}],"about":[{"href":"https:\/\/colordiamonds.co.uk\/es\/wp-json\/wp\/v2\/types\/page"}],"author":[{"embeddable":true,"href":"https:\/\/colordiamonds.co.uk\/es\/wp-json\/wp\/v2\/users\/1"}],"replies":[{"embeddable":true,"href":"https:\/\/colordiamonds.co.uk\/es\/wp-json\/wp\/v2\/comments?post=118"}],"version-history":[{"count":0,"href":"https:\/\/colordiamonds.co.uk\/es\/wp-json\/wp\/v2\/pages\/118\/revisions"}],"wp:attachment":[{"href":"https:\/\/colordiamonds.co.uk\/es\/wp-json\/wp\/v2\/media?parent=118"}],"curies":[{"name":"wp","href":"https:\/\/api.w.org\/{rel}","templated":true}]}}