{"id":38,"date":"2025-11-30T13:30:25","date_gmt":"2025-11-30T13:30:25","guid":{"rendered":"https:\/\/colordiamonds.co.uk\/?page_id=38"},"modified":"2026-01-21T02:12:27","modified_gmt":"2026-01-21T02:12:27","slug":"terms-and-conditions","status":"publish","type":"page","link":"https:\/\/colordiamonds.co.uk\/es\/terms-and-conditions\/","title":{"rendered":"Condiciones generales"},"content":{"rendered":"<p>[et_pb_section fb_built=&#8221;1&#8243; fullwidth=&#8221;on&#8221; _builder_version=&#8221;4.23.1&#8243; _module_preset=&#8221;default&#8221; global_colors_info=&#8221;{}&#8221;][et_pb_fullwidth_code _builder_version=&#8221;4.23.1&#8243; _module_preset=&#8221;default&#8221; global_colors_info=&#8221;{}&#8221;]<!DOCTYPE html><!-- [et_pb_line_break_holder] --><html lang=\"en\"><!-- [et_pb_line_break_holder] --><head><!-- [et_pb_line_break_holder] -->    <meta charset=\"UTF-8\"><!-- [et_pb_line_break_holder] -->    <meta name=\"viewport\" content=\"width=device-width, initial-scale=1.0\"><!-- [et_pb_line_break_holder] -->    <title>T\u00e9rminos y condiciones | COLORDIAMONDS<\/title><!-- [et_pb_line_break_holder] -->    <script src=\"https:\/\/cdn.tailwindcss.com\"><\/script><!-- [et_pb_line_break_holder] -->    <link href=\"https:\/\/fonts.googleapis.com\/css2?family=Inter:wght@300;400;600;700;900&#038;display=swap\" rel=\"stylesheet\"><!-- [et_pb_line_break_holder] -->    <\/p>\n<style><!-- [et_pb_line_break_holder] -->        :root {<!-- [et_pb_line_break_holder] -->            --primary: #9a4848;<!-- [et_pb_line_break_holder] -->            --text-main: #1f2937;<!-- [et_pb_line_break_holder] -->        }<!-- [et_pb_line_break_holder] -->        body { font-family: 'Inter', sans-serif; }<!-- [et_pb_line_break_holder] -->    <\/style>\n<p><!-- [et_pb_line_break_holder] --><\/head><!-- [et_pb_line_break_holder] --><body class=\"bg-white text-gray-800 antialiased\"><!-- [et_pb_line_break_holder] --><!-- [et_pb_line_break_holder] -->    <!-- Simple Brand Header --><!-- [et_pb_line_break_holder] -->    <\/p>\n<header class=\"border-b border-gray-100 py-6\"><!-- [et_pb_line_break_holder] -->        <\/p>\n<div class=\"max-w-4xl mx-auto px-4 text-center\"><!-- [et_pb_line_break_holder] -->            <a href=\"index.html\" class=\"text-2xl font-black text-gray-900 tracking-tighter hover:opacity-80 transition\"><!-- [et_pb_line_break_holder] -->                COLOR<span style=\"color: var(--primary);\">DIAMANTES<\/span><!-- [et_pb_line_break_holder] -->            <\/a><!-- [et_pb_line_break_holder] -->        <\/div>\n<p><!-- [et_pb_line_break_holder] -->    <\/header>\n<p><!-- [et_pb_line_break_holder] --><!-- [et_pb_line_break_holder] -->    <!-- Terms Content --><!-- [et_pb_line_break_holder] -->    <main class=\"max-w-3xl mx-auto px-4 py-16\"><!-- [et_pb_line_break_holder] -->        <!-- [et_pb_line_break_holder] -->        <\/p>\n<h1 class=\"text-3xl font-bold text-gray-900 mb-8 text-center\">Condiciones generales<\/h1>\n<p><!-- [et_pb_line_break_holder] --><!-- [et_pb_line_break_holder] -->        <\/p>\n<div class=\"prose prose-slate max-w-none text-gray-600 leading-relaxed space-y-8\"><!-- [et_pb_line_break_holder] -->            <!-- [et_pb_line_break_holder] -->            <pee class=\"text-sm text-gray-400\">\u00daltima actualizaci\u00f3n: Noviembre de 2025<\/pee><!-- [et_pb_line_break_holder] --><!-- [et_pb_line_break_holder] -->            <!-- Section 1 --><!-- [et_pb_line_break_holder] -->            <\/p>\n<div><!-- [et_pb_line_break_holder] -->                <pee class=\"font-medium text-lg text-gray-900\">1. Aceptaci\u00f3n de las condiciones<\/pee><!-- [et_pb_line_break_holder] -->                <pee class=\"mt-2\"><!-- [et_pb_line_break_holder] -->                    Al acceder y utilizar este sitio web (colordiamonds.com), usted acepta y se compromete a cumplir los t\u00e9rminos y disposiciones de este acuerdo. Adem\u00e1s, al utilizar los servicios particulares de este sitio web, estar\u00e1 sujeto a las directrices o normas publicadas aplicables a dichos servicios.<!-- [et_pb_line_break_holder] -->                <\/pee><!-- [et_pb_line_break_holder] -->            <\/div>\n<p><!-- [et_pb_line_break_holder] --><!-- [et_pb_line_break_holder] -->            <!-- Section 2 --><!-- [et_pb_line_break_holder] -->            <\/p>\n<div><!-- [et_pb_line_break_holder] -->                <pee class=\"font-medium text-lg text-gray-900\">2. Descargo de responsabilidad m\u00e9dica<\/pee><!-- [et_pb_line_break_holder] -->                <pee class=\"mt-2\"><!-- [et_pb_line_break_holder] -->                    La m\u00e1scara LED Colordiamonds es un dispositivo para el cuidado de la piel destinado a uso cosm\u00e9tico. No pretende diagnosticar, tratar, curar o prevenir ninguna enfermedad o afecci\u00f3n m\u00e9dica. La informaci\u00f3n proporcionada en este sitio web es s\u00f3lo para fines educativos y no es un sustituto de consejo m\u00e9dico profesional. Si tiene alguna duda m\u00e9dica sobre el uso de la fototerapia, consulte a su m\u00e9dico antes de utilizarla.<!-- [et_pb_line_break_holder] -->                <\/pee><!-- [et_pb_line_break_holder] -->            <\/div>\n<p><!-- [et_pb_line_break_holder] --><!-- [et_pb_line_break_holder] -->            <!-- Section 3 --><!-- [et_pb_line_break_holder] -->            <\/p>\n<div><!-- [et_pb_line_break_holder] -->                <pee class=\"font-medium text-lg text-gray-900\">3. Product Information &#038; Accuracy<\/pee><!-- [et_pb_line_break_holder] -->                <pee class=\"mt-2\"><!-- [et_pb_line_break_holder] -->                    Nos esforzamos por garantizar que todos los detalles, descripciones y precios de los productos que aparecen en el sitio web sean exactos. No obstante, pueden producirse errores. Si descubrimos un error en el precio de cualquier producto que haya pedido, le informaremos de ello lo antes posible y le daremos la opci\u00f3n de reconfirmar su pedido al precio correcto o cancelarlo.<!-- [et_pb_line_break_holder] -->                <\/pee><!-- [et_pb_line_break_holder] -->            <\/div>\n<p><!-- [et_pb_line_break_holder] --><!-- [et_pb_line_break_holder] -->            <!-- Section 4 --><!-- [et_pb_line_break_holder] -->            <\/p>\n<div><!-- [et_pb_line_break_holder] -->                <pee class=\"font-medium text-lg text-gray-900\">4. Orders &#038; Payment<\/pee><!-- [et_pb_line_break_holder] -->                <pee class=\"mt-2\"><!-- [et_pb_line_break_holder] -->                    Todos los pedidos est\u00e1n sujetos a aceptaci\u00f3n y disponibilidad. Nos reservamos el derecho a denegar el servicio a cualquier persona por cualquier motivo y en cualquier momento. Los precios de nuestros productos est\u00e1n sujetos a cambios sin previo aviso. Aceptamos las principales tarjetas de cr\u00e9dito, PayPal y opciones de financiaci\u00f3n como Klarna\/Afterpay. Al proporcionar la informaci\u00f3n de pago, usted declara y garantiza que la informaci\u00f3n es exacta y que est\u00e1 autorizado a utilizar el m\u00e9todo de pago.<!-- [et_pb_line_break_holder] -->                <\/pee><!-- [et_pb_line_break_holder] -->            <\/div>\n<p><!-- [et_pb_line_break_holder] --><!-- [et_pb_line_break_holder] -->            <!-- Section 5 --><!-- [et_pb_line_break_holder] -->            <\/p>\n<div><!-- [et_pb_line_break_holder] -->                <pee class=\"font-medium text-lg text-gray-900\">5. 5. Propiedad intelectual<\/pee><!-- [et_pb_line_break_holder] -->                <pee class=\"mt-2\"><!-- [et_pb_line_break_holder] -->                    El sitio y su contenido original, caracter\u00edsticas y funcionalidad (incluyendo pero no limitado a toda la informaci\u00f3n, software, texto, pantallas, im\u00e1genes, v\u00eddeo y audio) son propiedad de COLORDIAMONDS y est\u00e1n protegidos por derechos de autor internacionales, marcas, patentes, secretos comerciales y otras leyes de propiedad intelectual o derechos de propiedad.<!-- [et_pb_line_break_holder] -->                <\/pee><!-- [et_pb_line_break_holder] -->            <\/div>\n<p><!-- [et_pb_line_break_holder] --><!-- [et_pb_line_break_holder] -->            <!-- Section 6 --><!-- [et_pb_line_break_holder] -->            <\/p>\n<div><!-- [et_pb_line_break_holder] -->                <pee class=\"font-medium text-lg text-gray-900\">6. Limitaci\u00f3n de responsabilidad<\/pee><!-- [et_pb_line_break_holder] -->                <pee class=\"mt-2\"><!-- [et_pb_line_break_holder] -->                    En ning\u00fan caso COLORDIAMONDS, ni sus directores, empleados, socios, agentes, proveedores o afiliados, ser\u00e1n responsables de ning\u00fan da\u00f1o indirecto, incidental, especial, consecuente o punitivo, incluyendo, sin limitaci\u00f3n, la p\u00e9rdida de beneficios, datos, uso, fondo de comercio u otras p\u00e9rdidas intangibles, resultantes de su acceso o uso o de la imposibilidad de acceder o utilizar el Servicio.<!-- [et_pb_line_break_holder] -->                <\/pee><!-- [et_pb_line_break_holder] -->            <\/div>\n<p><!-- [et_pb_line_break_holder] --><!-- [et_pb_line_break_holder] -->            <!-- Section 7 --><!-- [et_pb_line_break_holder] -->            <\/p>\n<div><!-- [et_pb_line_break_holder] -->                <pee class=\"font-medium text-lg text-gray-900\">7. Derecho aplicable<\/pee><!-- [et_pb_line_break_holder] -->                <pee class=\"mt-2\"><!-- [et_pb_line_break_holder] -->                    Las presentes Condiciones se regir\u00e1n e interpretar\u00e1n de conformidad con la legislaci\u00f3n de la jurisdicci\u00f3n en la que est\u00e9 registrada la empresa, sin tener en cuenta sus disposiciones sobre conflicto de leyes.<!-- [et_pb_line_break_holder] -->                <\/pee><!-- [et_pb_line_break_holder] -->            <\/div>\n<p><!-- [et_pb_line_break_holder] --><!-- [et_pb_line_break_holder] -->            <!-- Section 8 --><!-- [et_pb_line_break_holder] -->            <\/p>\n<div><!-- [et_pb_line_break_holder] -->                <pee class=\"font-medium text-lg text-gray-900\">8. Cambios en las condiciones<\/pee><!-- [et_pb_line_break_holder] -->                <pee class=\"mt-2\"><!-- [et_pb_line_break_holder] -->                    Nos reservamos el derecho, a nuestra entera discreci\u00f3n, de modificar o sustituir estas Condiciones en cualquier momento. Es su responsabilidad consultar esta p\u00e1gina peri\u00f3dicamente para comprobar si se han producido cambios. Su uso continuado del Servicio despu\u00e9s de la publicaci\u00f3n de cualquier cambio en estos T\u00e9rminos constituye la aceptaci\u00f3n de dichos cambios.<!-- [et_pb_line_break_holder] -->                <\/pee><!-- [et_pb_line_break_holder] -->            <\/div>\n<p><!-- [et_pb_line_break_holder] --><!-- [et_pb_line_break_holder] -->            <!-- Section 9 --><!-- [et_pb_line_break_holder] -->            <\/p>\n<div><!-- [et_pb_line_break_holder] -->                <pee class=\"font-medium text-lg text-gray-900\">9. 9. Informaci\u00f3n de contacto<\/pee><!-- [et_pb_line_break_holder] -->                <pee class=\"mt-2\"><!-- [et_pb_line_break_holder] -->                    Las preguntas sobre las Condiciones Generales deben enviarse a la siguiente direcci\u00f3n <strong>info@colordiamonds.co.uk<\/strong>.<!-- [et_pb_line_break_holder] -->                <\/pee><!-- [et_pb_line_break_holder] -->            <\/div>\n<p><!-- [et_pb_line_break_holder] --><!-- [et_pb_line_break_holder] -->        <\/div>\n<p><!-- [et_pb_line_break_holder] -->    <\/main><!-- [et_pb_line_break_holder] --><!-- [et_pb_line_break_holder] -->    <!-- Simple Footer --><!-- [et_pb_line_break_holder] -->    <\/p>\n<footer class=\"border-t border-gray-100 py-8 mt-8\"><!-- [et_pb_line_break_holder] -->        <\/p>\n<div class=\"max-w-4xl mx-auto px-4 text-center text-sm text-gray-400\"><!-- [et_pb_line_break_holder] -->            2025 COLORDIAMONDS.<!-- [et_pb_line_break_holder] -->        <\/div>\n<p><!-- [et_pb_line_break_holder] -->    <\/footer>\n<p><!-- [et_pb_line_break_holder] --><!-- [et_pb_line_break_holder] --><\/body><!-- [et_pb_line_break_holder] --><\/html>[\/et_pb_fullwidth_code][\/et_pb_section][et_pb_section fb_built=&#8221;1&#8243; _builder_version=&#8221;4.23.1&#8243; _module_preset=&#8221;default&#8221; global_colors_info=&#8221;{}&#8221;][et_pb_row column_structure=&#8221;1_4,1_4,1_4,1_4&#8243; _builder_version=&#8221;4.23.1&#8243; _module_preset=&#8221;default&#8221; global_colors_info=&#8221;{}&#8221;][et_pb_column type=&#8221;1_4&#8243; _builder_version=&#8221;4.23.1&#8243; _module_preset=&#8221;default&#8221; global_colors_info=&#8221;{}&#8221;][\/et_pb_column][et_pb_column type=&#8221;1_4&#8243; _builder_version=&#8221;4.23.1&#8243; _module_preset=&#8221;default&#8221; global_colors_info=&#8221;{}&#8221;][\/et_pb_column][et_pb_column type=&#8221;1_4&#8243; _builder_version=&#8221;4.23.1&#8243; _module_preset=&#8221;default&#8221; global_colors_info=&#8221;{}&#8221;][et_pb_code _builder_version=&#8221;4.23.1&#8243; _module_preset=&#8221;default&#8221; global_colors_info=&#8221;{}&#8221;]<\/p>\n<div style=\"line-height: 2; font-family: Arial, sans-serif;\"><!-- [et_pb_line_break_holder] -->    <pee style=\"margin: 0;\">\ud83c\udfe2 TALINA MCDANIEL LLC<\/pee><!-- [et_pb_line_break_holder] -->    <pee style=\"margin: 0;\">\ud83d\udccd 1066 Misty Clf, Dickinson, TX 77539<\/pee><!-- [et_pb_line_break_holder] -->    <pee style=\"margin: 0;\">\ud83d\udcde <a href=\"tel:+17207769674\" style=\"text-decoration: none; color: inherit;\">+1 (720) 776-9674<\/a><\/pee><!-- [et_pb_line_break_holder] -->    <pee style=\"margin: 0;\">\ud83d\udce7 <a href=\"mailto:info@colordiamonds.co.uk\" style=\"text-decoration: none; color: inherit;\">info@colordiamonds.co.uk<\/a><\/pee><!-- [et_pb_line_break_holder] --><\/div>\n<p>[\/et_pb_code][\/et_pb_column][et_pb_column type=&#8221;1_4&#8243; _builder_version=&#8221;4.23.1&#8243; _module_preset=&#8221;default&#8221; global_colors_info=&#8221;{}&#8221;][\/et_pb_column][\/et_pb_row][\/et_pb_section]<\/p>","protected":false},"excerpt":{"rendered":"","protected":false},"author":1,"featured_media":0,"parent":0,"menu_order":0,"comment_status":"closed","ping_status":"closed","template":"","meta":{"_et_pb_use_builder":"on","_et_pb_old_content":"<!-- wp:paragraph -->\n<p><b>This is a sample page.<\/b><\/p>\n<!-- \/wp:paragraph -->\n\n<!-- wp:heading -->\n<h2 class=\"wp-block-heading\">Overview<\/h2>\n<!-- \/wp:heading -->\n\n<!-- wp:paragraph -->\n<p>Our refund and returns policy lasts 30 days. If 30 days have passed since your purchase, we can\u2019t offer you a full refund or exchange.<\/p>\n<!-- \/wp:paragraph -->\n\n<!-- wp:paragraph -->\n<p>To be eligible for a return, your item must be unused and in the same condition that you received it. It must also be in the original packaging.<\/p>\n<!-- \/wp:paragraph -->\n\n<!-- wp:paragraph -->\n<p>Several types of goods are exempt from being returned. Perishable goods such as food, flowers, newspapers or magazines cannot be returned. We also do not accept products that are intimate or sanitary goods, hazardous materials, or flammable liquids or gases.<\/p>\n<!-- \/wp:paragraph -->\n\n<!-- wp:paragraph -->\n<p>Additional non-returnable items:<\/p>\n<!-- \/wp:paragraph -->\n\n<!-- wp:list -->\n<ul>\n<li>Gift cards<\/li>\n<li>Downloadable software products<\/li>\n<li>Some health and personal care items<\/li>\n<\/ul>\n<!-- \/wp:list -->\n\n<!-- wp:paragraph -->\n<p>To complete your return, we require a receipt or proof of purchase.<\/p>\n<!-- \/wp:paragraph -->\n\n<!-- wp:paragraph -->\n<p>Please do not send your purchase back to the manufacturer.<\/p>\n<!-- \/wp:paragraph -->\n\n<!-- wp:paragraph -->\n<p>There are certain situations where only partial refunds are granted:<\/p>\n<!-- \/wp:paragraph -->\n\n<!-- wp:list -->\n<ul>\n<li>Book with obvious signs of use<\/li>\n<li>CD, DVD, VHS tape, software, video game, cassette tape, or vinyl record that has been opened.<\/li>\n<li>Any item not in its original condition, is damaged or missing parts for reasons not due to our error.<\/li>\n<li>Any item that is returned more than 30 days after delivery<\/li>\n<\/ul>\n<!-- \/wp:list -->\n\n<!-- wp:heading -->\n<h2 class=\"wp-block-heading\">Refunds<\/h2>\n<!-- \/wp:heading -->\n\n<!-- wp:paragraph -->\n<p>Once your return is received and inspected, we will send you an email to notify you that we have received your returned item. We will also notify you of the approval or rejection of your refund.<\/p>\n<!-- \/wp:paragraph -->\n\n<!-- wp:paragraph -->\n<p>If you are approved, then your refund will be processed, and a credit will automatically be applied to your credit card or original method of payment, within a certain amount of days.<\/p>\n<!-- \/wp:paragraph -->\n\n<!-- wp:heading {\"level\":3} -->\n<h3 class=\"wp-block-heading\">Late or missing refunds<\/h3>\n<!-- \/wp:heading -->\n\n<!-- wp:paragraph -->\n<p>If you haven\u2019t received a refund yet, first check your bank account again.<\/p>\n<!-- \/wp:paragraph -->\n\n<!-- wp:paragraph -->\n<p>Then contact your credit card company, it may take some time before your refund is officially posted.<\/p>\n<!-- \/wp:paragraph -->\n\n<!-- wp:paragraph -->\n<p>Next contact your bank. There is often some processing time before a refund is posted.<\/p>\n<!-- \/wp:paragraph -->\n\n<!-- wp:paragraph -->\n<p>If you\u2019ve done all of this and you still have not received your refund yet, please contact us at {email address}.<\/p>\n<!-- \/wp:paragraph -->\n\n<!-- wp:heading {\"level\":3} -->\n<h3 class=\"wp-block-heading\">Sale items<\/h3>\n<!-- \/wp:heading -->\n\n<!-- wp:paragraph -->\n<p>Only regular priced items may be refunded. Sale items cannot be refunded.<\/p>\n<!-- \/wp:paragraph -->\n\n<!-- wp:heading -->\n<h2 class=\"wp-block-heading\">Exchanges<\/h2>\n<!-- \/wp:heading -->\n\n<!-- wp:paragraph -->\n<p>We only replace items if they are defective or damaged. If you need to exchange it for the same item, send us an email at {email address} and send your item to: {physical address}.<\/p>\n<!-- \/wp:paragraph -->\n\n<!-- wp:heading -->\n<h2 class=\"wp-block-heading\">Gifts<\/h2>\n<!-- \/wp:heading -->\n\n<!-- wp:paragraph -->\n<p>If the item was marked as a gift when purchased and shipped directly to you, you\u2019ll receive a gift credit for the value of your return. Once the returned item is received, a gift certificate will be mailed to you.<\/p>\n<!-- \/wp:paragraph -->\n\n<!-- wp:paragraph -->\n<p>If the item wasn\u2019t marked as a gift when purchased, or the gift giver had the order shipped to themselves to give to you later, we will send a refund to the gift giver and they will find out about your return.<\/p>\n<!-- \/wp:paragraph -->\n\n<!-- wp:heading -->\n<h2 class=\"wp-block-heading\">Shipping returns<\/h2>\n<!-- \/wp:heading -->\n\n<!-- wp:paragraph -->\n<p>To return your product, you should mail your product to: {physical address}.<\/p>\n<!-- \/wp:paragraph -->\n\n<!-- wp:paragraph -->\n<p>You will be responsible for paying for your own shipping costs for returning your item. Shipping costs are non-refundable. If you receive a refund, the cost of return shipping will be deducted from your refund.<\/p>\n<!-- \/wp:paragraph -->\n\n<!-- wp:paragraph -->\n<p>Depending on where you live, the time it may take for your exchanged product to reach you may vary.<\/p>\n<!-- \/wp:paragraph -->\n\n<!-- wp:paragraph -->\n<p>If you are returning more expensive items, you may consider using a trackable shipping service or purchasing shipping insurance. We don\u2019t guarantee that we will receive your returned item.<\/p>\n<!-- \/wp:paragraph -->\n\n<!-- wp:heading -->\n<h2 class=\"wp-block-heading\">Need help?<\/h2>\n<!-- \/wp:heading -->\n\n<!-- wp:paragraph -->\n<p>Contact us at {email} for questions related to refunds and returns.<\/p>\n<!-- \/wp:paragraph -->","_et_gb_content_width":"","footnotes":""},"class_list":["post-38","page","type-page","status-publish","hentry"],"yoast_head":"<!-- This site is optimized with the Yoast SEO plugin v27.0 - https:\/\/yoast.com\/product\/yoast-seo-wordpress\/ -->\n<title>Terms and Conditions - LED Red Light Therapy Face Mask \u2013 FDA Cleared Skincare Device<\/title>\n<meta name=\"robots\" content=\"index, follow, max-snippet:-1, max-image-preview:large, max-video-preview:-1\" \/>\n<link rel=\"canonical\" href=\"https:\/\/colordiamonds.co.uk\/es\/terms-and-conditions\/\" \/>\n<meta property=\"og:locale\" content=\"es_ES\" \/>\n<meta property=\"og:type\" content=\"article\" \/>\n<meta property=\"og:title\" content=\"Terms and Conditions - LED Red Light Therapy Face Mask \u2013 FDA Cleared Skincare Device\" \/>\n<meta property=\"og:url\" content=\"https:\/\/colordiamonds.co.uk\/es\/terms-and-conditions\/\" \/>\n<meta property=\"og:site_name\" content=\"COLORDIAMONDS LED Red Light Therapy Face Mask\" \/>\n<meta property=\"article:modified_time\" content=\"2026-01-21T02:12:27+00:00\" \/>\n<meta name=\"twitter:card\" content=\"summary_large_image\" \/>\n<meta name=\"twitter:label1\" content=\"Tiempo de lectura\" \/>\n\t<meta name=\"twitter:data1\" content=\"3 minutos\" \/>\n<script type=\"application\/ld+json\" class=\"yoast-schema-graph\">{\"@context\":\"https:\/\/schema.org\",\"@graph\":[{\"@type\":\"WebPage\",\"@id\":\"https:\/\/colordiamonds.co.uk\/terms-and-conditions\/\",\"url\":\"https:\/\/colordiamonds.co.uk\/terms-and-conditions\/\",\"name\":\"Terms and Conditions - LED Red Light Therapy Face Mask \u2013 FDA Cleared Skincare Device\",\"isPartOf\":{\"@id\":\"https:\/\/colordiamonds.co.uk\/#website\"},\"datePublished\":\"2025-11-30T13:30:25+00:00\",\"dateModified\":\"2026-01-21T02:12:27+00:00\",\"breadcrumb\":{\"@id\":\"https:\/\/colordiamonds.co.uk\/terms-and-conditions\/#breadcrumb\"},\"inLanguage\":\"es\",\"potentialAction\":[{\"@type\":\"ReadAction\",\"target\":[\"https:\/\/colordiamonds.co.uk\/terms-and-conditions\/\"]}]},{\"@type\":\"BreadcrumbList\",\"@id\":\"https:\/\/colordiamonds.co.uk\/terms-and-conditions\/#breadcrumb\",\"itemListElement\":[{\"@type\":\"ListItem\",\"position\":1,\"name\":\"Home\",\"item\":\"https:\/\/colordiamonds.co.uk\/\"},{\"@type\":\"ListItem\",\"position\":2,\"name\":\"Terms and Conditions\"}]},{\"@type\":\"WebSite\",\"@id\":\"https:\/\/colordiamonds.co.uk\/#website\",\"url\":\"https:\/\/colordiamonds.co.uk\/\",\"name\":\"COLORDIAMONDS LED Red Light Therapy Face Mask\",\"description\":\"LED Red Light Therapy Face Mask \u2013 FDA Cleared Skincare Device\",\"alternateName\":\"COLORDIAMONDS LED Red Light Therapy Face Mask\",\"potentialAction\":[{\"@type\":\"SearchAction\",\"target\":{\"@type\":\"EntryPoint\",\"urlTemplate\":\"https:\/\/colordiamonds.co.uk\/?s={search_term_string}\"},\"query-input\":{\"@type\":\"PropertyValueSpecification\",\"valueRequired\":true,\"valueName\":\"search_term_string\"}}],\"inLanguage\":\"es\"}]}<\/script>\n<!-- \/ Yoast SEO plugin. -->","yoast_head_json":{"title":"T\u00e9rminos y Condiciones - LED Red Light Therapy Face Mask - FDA Cleared Skincare Device","robots":{"index":"index","follow":"follow","max-snippet":"max-snippet:-1","max-image-preview":"max-image-preview:large","max-video-preview":"max-video-preview:-1"},"canonical":"https:\/\/colordiamonds.co.uk\/es\/terms-and-conditions\/","og_locale":"es_ES","og_type":"article","og_title":"Terms and Conditions - LED Red Light Therapy Face Mask \u2013 FDA Cleared Skincare Device","og_url":"https:\/\/colordiamonds.co.uk\/es\/terms-and-conditions\/","og_site_name":"COLORDIAMONDS LED Red Light Therapy Face Mask","article_modified_time":"2026-01-21T02:12:27+00:00","twitter_card":"summary_large_image","twitter_misc":{"Tiempo de lectura":"3 minutos"},"schema":{"@context":"https:\/\/schema.org","@graph":[{"@type":"WebPage","@id":"https:\/\/colordiamonds.co.uk\/terms-and-conditions\/","url":"https:\/\/colordiamonds.co.uk\/terms-and-conditions\/","name":"T\u00e9rminos y Condiciones - LED Red Light Therapy Face Mask - FDA Cleared Skincare Device","isPartOf":{"@id":"https:\/\/colordiamonds.co.uk\/#website"},"datePublished":"2025-11-30T13:30:25+00:00","dateModified":"2026-01-21T02:12:27+00:00","breadcrumb":{"@id":"https:\/\/colordiamonds.co.uk\/terms-and-conditions\/#breadcrumb"},"inLanguage":"es","potentialAction":[{"@type":"ReadAction","target":["https:\/\/colordiamonds.co.uk\/terms-and-conditions\/"]}]},{"@type":"BreadcrumbList","@id":"https:\/\/colordiamonds.co.uk\/terms-and-conditions\/#breadcrumb","itemListElement":[{"@type":"ListItem","position":1,"name":"Home","item":"https:\/\/colordiamonds.co.uk\/"},{"@type":"ListItem","position":2,"name":"Terms and Conditions"}]},{"@type":"WebSite","@id":"https:\/\/colordiamonds.co.uk\/#website","url":"https:\/\/colordiamonds.co.uk\/","name":"COLORDIAMONDS M\u00e1scara facial de terapia de luz roja LED","description":"LED Red Light Therapy Face Mask - Dispositivo de cuidado de la piel aprobado por la FDA","alternateName":"COLORDIAMONDS LED Red Light Therapy Face Mask","potentialAction":[{"@type":"SearchAction","target":{"@type":"EntryPoint","urlTemplate":"https:\/\/colordiamonds.co.uk\/?s={search_term_string}"},"query-input":{"@type":"PropertyValueSpecification","valueRequired":true,"valueName":"search_term_string"}}],"inLanguage":"es"}]}},"_hostinger_reach_plugin_has_subscription_block":false,"_hostinger_reach_plugin_is_elementor":false,"_links":{"self":[{"href":"https:\/\/colordiamonds.co.uk\/es\/wp-json\/wp\/v2\/pages\/38","targetHints":{"allow":["GET"]}}],"collection":[{"href":"https:\/\/colordiamonds.co.uk\/es\/wp-json\/wp\/v2\/pages"}],"about":[{"href":"https:\/\/colordiamonds.co.uk\/es\/wp-json\/wp\/v2\/types\/page"}],"author":[{"embeddable":true,"href":"https:\/\/colordiamonds.co.uk\/es\/wp-json\/wp\/v2\/users\/1"}],"replies":[{"embeddable":true,"href":"https:\/\/colordiamonds.co.uk\/es\/wp-json\/wp\/v2\/comments?post=38"}],"version-history":[{"count":6,"href":"https:\/\/colordiamonds.co.uk\/es\/wp-json\/wp\/v2\/pages\/38\/revisions"}],"predecessor-version":[{"id":5944,"href":"https:\/\/colordiamonds.co.uk\/es\/wp-json\/wp\/v2\/pages\/38\/revisions\/5944"}],"wp:attachment":[{"href":"https:\/\/colordiamonds.co.uk\/es\/wp-json\/wp\/v2\/media?parent=38"}],"curies":[{"name":"wp","href":"https:\/\/api.w.org\/{rel}","templated":true}]}}