{"id":5569,"date":"2025-12-19T10:13:41","date_gmt":"2025-12-19T10:13:41","guid":{"rendered":"https:\/\/colordiamonds.co.uk\/?page_id=5569"},"modified":"2025-12-19T10:15:29","modified_gmt":"2025-12-19T10:15:29","slug":"de-blauwdruk-voor-webmasters-voor-wereldwijde-monetisatie-50-top-affiliate-platforms-vs-europa-japan-korea","status":"publish","type":"page","link":"https:\/\/colordiamonds.co.uk\/es\/de-blauwdruk-voor-webmasters-voor-wereldwijde-monetisatie-50-top-affiliate-platforms-vs-europa-japan-korea\/","title":{"rendered":"La mejor forma de ganar dinero para los webmasters de todo el mundo: m\u00e1s de 50 plataformas de afiliaci\u00f3n (VS, Europa, Jap\u00f3n, Corea)"},"content":{"rendered":"<p>[et_pb_section fb_built=\u201d1\u2033 theme_builder_area=\u201dpost_content\u201d _builder_version=\u201d4.23.1\u2033 _module_preset=\u201ddefault\u201d][et_pb_row _builder_version=\u201d4.23.1\u2033 _module_preset=\u201ddefault\u201d theme_builder_area=\u201dpost_content\u201d][et_pb_column _builder_version=\u201d4.23.1\u2033 _module_preset=\u201ddefault\u201d type=\u201d4_4\u2033 theme_builder_area=\u201dpost_content\u201d][et_pb_text _builder_version=\u201d4.23.1\u2033 _module_preset=\u201ddefault\u201d theme_builder_area=\u201dpost_content\u201d hover_enabled=\u201d0\u2033 sticky_enabled=\u201d0\u2033]<\/p>\n<h1 data-path-to-node=\"2\">La mejor forma de ganar dinero para los webmasters de todo el mundo: m\u00e1s de 50 plataformas de afiliaci\u00f3n (VS, Europa, Jap\u00f3n, Corea)<\/h1>\n<p data-path-to-node=\"3\">\n<p data-path-to-node=\"4\">Para los webmasters, bloggers y usuarios digitales, el uso continuado de anuncios de display (como AdSense) es una estrategia a tener en cuenta. La \u00fanica opci\u00f3n es el alto rendimiento <b data-path-to-node=\"4\" data-index-in-node=\"187\">Marketing de afiliaci\u00f3n<\/b>. La econom\u00eda digital tampoco es monol\u00edtica. Para maximizar su RPM (ingresos por ventas duplicadas), debe diversificar sus socios en los mercados m\u00e1s lucrativos del mundo: Norteam\u00e9rica, Europa y los gigantes tecnol\u00f3gicos de Ocean\u00eda (Jap\u00f3n y Corea del Sur).<\/p>\n<p data-path-to-node=\"5\">Si ahora tiene un blog de tecnolog\u00eda, una revista de estilo de vida o un sitio de rese\u00f1as de nicho, es fundamental que se una a la red m\u00e1s adecuada. A continuaci\u00f3n encontrar\u00e1 una amplia oferta con m\u00e1s de 50 plataformas de afiliaci\u00f3n diferentes clasificadas por regi\u00f3n, con una estrategia espec\u00edfica para sacar provecho de las siguientes ventajas <b data-path-to-node=\"5\" data-index-in-node=\"294\">ofertas directas \u201cHigh-Ticket<\/b> para obtener el m\u00e1ximo rendimiento.<\/p>\n<hr data-path-to-node=\"6\" \/>\n<h3 data-path-to-node=\"7\">I. De Noord-Amerikaanse Titanen (VS y Canad\u00e1)<\/h3>\n<p data-path-to-node=\"8\">El mercado americano es el mayor y m\u00e1s extenso sistema de afiliaci\u00f3n. Estas plataformas ofrecen estabilidad, enormes oportunidades de marketing y un seguimiento exhaustivo.<\/p>\n<ol start=\"1\" data-path-to-node=\"9\">\n<li>\n<p data-path-to-node=\"9,0,0\"><b data-path-to-node=\"9,0,0\" data-index-in-node=\"0\">ShareASale<\/b> - La mejor red de amigos, moda y alojamiento.<\/p>\n<\/li>\n<li>\n<p data-path-to-node=\"9,1,0\"><b data-path-to-node=\"9,1,0\" data-index-in-node=\"0\">CJ Affiliate (Commission Junction)<\/b> - La clave para las empresas Fortune 500 y las grandes empresas.<\/p>\n<\/li>\n<li>\n<p data-path-to-node=\"9,2,0\"><b data-path-to-node=\"9,2,0\" data-index-in-node=\"0\">Impacto.com<\/b> - Una moderna plataforma de automatizaci\u00f3n de socios, preferida por las empresas de tecnolog\u00eda y DTC.<\/p>\n<\/li>\n<li>\n<p data-path-to-node=\"9,3,0\"><b data-path-to-node=\"9,3,0\" data-index-in-node=\"0\">Publicidad Rakuten<\/b> - Modo Premium y venta al por menor; m\u00e1s clientes conectados a la red #1.<\/p>\n<\/li>\n<li>\n<p data-path-to-node=\"9,4,0\"><b data-path-to-node=\"9,4,0\" data-index-in-node=\"0\">Asociados de Amazon<\/b> - \u2018s Werelds grootste programma (lage commissies, maar onge\u00ebvenaarde conversieratio's).<\/p>\n<\/li>\n<li>\n<p data-path-to-node=\"9,5,0\"><b data-path-to-node=\"9,5,0\" data-index-in-node=\"0\">ClickBank<\/b> - El rey de los productos digitales y las grandes empresas convertidoras de VSL.<\/p>\n<\/li>\n<li>\n<p data-path-to-node=\"9,6,0\"><b data-path-to-node=\"9,6,0\" data-index-in-node=\"0\">FlexOfertas<\/b> - Una enorme red de sub-afiliados con m\u00e1s de 12.000 programas de anunciantes.<\/p>\n<\/li>\n<li>\n<p data-path-to-node=\"9,7,0\"><b data-path-to-node=\"9,7,0\" data-index-in-node=\"0\">PartnerStack<\/b> - La plataforma #1 para programas B2B SaaS (software como servicio).<\/p>\n<\/li>\n<li>\n<p data-path-to-node=\"9,8,0\"><b data-path-to-node=\"9,8,0\" data-index-in-node=\"0\">Red de afiliados Avangate (2Checkout)<\/b> - Especializado en software y servicios digitales.<\/p>\n<\/li>\n<li>\n<p data-path-to-node=\"9,9,0\"><b data-path-to-node=\"9,9,0\" data-index-in-node=\"0\">MaxBounty<\/b> - Una red CPA (Coste por Acci\u00f3n) muy rentable.<\/p>\n<\/li>\n<li>\n<p data-path-to-node=\"9,10,0\"><b data-path-to-node=\"9,10,0\" data-index-in-node=\"0\">Realizar[cb]<\/b> - Red CPA de alto rendimiento para m\u00f3vil y web.<\/p>\n<\/li>\n<li>\n<p data-path-to-node=\"9,11,0\"><b data-path-to-node=\"9,11,0\" data-index-in-node=\"0\">Everflow<\/b> - Plataforma de seguimiento avanzada para profesionales del marketing de resultados.<\/p>\n<\/li>\n<li>\n<p data-path-to-node=\"9,12,0\"><b data-path-to-node=\"9,12,0\" data-index-in-node=\"0\">Referencia<\/b> - Muy popular entre los usuarios de Shopify y las empresas de comercio electr\u00f3nico.<\/p>\n<\/li>\n<li>\n<p data-path-to-node=\"9,13,0\"><b data-path-to-node=\"9,13,0\" data-index-in-node=\"0\">Pepperjam (Ascend)<\/b> - Una red de servicios completos con herramientas de an\u00e1lisis muy completas.<\/p>\n<\/li>\n<li>\n<p data-path-to-node=\"9,14,0\"><b data-path-to-node=\"9,14,0\" data-index-in-node=\"0\">AvantLink<\/b> - Es ideal para las actividades al aire libre y deportivas.<\/p>\n<\/li>\n<li>\n<p data-path-to-node=\"9,15,0\"><b data-path-to-node=\"9,15,0\" data-index-in-node=\"0\">Skimlinks<\/b> - Monetisatietool die tekstlinks automatisch omzet in affiliate-links.<\/p>\n<\/li>\n<li>\n<p data-path-to-node=\"9,16,0\"><b data-path-to-node=\"9,16,0\" data-index-in-node=\"0\">Sovrn (Comercio)<\/b> - Compatible con Skimlinks, muy \u00fatil para los usuarios de contenidos.<\/p>\n<\/li>\n<li>\n<p data-path-to-node=\"9,17,0\"><b data-path-to-node=\"9,17,0\" data-index-in-node=\"0\">LTK (RewardStyle)<\/b> - La mejor red \u201cs\u00f3lo por invitaci\u00f3n\u201d para influencers de moda y estilo de vida.<\/p>\n<\/li>\n<li>\n<p data-path-to-node=\"9,18,0\"><b data-path-to-node=\"9,18,0\" data-index-in-node=\"0\">Colectivo ShopStyle<\/b> - Plataforma de monetizaci\u00f3n para creadores de contenidos de moda y belleza.<\/p>\n<\/li>\n<li>\n<p data-path-to-node=\"9,19,0\"><b data-path-to-node=\"9,19,0\" data-index-in-node=\"0\">Digistore24<\/b> - Concurrent van ClickBank, erg sterk in de VS en Europa.<\/p>\n<\/li>\n<\/ol>\n<h3 data-path-to-node=\"10\">II. De Europese Grootmachten<\/h3>\n<p data-path-to-node=\"11\">Europa se rige por el Tratado, pero estas redes abarcan el mercado de la Rep\u00fablica Checa, Alemania (DACH), Francia y Benelux.<\/p>\n<ol start=\"21\" data-path-to-node=\"12\">\n<li>\n<p data-path-to-node=\"12,0,0\"><b data-path-to-node=\"12,0,0\" data-index-in-node=\"0\">Awin<\/b> - La empresa dominante en Europa (y propietaria de ShareASale). Esencial para los ciudadanos de la UE.<\/p>\n<\/li>\n<li>\n<p data-path-to-node=\"12,1,0\"><b data-path-to-node=\"12,1,0\" data-index-in-node=\"0\">Tradedoubler<\/b> - Un pionero en el marketing de afiliaci\u00f3n europeo, fuerte en Escandinavia y en el Reino Unido.<\/p>\n<\/li>\n<li>\n<p data-path-to-node=\"12,2,0\"><b data-path-to-node=\"12,2,0\" data-index-in-node=\"0\">Webgains<\/b> - Una red muy \u00fatil para el segmento intermedio, muy extendida en VK, Alemania y Francia.<\/p>\n<\/li>\n<li>\n<p data-path-to-node=\"12,3,0\"><b data-path-to-node=\"12,3,0\" data-index-in-node=\"0\">Adcell<\/b> - La red de proveedores espec\u00edfica para el mercado alem\u00e1n (DACH).<\/p>\n<\/li>\n<li>\n<p data-path-to-node=\"12,4,0\"><b data-path-to-node=\"12,4,0\" data-index-in-node=\"0\">Belboon<\/b> - Otro gran escritor sueco especializado en m\u00f3viles y comercio electr\u00f3nico.<\/p>\n<\/li>\n<li>\n<p data-path-to-node=\"12,5,0\"><b data-path-to-node=\"12,5,0\" data-index-in-node=\"0\">TradeTracker<\/b> - Gracias a su tecnolog\u00eda de \u201cAtribuci\u00f3n Real\u201d, cuenta con m\u00e1s de 19 pa\u00edses.<\/p>\n<\/li>\n<li>\n<p data-path-to-node=\"12,6,0\"><b data-path-to-node=\"12,6,0\" data-index-in-node=\"0\">Daisycon<\/b> - Prestaciones m\u00e1s elevadas en los Pa\u00edses Bajos, B\u00e9lgica y Francia (s\u00f3lo en sitios web de referencia).<\/p>\n<\/li>\n<li>\n<p data-path-to-node=\"12,7,0\"><b data-path-to-node=\"12,7,0\" data-index-in-node=\"0\">Effiliation<\/b> - Un excelente speler en el mercado franc\u00e9s.<\/p>\n<\/li>\n<li>\n<p data-path-to-node=\"12,8,0\"><b data-path-to-node=\"12,8,0\" data-index-in-node=\"0\">TimeOne<\/b> - Franse performance marketing groep.<\/p>\n<\/li>\n<li>\n<p data-path-to-node=\"12,9,0\"><b data-path-to-node=\"12,9,0\" data-index-in-node=\"0\">Admitad<\/b> - Una red mundial con una larga trayectoria en Europa Occidental y Dinamarca.<\/p>\n<\/li>\n<li>\n<p data-path-to-node=\"12,10,0\"><b data-path-to-node=\"12,10,0\" data-index-in-node=\"0\">M\u00e1sNicho<\/b> - Condiciones generales de vida y belleza (VK\/Wereldwijd).<\/p>\n<\/li>\n<li>\n<p data-path-to-node=\"12,11,0\"><b data-path-to-node=\"12,11,0\" data-index-in-node=\"0\">FinanceAds<\/b> - La red europea de servicios financieros y de inversi\u00f3n.<\/p>\n<\/li>\n<\/ol>\n<h3 data-path-to-node=\"13\">III. De Aziatische Reuzen: Jap\u00f3n y Corea del Sur<\/h3>\n<p data-path-to-node=\"14\">Los webmasters occidentales est\u00e1n muy por encima de estas cifras, pero se encuentran entre los mayores \u00edndices ARPU (ingresos medios por usuario) del mundo.<\/p>\n<p data-path-to-node=\"15\"><b data-path-to-node=\"15\" data-index-in-node=\"0\">Jap\u00f3n (Het ASP-Ecosysteem)<\/b> 33. <b data-path-to-node=\"15\" data-index-in-node=\"31\">A8.net<\/b> - El mayor proveedor japon\u00e9s de servicios de afiliaci\u00f3n (ASP). Una necesidad para los japoneses. 34. <b data-path-to-node=\"15\" data-index-in-node=\"124\">ValueCommerce<\/b> - La mayor ASP de Jap\u00f3n, miembro del ecosistema Z Holdings (Yahoo! Jap\u00f3n\/Line). 35. <b data-path-to-node=\"15\" data-index-in-node=\"224\">AccessTrade<\/b> - Esteriliza en Jap\u00f3n y se traslada r\u00e1pidamente al sur de Asia (Vietnam, Tailandia, Indonesia). 36. <b data-path-to-node=\"15\" data-index-in-node=\"325\">afb (afiliado B)<\/b> - Los afiliados ganan mucho, pero son fuertes en el sector <b data-path-to-node=\"15\" data-index-in-node=\"405\">Salud y belleza<\/b>. 37. <b data-path-to-node=\"15\" data-index-in-node=\"426\">Rentracks<\/b> - Especializado en la prestaci\u00f3n de servicios (seguros, seguridad, finanzas). 38. <b data-path-to-node=\"15\" data-index-in-node=\"525\">Janet<\/b> - Una gran red dedicada a las finanzas y los juegos. 39. <b data-path-to-node=\"15\" data-index-in-node=\"587\">Rakuten LinkShare Jap\u00f3n<\/b> - De Japanse tak van het wereldwijde Rakuten-netwerk. 40. <b data-path-to-node=\"15\" data-index-in-node=\"669\">Afiliado TG<\/b> - Una red internacional de servicios financieros y comercio electr\u00f3nico.<\/p>\n<p data-path-to-node=\"16\"><b data-path-to-node=\"16\" data-index-in-node=\"0\">Corea del Sur<\/b> 41. <b data-path-to-node=\"16\" data-index-in-node=\"15\">Socios de Coupang<\/b> - Amazon Associates\u201c de Corea. Domina todo el mercado. 42. <b data-path-to-node=\"16\" data-index-in-node=\"101\">EnlacePrecio<\/b> - La red de afiliaci\u00f3n tradicional m\u00e1s antigua de Corea del Sur. 43. <b data-path-to-node=\"16\" data-index-in-node=\"184\">Tenping<\/b> - Una plataforma de marketing viral mobile-first, popular en Corea. 44. <b data-path-to-node=\"16\" data-index-in-node=\"259\">Adpick<\/b> - Plataforma basada en CPA e influencers, dise\u00f1ada para el marketing social. 45. <b data-path-to-node=\"16\" data-index-in-node=\"344\">DeepLink<\/b> - Apueste por la vinculaci\u00f3n profunda del comercio electr\u00f3nico en el mercado coreano.<\/p>\n<h3 data-path-to-node=\"17\">IV. Plataformas especializadas, SaaS y Directe Tech<\/h3>\n<p data-path-to-node=\"18\">Para webmasters que buscan revisiones de software de sitios de nicho de contenido.<\/p>\n<ol start=\"46\" data-path-to-node=\"19\">\n<li>\n<p data-path-to-node=\"19,0,0\"><b data-path-to-node=\"19,0,0\" data-index-in-node=\"0\">PrimerPromotor<\/b> - El est\u00e1ndar para los programas de afiliaci\u00f3n de SaaS (creado con Stripe).<\/p>\n<\/li>\n<li>\n<p data-path-to-node=\"19,1,0\"><b data-path-to-node=\"19,1,0\" data-index-in-node=\"0\">Reactiva<\/b> - Eenvoudige SaaS-affiliate tracking.<\/p>\n<\/li>\n<li>\n<p data-path-to-node=\"19,2,0\"><b data-path-to-node=\"19,2,0\" data-index-in-node=\"0\">Tolt<\/b> - Una moderna plataforma de afiliaci\u00f3n cripto\/SaaS.<\/p>\n<\/li>\n<li>\n<p data-path-to-node=\"19,3,0\"><b data-path-to-node=\"19,3,0\" data-index-in-node=\"0\">WarriorPlus<\/b> - Ofertas de marketing en Internet y \u201cganar dinero en l\u00ednea\u201d.<\/p>\n<\/li>\n<li>\n<p data-path-to-node=\"19,4,0\"><b data-path-to-node=\"19,4,0\" data-index-in-node=\"0\">JVZoo<\/b> - Lanzamiento de programas y cursos de marketing digital.<\/p>\n<\/li>\n<li>\n<p data-path-to-node=\"19,5,0\"><b data-path-to-node=\"19,5,0\" data-index-in-node=\"0\">SellHealth<\/b> - Topklasse gezondheidssupplementsen.<\/p>\n<\/li>\n<li>\n<p data-path-to-node=\"19,6,0\"><b data-path-to-node=\"19,6,0\" data-index-in-node=\"0\">MarketHealth<\/b> - Ofertas directas de productos de belleza y belleza.<\/p>\n<\/li>\n<\/ol>\n<hr data-path-to-node=\"20\" \/>\n<h3 data-path-to-node=\"21\">La estrategia \u201cHigh-Ticket\u201d: por qu\u00e9 Direct Gaan Loont<\/h3>\n<p data-path-to-node=\"22\">Aunque las redes convencionales son muy \u00fatiles para conseguir publicidad, los mejores webmasters saben que <b data-path-to-node=\"22\" data-index-in-node=\"113\">Directe Affiliate Programma's<\/b> se ofrecen m\u00e1rgenes m\u00e1s altos, menor duraci\u00f3n de las cookies y menor competencia.<\/p>\n<p data-path-to-node=\"23\">En 2025 explotar\u00e1 el sector <b data-path-to-node=\"23\" data-index-in-node=\"29\">Tecnolog\u00eda de belleza dom\u00e9stica<\/b>. Consumenten verschuiven hun budgetten van salons naar hoogwaardige apparaten voor thuisgebruik.<\/p>\n<p data-path-to-node=\"24\"><b data-path-to-node=\"24\" data-index-in-node=\"0\">C\u00f3mo llegar a su sitio web:<\/b> Si lo desea, puede contactar con nosotros en <i data-path-to-node=\"24\" data-index-in-node=\"58\">estilo de vida, belleza, tecnolog\u00eda y bienestar de luxe goederen<\/i>, zit u op een goudmijn. En lugar de 3% para comprar una crema adecuada a trav\u00e9s de Amazon, usted puede comprar a trav\u00e9s de la FDA de alta calidad, aparatos m\u00e9dicos.<\/p>\n<p data-path-to-node=\"25\"><b data-path-to-node=\"25\" data-index-in-node=\"0\">Aanbeveling: Het ColorDiamonds IGI LED Masker<\/b><\/p>\n<p data-path-to-node=\"26\">Ayudamos a los webmasters profesionales y a los profesionales del marketing de afiliaci\u00f3n a participar en el proyecto <b data-path-to-node=\"26\" data-index-in-node=\"90\">ColorDiamantes<\/b> programa de socios.<\/p>\n<ul data-path-to-node=\"27\">\n<li>\n<p data-path-to-node=\"27,0,0\"><b data-path-to-node=\"27,0,0\" data-index-in-node=\"0\">Este producto:<\/b> ColorDiamonds IGI LED Masker (FDA Cleared \/ FDA-goedgekeurd).<\/p>\n<\/li>\n<li>\n<p data-path-to-node=\"27,1,0\"><b data-path-to-node=\"27,1,0\" data-index-in-node=\"0\">Hacia d\u00f3nde se dirige:<\/b> Combina el enorme valor de la \u201cRoodlichttherapie\u201d con la garant\u00eda m\u00e9dica de un tratamiento autorizado por la FDA. Se trata de un producto de alta calidad que proporciona un tratamiento eficaz.<\/p>\n<\/li>\n<li>\n<p data-path-to-node=\"27,2,0\"><b data-path-to-node=\"27,2,0\" data-index-in-node=\"0\">Informaci\u00f3n para el Webmaster:<\/b> Un gran volumen de ventas (AOV) supone un aumento considerable de los ingresos por conversaci\u00f3n.<\/p>\n<\/li>\n<\/ul>\n<p data-path-to-node=\"28\"><b data-path-to-node=\"28\" data-index-in-node=\"0\">No pagues con anuncios gen\u00e9ricos que no utilices.<\/b><\/p>\n<p data-path-to-node=\"29\">\ud83d\udc49 <b data-path-to-node=\"29\" data-index-in-node=\"3\"><response-element class=\"\" ng-version=\"0.0.0-PLACEHOLDER\"><link-block _nghost-ng-c3214560500=\"\" class=\"ng-star-inserted\"><a _ngcontent-ng-c3214560500=\"\" target=\"_blank\" rel=\"noopener\" externallink=\"\" _nghost-ng-c493755618=\"\" jslog=\"197247;track:generic_click,impression,attention;BardVeMetadataKey:[[&quot;r_f88397c5fd2347bd&quot;,&quot;c_4c88065b9526e8bf&quot;,null,&quot;rc_eaafe0991d23e629&quot;,null,null,&quot;nl&quot;,null,1,null,null,1,0]]\" href=\"https:\/\/cliw8d817.refersion.com\/affiliate\/registration\" class=\"ng-star-inserted\" data-hveid=\"0\" decode-data-ved=\"1\" data-ved=\"0CAAQ_4QMahgKEwjZzr_DscmRAxUAAAAAHQAAAAAQvQI\">Haga clic aqu\u00ed para acceder directamente al programa de afiliaci\u00f3n y empezar a utilizarlo.<\/a><\/link-block><\/response-element><\/b><\/p>\n<p>[\/et_pb_text][\/et_pb_column][\/et_pb_row][\/et_pb_section]<\/p>","protected":false},"excerpt":{"rendered":"<p>De Blauwdruk voor Webmasters voor Wereldwijde Monetisatie: 50+ Top Affiliate Platforms (VS, Europa, Japan, Korea) Voor webmasters, bloggers en digitale uitgevers is het volledig vertrouwen op display-advertenties (zoals AdSense) een strategie uit het verleden. De echte omzet ligt in high-performance Affiliate Marketing. De digitale economie is echter niet monolithisch. Om uw RPM (Inkomsten per duizend [&hellip;]<\/p>","protected":false},"author":1,"featured_media":0,"parent":0,"menu_order":0,"comment_status":"closed","ping_status":"closed","template":"","meta":{"_et_pb_use_builder":"on","_et_pb_old_content":"","_et_gb_content_width":"","footnotes":""},"class_list":["post-5569","page","type-page","status-publish","hentry"],"yoast_head":"<!-- This site is optimized with the Yoast SEO plugin v27.0 - https:\/\/yoast.com\/product\/yoast-seo-wordpress\/ -->\n<title>De Blauwdruk voor Webmasters voor Wereldwijde Monetisatie: 50+ Top Affiliate Platforms (VS, Europa, Japan, Korea) - LED Red Light Therapy Face Mask \u2013 FDA Cleared Skincare Device<\/title>\n<meta name=\"robots\" content=\"index, follow, max-snippet:-1, max-image-preview:large, max-video-preview:-1\" \/>\n<link rel=\"canonical\" href=\"https:\/\/colordiamonds.co.uk\/es\/de-blauwdruk-voor-webmasters-voor-wereldwijde-monetisatie-50-top-affiliate-platforms-vs-europa-japan-korea\/\" \/>\n<meta property=\"og:locale\" content=\"es_ES\" \/>\n<meta property=\"og:type\" content=\"article\" \/>\n<meta property=\"og:title\" content=\"De Blauwdruk voor Webmasters voor Wereldwijde Monetisatie: 50+ Top Affiliate Platforms (VS, Europa, Japan, Korea) - LED Red Light Therapy Face Mask \u2013 FDA Cleared Skincare Device\" \/>\n<meta property=\"og:description\" content=\"De Blauwdruk voor Webmasters voor Wereldwijde Monetisatie: 50+ Top Affiliate Platforms (VS, Europa, Japan, Korea) Voor webmasters, bloggers en digitale uitgevers is het volledig vertrouwen op display-advertenties (zoals AdSense) een strategie uit het verleden. De echte omzet ligt in high-performance Affiliate Marketing. De digitale economie is echter niet monolithisch. Om uw RPM (Inkomsten per duizend [&hellip;]\" \/>\n<meta property=\"og:url\" content=\"https:\/\/colordiamonds.co.uk\/es\/de-blauwdruk-voor-webmasters-voor-wereldwijde-monetisatie-50-top-affiliate-platforms-vs-europa-japan-korea\/\" \/>\n<meta property=\"og:site_name\" content=\"COLORDIAMONDS LED Red Light Therapy Face Mask\" \/>\n<meta property=\"article:modified_time\" content=\"2025-12-19T10:15:29+00:00\" \/>\n<meta name=\"twitter:card\" content=\"summary_large_image\" \/>\n<meta name=\"twitter:label1\" content=\"Tiempo de lectura\" \/>\n\t<meta name=\"twitter:data1\" content=\"5 minutos\" \/>\n<script type=\"application\/ld+json\" class=\"yoast-schema-graph\">{\"@context\":\"https:\/\/schema.org\",\"@graph\":[{\"@type\":\"WebPage\",\"@id\":\"https:\/\/colordiamonds.co.uk\/de-blauwdruk-voor-webmasters-voor-wereldwijde-monetisatie-50-top-affiliate-platforms-vs-europa-japan-korea\/\",\"url\":\"https:\/\/colordiamonds.co.uk\/de-blauwdruk-voor-webmasters-voor-wereldwijde-monetisatie-50-top-affiliate-platforms-vs-europa-japan-korea\/\",\"name\":\"De Blauwdruk voor Webmasters voor Wereldwijde Monetisatie: 50+ Top Affiliate Platforms (VS, Europa, Japan, Korea) - LED Red Light Therapy Face Mask \u2013 FDA Cleared Skincare Device\",\"isPartOf\":{\"@id\":\"https:\/\/colordiamonds.co.uk\/#website\"},\"datePublished\":\"2025-12-19T10:13:41+00:00\",\"dateModified\":\"2025-12-19T10:15:29+00:00\",\"breadcrumb\":{\"@id\":\"https:\/\/colordiamonds.co.uk\/de-blauwdruk-voor-webmasters-voor-wereldwijde-monetisatie-50-top-affiliate-platforms-vs-europa-japan-korea\/#breadcrumb\"},\"inLanguage\":\"es\",\"potentialAction\":[{\"@type\":\"ReadAction\",\"target\":[\"https:\/\/colordiamonds.co.uk\/de-blauwdruk-voor-webmasters-voor-wereldwijde-monetisatie-50-top-affiliate-platforms-vs-europa-japan-korea\/\"]}]},{\"@type\":\"BreadcrumbList\",\"@id\":\"https:\/\/colordiamonds.co.uk\/de-blauwdruk-voor-webmasters-voor-wereldwijde-monetisatie-50-top-affiliate-platforms-vs-europa-japan-korea\/#breadcrumb\",\"itemListElement\":[{\"@type\":\"ListItem\",\"position\":1,\"name\":\"Home\",\"item\":\"https:\/\/colordiamonds.co.uk\/\"},{\"@type\":\"ListItem\",\"position\":2,\"name\":\"De Blauwdruk voor Webmasters voor Wereldwijde Monetisatie: 50+ Top Affiliate Platforms (VS, Europa, Japan, Korea)\"}]},{\"@type\":\"WebSite\",\"@id\":\"https:\/\/colordiamonds.co.uk\/#website\",\"url\":\"https:\/\/colordiamonds.co.uk\/\",\"name\":\"COLORDIAMONDS LED Red Light Therapy Face Mask\",\"description\":\"LED Red Light Therapy Face Mask \u2013 FDA Cleared Skincare Device\",\"alternateName\":\"COLORDIAMONDS LED Red Light Therapy Face Mask\",\"potentialAction\":[{\"@type\":\"SearchAction\",\"target\":{\"@type\":\"EntryPoint\",\"urlTemplate\":\"https:\/\/colordiamonds.co.uk\/?s={search_term_string}\"},\"query-input\":{\"@type\":\"PropertyValueSpecification\",\"valueRequired\":true,\"valueName\":\"search_term_string\"}}],\"inLanguage\":\"es\"}]}<\/script>\n<!-- \/ Yoast SEO plugin. -->","yoast_head_json":{"title":"De Blauwdruk voor Webmasters voor Wereldwijde Monetisatie: 50+ Top Affiliate Platforms (VS, Europa, Japan, Korea) - LED Red Light Therapy Face Mask - FDA Cleared Skincare Device","robots":{"index":"index","follow":"follow","max-snippet":"max-snippet:-1","max-image-preview":"max-image-preview:large","max-video-preview":"max-video-preview:-1"},"canonical":"https:\/\/colordiamonds.co.uk\/es\/de-blauwdruk-voor-webmasters-voor-wereldwijde-monetisatie-50-top-affiliate-platforms-vs-europa-japan-korea\/","og_locale":"es_ES","og_type":"article","og_title":"De Blauwdruk voor Webmasters voor Wereldwijde Monetisatie: 50+ Top Affiliate Platforms (VS, Europa, Japan, Korea) - LED Red Light Therapy Face Mask \u2013 FDA Cleared Skincare Device","og_description":"De Blauwdruk voor Webmasters voor Wereldwijde Monetisatie: 50+ Top Affiliate Platforms (VS, Europa, Japan, Korea) Voor webmasters, bloggers en digitale uitgevers is het volledig vertrouwen op display-advertenties (zoals AdSense) een strategie uit het verleden. De echte omzet ligt in high-performance Affiliate Marketing. De digitale economie is echter niet monolithisch. Om uw RPM (Inkomsten per duizend [&hellip;]","og_url":"https:\/\/colordiamonds.co.uk\/es\/de-blauwdruk-voor-webmasters-voor-wereldwijde-monetisatie-50-top-affiliate-platforms-vs-europa-japan-korea\/","og_site_name":"COLORDIAMONDS LED Red Light Therapy Face Mask","article_modified_time":"2025-12-19T10:15:29+00:00","twitter_card":"summary_large_image","twitter_misc":{"Tiempo de lectura":"5 minutos"},"schema":{"@context":"https:\/\/schema.org","@graph":[{"@type":"WebPage","@id":"https:\/\/colordiamonds.co.uk\/de-blauwdruk-voor-webmasters-voor-wereldwijde-monetisatie-50-top-affiliate-platforms-vs-europa-japan-korea\/","url":"https:\/\/colordiamonds.co.uk\/de-blauwdruk-voor-webmasters-voor-wereldwijde-monetisatie-50-top-affiliate-platforms-vs-europa-japan-korea\/","name":"De Blauwdruk voor Webmasters voor Wereldwijde Monetisatie: 50+ Top Affiliate Platforms (VS, Europa, Japan, Korea) - LED Red Light Therapy Face Mask - FDA Cleared Skincare Device","isPartOf":{"@id":"https:\/\/colordiamonds.co.uk\/#website"},"datePublished":"2025-12-19T10:13:41+00:00","dateModified":"2025-12-19T10:15:29+00:00","breadcrumb":{"@id":"https:\/\/colordiamonds.co.uk\/de-blauwdruk-voor-webmasters-voor-wereldwijde-monetisatie-50-top-affiliate-platforms-vs-europa-japan-korea\/#breadcrumb"},"inLanguage":"es","potentialAction":[{"@type":"ReadAction","target":["https:\/\/colordiamonds.co.uk\/de-blauwdruk-voor-webmasters-voor-wereldwijde-monetisatie-50-top-affiliate-platforms-vs-europa-japan-korea\/"]}]},{"@type":"BreadcrumbList","@id":"https:\/\/colordiamonds.co.uk\/de-blauwdruk-voor-webmasters-voor-wereldwijde-monetisatie-50-top-affiliate-platforms-vs-europa-japan-korea\/#breadcrumb","itemListElement":[{"@type":"ListItem","position":1,"name":"Home","item":"https:\/\/colordiamonds.co.uk\/"},{"@type":"ListItem","position":2,"name":"De Blauwdruk voor Webmasters voor Wereldwijde Monetisatie: 50+ Top Affiliate Platforms (VS, Europa, Japan, Korea)"}]},{"@type":"WebSite","@id":"https:\/\/colordiamonds.co.uk\/#website","url":"https:\/\/colordiamonds.co.uk\/","name":"COLORDIAMONDS M\u00e1scara facial de terapia de luz roja LED","description":"LED Red Light Therapy Face Mask - Dispositivo de cuidado de la piel aprobado por la FDA","alternateName":"COLORDIAMONDS LED Red Light Therapy Face Mask","potentialAction":[{"@type":"SearchAction","target":{"@type":"EntryPoint","urlTemplate":"https:\/\/colordiamonds.co.uk\/?s={search_term_string}"},"query-input":{"@type":"PropertyValueSpecification","valueRequired":true,"valueName":"search_term_string"}}],"inLanguage":"es"}]}},"_hostinger_reach_plugin_has_subscription_block":false,"_hostinger_reach_plugin_is_elementor":false,"_links":{"self":[{"href":"https:\/\/colordiamonds.co.uk\/es\/wp-json\/wp\/v2\/pages\/5569","targetHints":{"allow":["GET"]}}],"collection":[{"href":"https:\/\/colordiamonds.co.uk\/es\/wp-json\/wp\/v2\/pages"}],"about":[{"href":"https:\/\/colordiamonds.co.uk\/es\/wp-json\/wp\/v2\/types\/page"}],"author":[{"embeddable":true,"href":"https:\/\/colordiamonds.co.uk\/es\/wp-json\/wp\/v2\/users\/1"}],"replies":[{"embeddable":true,"href":"https:\/\/colordiamonds.co.uk\/es\/wp-json\/wp\/v2\/comments?post=5569"}],"version-history":[{"count":3,"href":"https:\/\/colordiamonds.co.uk\/es\/wp-json\/wp\/v2\/pages\/5569\/revisions"}],"predecessor-version":[{"id":5572,"href":"https:\/\/colordiamonds.co.uk\/es\/wp-json\/wp\/v2\/pages\/5569\/revisions\/5572"}],"wp:attachment":[{"href":"https:\/\/colordiamonds.co.uk\/es\/wp-json\/wp\/v2\/media?parent=5569"}],"curies":[{"name":"wp","href":"https:\/\/api.w.org\/{rel}","templated":true}]}}