{"id":89,"date":"2025-12-01T15:23:14","date_gmt":"2025-12-01T15:23:14","guid":{"rendered":"https:\/\/colordiamonds.co.uk\/?page_id=89"},"modified":"2026-01-21T01:48:43","modified_gmt":"2026-01-21T01:48:43","slug":"returns-policy","status":"publish","type":"page","link":"https:\/\/colordiamonds.co.uk\/es\/returns-policy\/","title":{"rendered":"Pol\u00edtica de devoluciones"},"content":{"rendered":"<p>[et_pb_section fb_built=&#8221;1&#8243; fullwidth=&#8221;on&#8221; _builder_version=&#8221;4.23.1&#8243; _module_preset=&#8221;default&#8221; global_colors_info=&#8221;{}&#8221;][et_pb_fullwidth_code _builder_version=&#8221;4.23.1&#8243; _module_preset=&#8221;default&#8221; global_colors_info=&#8221;{}&#8221;]<!DOCTYPE html><!-- [et_pb_line_break_holder] --><html lang=\"en\"><!-- [et_pb_line_break_holder] --><head><!-- [et_pb_line_break_holder] -->    <meta charset=\"UTF-8\"><!-- [et_pb_line_break_holder] -->    <meta name=\"viewport\" content=\"width=device-width, initial-scale=1.0\"><!-- [et_pb_line_break_holder] -->    <title>Pol\u00edtica de devoluciones y reembolsos | COLORDIAMONDS<\/title><!-- [et_pb_line_break_holder] -->    <script src=\"https:\/\/cdn.tailwindcss.com\"><\/script><!-- [et_pb_line_break_holder] -->    <link href=\"https:\/\/fonts.googleapis.com\/css2?family=Inter:wght@300;400;600;700;900&#038;display=swap\" rel=\"stylesheet\"><!-- [et_pb_line_break_holder] -->    <\/p>\n<style><!-- [et_pb_line_break_holder] -->        :root {<!-- [et_pb_line_break_holder] -->            --primary: #9a4848;<!-- [et_pb_line_break_holder] -->            --text-main: #1f2937;<!-- [et_pb_line_break_holder] -->        }<!-- [et_pb_line_break_holder] -->        body { font-family: 'Inter', sans-serif; }<!-- [et_pb_line_break_holder] -->    <\/style>\n<p><!-- [et_pb_line_break_holder] --><\/head><!-- [et_pb_line_break_holder] --><body class=\"bg-white text-gray-800 antialiased\"><!-- [et_pb_line_break_holder] --><!-- [et_pb_line_break_holder] -->    <!-- Simple Brand Header --><!-- [et_pb_line_break_holder] -->    <\/p>\n<header class=\"border-b border-gray-100 py-6\"><!-- [et_pb_line_break_holder] -->        <\/p>\n<div class=\"max-w-4xl mx-auto px-4 text-center\"><!-- [et_pb_line_break_holder] -->            <a href=\"index.html\" class=\"text-2xl font-black text-gray-900 tracking-tighter hover:opacity-80 transition\"><!-- [et_pb_line_break_holder] -->                COLOR<span style=\"color: var(--primary);\">DIAMANTES<\/span><!-- [et_pb_line_break_holder] -->            <\/a><!-- [et_pb_line_break_holder] -->        <\/div>\n<p><!-- [et_pb_line_break_holder] -->    <\/header>\n<p><!-- [et_pb_line_break_holder] --><!-- [et_pb_line_break_holder] -->    <!-- Returns Policy Content --><!-- [et_pb_line_break_holder] -->    <main class=\"max-w-3xl mx-auto px-4 py-16\"><!-- [et_pb_line_break_holder] -->        <!-- [et_pb_line_break_holder] -->        <\/p>\n<h1 class=\"text-3xl font-bold text-gray-900 mb-8 text-center\">Refunds &#038; Returns Policy<\/h1>\n<p><!-- [et_pb_line_break_holder] --><!-- [et_pb_line_break_holder] -->        <\/p>\n<div class=\"prose prose-slate max-w-none text-gray-600 leading-relaxed space-y-8\"><!-- [et_pb_line_break_holder] -->            <!-- [et_pb_line_break_holder] -->            <!-- Section 1 --><!-- [et_pb_line_break_holder] -->            <\/p>\n<div><!-- [et_pb_line_break_holder] -->                <pee class=\"font-medium text-lg text-gray-900\">Garant\u00eda de devoluci\u00f3n del dinero en 30 d\u00edas<\/pee><!-- [et_pb_line_break_holder] -->                <pee class=\"mt-2\"><!-- [et_pb_line_break_holder] -->                    We want you to love your Colordiamonds LED Mask. That&#8217;s why we offer a <strong>30 d\u00edas de prueba sin riesgo<\/strong>. Si no est\u00e1 completamente satisfecho con los resultados, puede devolver el aparato en un plazo de 30 d\u00edas a partir de la recepci\u00f3n del pedido y obtener el reembolso \u00edntegro del precio del producto.<!-- [et_pb_line_break_holder] -->                <\/pee><!-- [et_pb_line_break_holder] -->            <\/div>\n<p><!-- [et_pb_line_break_holder] --><!-- [et_pb_line_break_holder] -->            <!-- Section 2 --><!-- [et_pb_line_break_holder] -->            <\/p>\n<div><!-- [et_pb_line_break_holder] -->                <pee class=\"font-medium text-lg text-gray-900\">Requisitos para las devoluciones<\/pee><!-- [et_pb_line_break_holder] -->                <pee class=\"mt-2\">Para poder realizar una devoluci\u00f3n, el art\u00edculo debe cumplir los siguientes criterios:<\/pee><!-- [et_pb_line_break_holder] -->                <\/p>\n<ul class=\"list-disc pl-5 mt-2 space-y-1\"><!-- [et_pb_line_break_holder] -->                    <\/p>\n<li>La solicitud de devoluci\u00f3n se inicia en un plazo de 30 d\u00edas a partir de la entrega.<\/li>\n<p><!-- [et_pb_line_break_holder] -->                    <\/p>\n<li>El art\u00edculo est\u00e1 en su embalaje original, incluidos todos los accesorios (mando, cables, protecci\u00f3n ocular, caja).<\/li>\n<p><!-- [et_pb_line_break_holder] -->                    <\/p>\n<li>El art\u00edculo no est\u00e1 da\u00f1ado f\u00edsicamente por un uso indebido o un accidente.<\/li>\n<p><!-- [et_pb_line_break_holder] -->                    <\/p>\n<li>Dispone de una prueba de compra v\u00e1lida (n\u00famero de pedido).<\/li>\n<p><!-- [et_pb_line_break_holder] -->                <\/ul>\n<p><!-- [et_pb_line_break_holder] -->            <\/div>\n<p><!-- [et_pb_line_break_holder] --><!-- [et_pb_line_break_holder] -->            <!-- Section 3 --><!-- [et_pb_line_break_holder] -->            <\/p>\n<div><!-- [et_pb_line_break_holder] -->                <pee class=\"font-medium text-lg text-gray-900\">C\u00f3mo iniciar una devoluci\u00f3n<\/pee><!-- [et_pb_line_break_holder] -->                <pee class=\"mt-2\"><!-- [et_pb_line_break_holder] -->                    Para iniciar una devoluci\u00f3n, p\u00f3ngase en contacto con nuestro equipo de asistencia en <strong class=\"text-gray-800\">info@colordiamonds.co.uk<\/strong> con su n\u00famero de pedido y el motivo de la devoluci\u00f3n. Nuestro equipo revisar\u00e1 su solicitud y le proporcionar\u00e1 un n\u00famero de autorizaci\u00f3n de devoluci\u00f3n (RA) y la direcci\u00f3n de env\u00edo de devoluci\u00f3n m\u00e1s cercana.<!-- [et_pb_line_break_holder] -->                    <!\u2013- [et_pb_br_holder] -\u2013><!\u2013- [et_pb_br_holder] -\u2013><!-- [et_pb_line_break_holder] -->                    <em>No env\u00ede art\u00edculos de vuelta sin antes ponerse en contacto con nosotros, ya que es posible que no se procesen correctamente.<\/em><!-- [et_pb_line_break_holder] -->                <\/pee><!-- [et_pb_line_break_holder] -->            <\/div>\n<p><!-- [et_pb_line_break_holder] --><!-- [et_pb_line_break_holder] -->            <!-- Section 4 --><!-- [et_pb_line_break_holder] -->            <\/p>\n<div><!-- [et_pb_line_break_holder] -->                <pee class=\"font-medium text-lg text-gray-900\">Proceso de reembolso<\/pee><!-- [et_pb_line_break_holder] -->                <pee class=\"mt-2\"><!-- [et_pb_line_break_holder] -->                    Una vez recibida e inspeccionada su devoluci\u00f3n en nuestro almac\u00e9n, le enviaremos un correo electr\u00f3nico para notificarle que hemos recibido su art\u00edculo devuelto. Tambi\u00e9n le notificaremos la aprobaci\u00f3n o el rechazo de su devoluci\u00f3n.<!-- [et_pb_line_break_holder] -->                    <!\u2013- [et_pb_br_holder] -\u2013><!\u2013- [et_pb_br_holder] -\u2013><!-- [et_pb_line_break_holder] -->                    Si se aprueba, se procesar\u00e1 el reembolso y se aplicar\u00e1 autom\u00e1ticamente un cr\u00e9dito a su m\u00e9todo de pago original en el plazo de un mes. <strong>5-10 d\u00edas laborables<\/strong>.<!-- [et_pb_line_break_holder] -->                <\/pee><!-- [et_pb_line_break_holder] -->            <\/div>\n<p><!-- [et_pb_line_break_holder] --><!-- [et_pb_line_break_holder] -->            <!-- Section 5 --><!-- [et_pb_line_break_holder] -->            <\/p>\n<div><!-- [et_pb_line_break_holder] -->                <pee class=\"font-medium text-lg text-gray-900\">Art\u00edculos da\u00f1ados o defectuosos<\/pee><!-- [et_pb_line_break_holder] -->                <pee class=\"mt-2\"><!-- [et_pb_line_break_holder] -->                    Si ha recibido un producto defectuoso o da\u00f1ado, p\u00f3ngase en contacto con nosotros inmediatamente (en las 48 horas siguientes a la entrega) en <strong>info@colordiamonds.co.uk<\/strong> con fotos o un v\u00eddeo del problema. Nos encargaremos de enviarte un repuesto gratuito lo antes posible.<!-- [et_pb_line_break_holder] -->                    <!\u2013- [et_pb_br_holder] -\u2013><!\u2013- [et_pb_br_holder] -\u2013><!-- [et_pb_line_break_holder] -->                    Adem\u00e1s, nuestros productos <strong>1 a\u00f1o de garant\u00eda<\/strong> que cubren los defectos de fabricaci\u00f3n.<!-- [et_pb_line_break_holder] -->                <\/pee><!-- [et_pb_line_break_holder] -->            <\/div>\n<p><!-- [et_pb_line_break_holder] --><!-- [et_pb_line_break_holder] -->            <!-- Section 6 --><!-- [et_pb_line_break_holder] -->            <\/p>\n<div><!-- [et_pb_line_break_holder] -->                <pee class=\"font-medium text-lg text-gray-900\">Gastos de devoluci\u00f3n<\/pee><!-- [et_pb_line_break_holder] -->                <pee class=\"mt-2\"><!-- [et_pb_line_break_holder] -->                    En el caso de devoluciones voluntarias (por ejemplo, cambio de opini\u00f3n), el cliente es responsable de pagar los gastos de env\u00edo de la devoluci\u00f3n. Los gastos de env\u00edo no son reembolsables. Recomendamos encarecidamente utilizar un servicio de env\u00edo con seguimiento, ya que no podemos garantizar que recibamos el art\u00edculo devuelto.<!-- [et_pb_line_break_holder] -->                    <!\u2013- [et_pb_br_holder] -\u2013><!\u2013- [et_pb_br_holder] -\u2013><!-- [et_pb_line_break_holder] -->                    Si la devoluci\u00f3n se debe a un error nuestro (env\u00edo de un art\u00edculo equivocado, producto defectuoso), correremos con los gastos de env\u00edo de la devoluci\u00f3n.<!-- [et_pb_line_break_holder] -->                <\/pee><!-- [et_pb_line_break_holder] -->            <\/div>\n<p><!-- [et_pb_line_break_holder] --><!-- [et_pb_line_break_holder] -->        <\/div>\n<p><!-- [et_pb_line_break_holder] -->    <\/main><!-- [et_pb_line_break_holder] --><!-- [et_pb_line_break_holder] -->    <!-- Simple Footer --><!-- [et_pb_line_break_holder] -->    <\/p>\n<footer class=\"border-t border-gray-100 py-8 mt-8\"><!-- [et_pb_line_break_holder] -->        <\/p>\n<div class=\"max-w-4xl mx-auto px-4 text-center text-sm text-gray-400\"><!-- [et_pb_line_break_holder] -->            2025 COLORDIAMONDS.<!-- [et_pb_line_break_holder] -->        <\/div>\n<p><!-- [et_pb_line_break_holder] -->    <\/footer>\n<p><!-- [et_pb_line_break_holder] --><!-- [et_pb_line_break_holder] --><\/body><!-- [et_pb_line_break_holder] --><\/html>[\/et_pb_fullwidth_code][\/et_pb_section]<\/p>","protected":false},"excerpt":{"rendered":"","protected":false},"author":1,"featured_media":0,"parent":0,"menu_order":0,"comment_status":"closed","ping_status":"closed","template":"","meta":{"_et_pb_use_builder":"on","_et_pb_old_content":"<!-- wp:divi\/placeholder \/-->","_et_gb_content_width":"","footnotes":""},"class_list":["post-89","page","type-page","status-publish","hentry"],"yoast_head":"<!-- This site is optimized with the Yoast SEO plugin v27.0 - https:\/\/yoast.com\/product\/yoast-seo-wordpress\/ -->\n<title>Returns Policy - LED Red Light Therapy Face Mask \u2013 FDA Cleared Skincare Device<\/title>\n<meta name=\"robots\" content=\"index, follow, max-snippet:-1, max-image-preview:large, max-video-preview:-1\" \/>\n<link rel=\"canonical\" href=\"https:\/\/colordiamonds.co.uk\/es\/returns-policy\/\" \/>\n<meta property=\"og:locale\" content=\"es_ES\" \/>\n<meta property=\"og:type\" content=\"article\" \/>\n<meta property=\"og:title\" content=\"Returns Policy - LED Red Light Therapy Face Mask \u2013 FDA Cleared Skincare Device\" \/>\n<meta property=\"og:url\" content=\"https:\/\/colordiamonds.co.uk\/es\/returns-policy\/\" \/>\n<meta property=\"og:site_name\" content=\"COLORDIAMONDS LED Red Light Therapy Face Mask\" \/>\n<meta property=\"article:modified_time\" content=\"2026-01-21T01:48:43+00:00\" \/>\n<meta name=\"twitter:card\" content=\"summary_large_image\" \/>\n<meta name=\"twitter:label1\" content=\"Tiempo de lectura\" \/>\n\t<meta name=\"twitter:data1\" content=\"2 minutos\" \/>\n<script type=\"application\/ld+json\" class=\"yoast-schema-graph\">{\"@context\":\"https:\/\/schema.org\",\"@graph\":[{\"@type\":\"WebPage\",\"@id\":\"https:\/\/colordiamonds.co.uk\/returns-policy\/\",\"url\":\"https:\/\/colordiamonds.co.uk\/returns-policy\/\",\"name\":\"Returns Policy - LED Red Light Therapy Face Mask \u2013 FDA Cleared Skincare Device\",\"isPartOf\":{\"@id\":\"https:\/\/colordiamonds.co.uk\/#website\"},\"datePublished\":\"2025-12-01T15:23:14+00:00\",\"dateModified\":\"2026-01-21T01:48:43+00:00\",\"breadcrumb\":{\"@id\":\"https:\/\/colordiamonds.co.uk\/returns-policy\/#breadcrumb\"},\"inLanguage\":\"es\",\"potentialAction\":[{\"@type\":\"ReadAction\",\"target\":[\"https:\/\/colordiamonds.co.uk\/returns-policy\/\"]}]},{\"@type\":\"BreadcrumbList\",\"@id\":\"https:\/\/colordiamonds.co.uk\/returns-policy\/#breadcrumb\",\"itemListElement\":[{\"@type\":\"ListItem\",\"position\":1,\"name\":\"Home\",\"item\":\"https:\/\/colordiamonds.co.uk\/\"},{\"@type\":\"ListItem\",\"position\":2,\"name\":\"Returns Policy\"}]},{\"@type\":\"WebSite\",\"@id\":\"https:\/\/colordiamonds.co.uk\/#website\",\"url\":\"https:\/\/colordiamonds.co.uk\/\",\"name\":\"COLORDIAMONDS LED Red Light Therapy Face Mask\",\"description\":\"LED Red Light Therapy Face Mask \u2013 FDA Cleared Skincare Device\",\"alternateName\":\"COLORDIAMONDS LED Red Light Therapy Face Mask\",\"potentialAction\":[{\"@type\":\"SearchAction\",\"target\":{\"@type\":\"EntryPoint\",\"urlTemplate\":\"https:\/\/colordiamonds.co.uk\/?s={search_term_string}\"},\"query-input\":{\"@type\":\"PropertyValueSpecification\",\"valueRequired\":true,\"valueName\":\"search_term_string\"}}],\"inLanguage\":\"es\"}]}<\/script>\n<!-- \/ Yoast SEO plugin. -->","yoast_head_json":{"title":"Pol\u00edtica de devoluciones - LED Red Light Therapy Face Mask - FDA Cleared Skincare Devoluciones","robots":{"index":"index","follow":"follow","max-snippet":"max-snippet:-1","max-image-preview":"max-image-preview:large","max-video-preview":"max-video-preview:-1"},"canonical":"https:\/\/colordiamonds.co.uk\/es\/returns-policy\/","og_locale":"es_ES","og_type":"article","og_title":"Returns Policy - LED Red Light Therapy Face Mask \u2013 FDA Cleared Skincare Device","og_url":"https:\/\/colordiamonds.co.uk\/es\/returns-policy\/","og_site_name":"COLORDIAMONDS LED Red Light Therapy Face Mask","article_modified_time":"2026-01-21T01:48:43+00:00","twitter_card":"summary_large_image","twitter_misc":{"Tiempo de lectura":"2 minutos"},"schema":{"@context":"https:\/\/schema.org","@graph":[{"@type":"WebPage","@id":"https:\/\/colordiamonds.co.uk\/returns-policy\/","url":"https:\/\/colordiamonds.co.uk\/returns-policy\/","name":"Pol\u00edtica de devoluciones - LED Red Light Therapy Face Mask - FDA Cleared Skincare Devoluciones","isPartOf":{"@id":"https:\/\/colordiamonds.co.uk\/#website"},"datePublished":"2025-12-01T15:23:14+00:00","dateModified":"2026-01-21T01:48:43+00:00","breadcrumb":{"@id":"https:\/\/colordiamonds.co.uk\/returns-policy\/#breadcrumb"},"inLanguage":"es","potentialAction":[{"@type":"ReadAction","target":["https:\/\/colordiamonds.co.uk\/returns-policy\/"]}]},{"@type":"BreadcrumbList","@id":"https:\/\/colordiamonds.co.uk\/returns-policy\/#breadcrumb","itemListElement":[{"@type":"ListItem","position":1,"name":"Home","item":"https:\/\/colordiamonds.co.uk\/"},{"@type":"ListItem","position":2,"name":"Returns Policy"}]},{"@type":"WebSite","@id":"https:\/\/colordiamonds.co.uk\/#website","url":"https:\/\/colordiamonds.co.uk\/","name":"COLORDIAMONDS M\u00e1scara facial de terapia de luz roja LED","description":"LED Red Light Therapy Face Mask - Dispositivo de cuidado de la piel aprobado por la FDA","alternateName":"COLORDIAMONDS LED Red Light Therapy Face Mask","potentialAction":[{"@type":"SearchAction","target":{"@type":"EntryPoint","urlTemplate":"https:\/\/colordiamonds.co.uk\/?s={search_term_string}"},"query-input":{"@type":"PropertyValueSpecification","valueRequired":true,"valueName":"search_term_string"}}],"inLanguage":"es"}]}},"_hostinger_reach_plugin_has_subscription_block":false,"_hostinger_reach_plugin_is_elementor":false,"_links":{"self":[{"href":"https:\/\/colordiamonds.co.uk\/es\/wp-json\/wp\/v2\/pages\/89","targetHints":{"allow":["GET"]}}],"collection":[{"href":"https:\/\/colordiamonds.co.uk\/es\/wp-json\/wp\/v2\/pages"}],"about":[{"href":"https:\/\/colordiamonds.co.uk\/es\/wp-json\/wp\/v2\/types\/page"}],"author":[{"embeddable":true,"href":"https:\/\/colordiamonds.co.uk\/es\/wp-json\/wp\/v2\/users\/1"}],"replies":[{"embeddable":true,"href":"https:\/\/colordiamonds.co.uk\/es\/wp-json\/wp\/v2\/comments?post=89"}],"version-history":[{"count":4,"href":"https:\/\/colordiamonds.co.uk\/es\/wp-json\/wp\/v2\/pages\/89\/revisions"}],"predecessor-version":[{"id":5933,"href":"https:\/\/colordiamonds.co.uk\/es\/wp-json\/wp\/v2\/pages\/89\/revisions\/5933"}],"wp:attachment":[{"href":"https:\/\/colordiamonds.co.uk\/es\/wp-json\/wp\/v2\/media?parent=89"}],"curies":[{"name":"wp","href":"https:\/\/api.w.org\/{rel}","templated":true}]}}